{"id":5521,"date":"2023-12-05T09:25:12","date_gmt":"2023-12-05T09:25:12","guid":{"rendered":"https:\/\/internationalbluecross.org\/rapports-annuels-et-rapports-financiers\/"},"modified":"2026-05-13T09:34:21","modified_gmt":"2026-05-13T09:34:21","slug":"rapports-annuels-et-rapports-financiers","status":"publish","type":"page","link":"https:\/\/internationalbluecross.org\/fr\/rapports-annuels-et-rapports-financiers\/","title":{"rendered":"Rapports annuels et rapports financiers"},"content":{"rendered":"<p>[et_pb_section fb_built=\u00a0\u00bb1&Prime; module_class=\u00a0\u00bbsection_reports\u00a0\u00bb _builder_version=\u00a0\u00bb4.16&Prime; _module_preset=\u00a0\u00bbdefault\u00a0\u00bb global_colors_info=\u00a0\u00bb{}\u00a0\u00bb][et_pb_row _builder_version=\u00a0\u00bb4.16&Prime; _module_preset=\u00a0\u00bbdefault\u00a0\u00bb global_colors_info=\u00a0\u00bb{}\u00a0\u00bb][et_pb_column type=\u00a0\u00bb4_4&Prime; _builder_version=\u00a0\u00bb4.16&Prime; _module_preset=\u00a0\u00bbdefault\u00a0\u00bb global_colors_info=\u00a0\u00bb{}\u00a0\u00bb][et_pb_post_title meta=\u00a0\u00bboff\u00a0\u00bb featured_image=\u00a0\u00bboff\u00a0\u00bb _builder_version=\u00a0\u00bb4.16&Prime; _module_preset=\u00a0\u00bbdefault\u00a0\u00bb title_font=\u00a0\u00bb|700|on||||||\u00a0\u00bb title_font_size=\u00a0\u00bb30px\u00a0\u00bb custom_margin=\u00a0\u00bb||10px||false|false\u00a0\u00bb global_colors_info=\u00a0\u00bb{}\u00a0\u00bb][\/et_pb_post_title][et_pb_text _builder_version=\u00a0\u00bb4.16&Prime; _module_preset=\u00a0\u00bbdefault\u00a0\u00bb header_3_font=\u00a0\u00bb|600|||||||\u00a0\u00bb header_3_line_height=\u00a0\u00bb1.4em\u00a0\u00bb header_4_font=\u00a0\u00bb|600|||||||\u00a0\u00bb global_colors_info=\u00a0\u00bb{}\u00a0\u00bb]<\/p>\n<p>Vous trouverez ici nos rapports annuels ainsi que les \u00e9tats financiers correspondants. Pour toutes questions ou int\u00e9r\u00eats sp\u00e9cifiques, n&rsquo;h\u00e9sitez pas \u00e0 nous contacter !<br \/><a href=\"mailto:office@internationalbluecross.org\">office@internationalbluecross.org<\/a><\/p>\n<p>[\/et_pb_text][\/et_pb_column][\/et_pb_row][et_pb_row column_structure=\u00a0\u00bb1_2,1_2&Prime; disabled_on=\u00a0\u00bboff|off|off\u00a0\u00bb _builder_version=\u00a0\u00bb4.23.1&Prime; _module_preset=\u00a0\u00bbdefault\u00a0\u00bb global_colors_info=\u00a0\u00bb{}\u00a0\u00bb][et_pb_column type=\u00a0\u00bb1_2&Prime; _builder_version=\u00a0\u00bb4.23.1&Prime; _module_preset=\u00a0\u00bbdefault\u00a0\u00bb global_colors_info=\u00a0\u00bb{}\u00a0\u00bb][et_pb_text module_class=\u00a0\u00bbpdflists\u00a0\u00bb _builder_version=\u00a0\u00bb4.27.4&Prime; _module_preset=\u00a0\u00bbdefault\u00a0\u00bb text_font=\u00a0\u00bb||||||||\u00a0\u00bb ul_font=\u00a0\u00bb||on||||||\u00a0\u00bb ul_font_size=\u00a0\u00bb18px\u00a0\u00bb ul_line_height=\u00a0\u00bb1.8em\u00a0\u00bb header_3_line_height=\u00a0\u00bb1.5em\u00a0\u00bb global_colors_info=\u00a0\u00bb{}\u00a0\u00bb]<\/p>\n<h3> Rapports annuels<\/h3>\n<ul>\n<li><a href=\"https:\/\/internationalbluecross.org\/wp-content\/uploads\/2025\/06\/Rapport_annuel_2024.pdf\" target=\"_blank\" rel=\"noopener\">Rapport annuel 2024 (786 KB)<\/a><\/li>\n<li><a href=\"https:\/\/internationalbluecross.org\/wp-content\/uploads\/2024\/05\/Rapport_annuel_2023.pdf\" target=\"_blank\" rel=\"noopener\">Rapport annuel 2023 (937 KB)<\/a><\/li>\n<li><a href=\"https:\/\/internationalbluecross.org\/wp-content\/uploads\/2023\/12\/Rapport_annuel_2022.pdf\" target=\"_blank\" rel=\"noopener\">Rapport annuel 2022 (945 KB)<\/a><\/li>\n<li><a href=\"https:\/\/internationalbluecross.org\/wp-content\/uploads\/2023\/12\/Rapport_annuel_2021.pdf\" target=\"_blank\" rel=\"noopener\">Rapport annuel 2021 (952 KB)<\/a><\/li>\n<li><a href=\"https:\/\/internationalbluecross.org\/wp-content\/uploads\/2023\/12\/Rapport_annuel_2020.pdf\" target=\"_blank\" rel=\"noopener\">Rapport annuel 2020 (794 KB)<\/a><\/li>\n<li><a href=\"https:\/\/internationalbluecross.org\/wp-content\/uploads\/2023\/12\/Rapport_annuel_2019.pdf\" target=\"_blank\" rel=\"noopener\">Rapport annuel 2019 (820 KB)<\/a><\/li>\n<li><a href=\"https:\/\/internationalbluecross.org\/wp-content\/uploads\/2023\/12\/Rapport_annuel_2018.pdf\" target=\"_blank\" rel=\"noopener\">Rapport annuel 2018 (846 KB)<\/a><\/li>\n<li><a href=\"https:\/\/internationalbluecross.org\/wp-content\/uploads\/2023\/12\/Rapport_annuel_2017.pdf\" target=\"_blank\" rel=\"noopener\">Rapport annuel 2017 (681 KB)<\/a><\/li>\n<li><a href=\"https:\/\/internationalbluecross.org\/wp-content\/uploads\/2023\/12\/Rapport_annuel_2016.pdf\" target=\"_blank\" rel=\"noopener\">Rapport annuel 2016 (2.7 MB)<\/a><\/li>\n<li><a href=\"https:\/\/internationalbluecross.org\/wp-content\/uploads\/2023\/12\/Rapport_annuel_2015.pdf\" target=\"_blank\" rel=\"noopener\">Rapport annnuel 2015 (2.6 MB)<\/a><\/li>\n<li><a href=\"https:\/\/internationalbluecross.org\/wp-content\/uploads\/2023\/12\/Rapport_annuel_2014.pdf\" target=\"_blank\" rel=\"noopener\">Rapport annuel 2014 (2.1 MB)<\/a><\/li>\n<li><a href=\"https:\/\/internationalbluecross.org\/wp-content\/uploads\/2023\/12\/Rapport_annuel_2013.pdf\" target=\"_blank\" rel=\"noopener\">Rapport annuel 2013 (3 MB)<\/a><\/li>\n<li><a href=\"https:\/\/internationalbluecross.org\/wp-content\/uploads\/2023\/12\/Rapport_annuel_2012.pdf\" target=\"_blank\" rel=\"noopener\">Rapport annuel 2012 (3.2 MB)<\/a><\/li>\n<li><a href=\"https:\/\/internationalbluecross.org\/wp-content\/uploads\/2023\/12\/Rapport_annuel_2011.pdf\" target=\"_blank\" rel=\"noopener\">Rapport annuel 2011 (4.5 MB)<\/a><\/li>\n<\/ul>\n<p>&nbsp;<\/p>\n<p>[\/et_pb_text][\/et_pb_column][et_pb_column type=\u00a0\u00bb1_2&Prime; _builder_version=\u00a0\u00bb4.23.1&Prime; _module_preset=\u00a0\u00bbdefault\u00a0\u00bb global_colors_info=\u00a0\u00bb{}\u00a0\u00bb][et_pb_text module_class=\u00a0\u00bbpdflists\u00a0\u00bb _builder_version=\u00a0\u00bb4.27.6&Prime; _module_preset=\u00a0\u00bbdefault\u00a0\u00bb ul_font=\u00a0\u00bb||on||||||\u00a0\u00bb ul_font_size=\u00a0\u00bb18px\u00a0\u00bb ul_line_height=\u00a0\u00bb1.8em\u00a0\u00bb header_3_line_height=\u00a0\u00bb1.5em\u00a0\u00bb hover_enabled=\u00a0\u00bb0&Prime; global_colors_info=\u00a0\u00bb{}\u00a0\u00bb sticky_enabled=\u00a0\u00bb0&Prime;]<\/p>\n<h3>\u00c9tats financiers v\u00e9rifi\u00e9s<\/h3>\n<ul>\n<li><a href=\"https:\/\/internationalbluecross.org\/wp-content\/uploads\/2026\/05\/20260427-International-Blue-Cross-RSTB-2025-EN-sig-sig.pdf\">\u00c9tats financiers v\u00e9rifi\u00e9s 2025 (1.6 MB)<\/a><\/li>\n<li><a href=\"https:\/\/internationalbluecross.org\/wp-content\/uploads\/2025\/05\/AuditedFinancialStatement2024EN.pdf\" target=\"_blank\" rel=\"noopener\">\u00c9tats financiers v\u00e9rifi\u00e9s 2024 (1.0 MB)<\/a><\/li>\n<li><a href=\"https:\/\/internationalbluecross.org\/wp-content\/uploads\/2024\/05\/AuditedFinancialStatement2023EN.pdf\" target=\"_blank\" rel=\"noopener\">\u00c9tats financiers v\u00e9rifi\u00e9s 2023 (2.0 MB)<\/a><\/li>\n<li><a href=\"https:\/\/internationalbluecross.org\/wp-content\/uploads\/2023\/05\/20220501-International-Blue-Cross-RSTB-2022-EN-sig-sig.pdf\" rel=\"attachment wp-att-2960\">\u00c9tats financiers v\u00e9rifi\u00e9s 2022 (979 KB)<\/a><\/li>\n<li><a href=\"https:\/\/internationalbluecross.org\/wp-content\/uploads\/2022\/07\/20220505-International-Blue-Cross-RSTB-2021-EN-sig-sig.pdf\" target=\"_blank\" rel=\"attachment wp-att-919 noopener\">\u00c9tats financiers v\u00e9rifi\u00e9s 2021 (867 KB)<\/a><\/li>\n<li><a href=\"https:\/\/internationalbluecross.org\/wp-content\/uploads\/2022\/02\/AuditedFinancialStatements2020.pdf\" target=\"_blank\" rel=\"noopener\">\u00c9tats financiers v\u00e9rifi\u00e9s 2020 (1.0 MB)<\/a><\/li>\n<li><a href=\"https:\/\/internationalbluecross.org\/wp-content\/uploads\/2022\/02\/20200514InternationalBlueCross-RSTB2019EN-sig-sig.pdf\" target=\"_blank\" rel=\"noopener\">\u00c9tats financiers v\u00e9rifi\u00e9s 2019 (703KB)<\/a><\/li>\n<li><a href=\"https:\/\/internationalbluecross.org\/wp-content\/uploads\/2022\/02\/AuditReport2018.pdf\" target=\"_blank\" rel=\"noopener\">\u00c9tats financiers v\u00e9rifi\u00e9s 2018 (3.5 MB)<\/a><\/li>\n<li><a href=\"https:\/\/internationalbluecross.org\/wp-content\/uploads\/2022\/02\/AuditedFinancialStatements2017EN.pdf\" target=\"_blank\" rel=\"noopener\">\u00c9tats financiers v\u00e9rifi\u00e9s 2017 (3.3 MB)<\/a><\/li>\n<li><a href=\"https:\/\/internationalbluecross.org\/wp-content\/uploads\/2022\/02\/AuditedFinancialStatements2016EN.pdf\" target=\"_blank\" rel=\"noopener\">\u00c9tats financiers v\u00e9rifi\u00e9s 2016 (2.4 MB)<\/a><\/li>\n<li><a href=\"https:\/\/internationalbluecross.org\/wp-content\/uploads\/2022\/02\/AuditedFinancialStatements2015EN.pdf\" target=\"_blank\" rel=\"noopener\">\u00c9tats financiers v\u00e9rifi\u00e9s 2015 (295KB)<\/a><\/li>\n<li><a href=\"https:\/\/internationalbluecross.org\/wp-content\/uploads\/2022\/02\/AuditedFinancialStatements2014EN.pdf\" target=\"_blank\" rel=\"noopener\">\u00c9tats financiers v\u00e9rifi\u00e9s 2014 (1.1 MB)<\/a><\/li>\n<li><a href=\"https:\/\/internationalbluecross.org\/wp-content\/uploads\/2022\/02\/AuditedFinancialStatements2013EN.pdf\" target=\"_blank\" rel=\"noopener\">\u00c9tats financiers v\u00e9rifi\u00e9s 2013 (1.8 MB)<\/a><\/li>\n<li><a href=\"https:\/\/internationalbluecross.org\/wp-content\/uploads\/2022\/02\/AuditedFinancialStatements2012EN.pdf\" target=\"_blank\" rel=\"noopener\">\u00c9tats financiers v\u00e9rifi\u00e9s 2012 (1.8 MB)<\/a><\/li>\n<li><a href=\"https:\/\/internationalbluecross.org\/wp-content\/uploads\/2022\/02\/AuditedFinancialStatements2011EN.pdf\" target=\"_blank\" rel=\"noopener\">\u00c9tats financiers v\u00e9rifi\u00e9s 2011 (1.7 MB)<\/a><\/li>\n<\/ul>\n<p>[\/et_pb_text][\/et_pb_column][\/et_pb_row][\/et_pb_section]<\/p>\n","protected":false},"excerpt":{"rendered":"<p>Vous trouverez ici nos rapports annuels ainsi que les \u00e9tats financiers correspondants. Pour toutes questions ou int\u00e9r\u00eats sp\u00e9cifiques, n&rsquo;h\u00e9sitez pas \u00e0 nous contacter !office@internationalbluecross.org Rapports annuels Rapport annuel 2024 (786 KB) Rapport annuel 2023 (937 KB) Rapport annuel 2022 (945 KB) Rapport annuel 2021 (952 KB) Rapport annuel 2020 (794 KB) Rapport annuel 2019 (820 [&hellip;]<\/p>\n","protected":false},"author":2,"featured_media":0,"parent":0,"menu_order":0,"comment_status":"closed","ping_status":"closed","template":"","meta":{"give_campaign_id":0,"_et_pb_use_builder":"on","_et_pb_old_content":"","_et_gb_content_width":"","footnotes":""},"class_list":["post-5521","page","type-page","status-publish","hentry"],"yoast_head":"<!-- This site is optimized with the Yoast SEO plugin v27.6 - https:\/\/yoast.com\/product\/yoast-seo-wordpress\/ -->\n<title>Rapports annuels et rapports financiers - International Blue Cross<\/title>\n<meta name=\"robots\" content=\"index, follow, max-snippet:-1, max-image-preview:large, max-video-preview:-1\" \/>\n<link rel=\"canonical\" href=\"https:\/\/internationalbluecross.org\/fr\/rapports-annuels-et-rapports-financiers\/\" \/>\n<meta property=\"og:locale\" content=\"fr_FR\" \/>\n<meta property=\"og:type\" content=\"article\" \/>\n<meta property=\"og:title\" content=\"Rapports annuels et rapports financiers - International Blue Cross\" \/>\n<meta property=\"og:description\" content=\"Vous trouverez ici nos rapports annuels ainsi que les \u00e9tats financiers correspondants. Pour toutes questions ou int\u00e9r\u00eats sp\u00e9cifiques, n&#039;h\u00e9sitez pas \u00e0 nous contacter !office@internationalbluecross.org Rapports annuels Rapport annuel 2024 (786 KB) Rapport annuel 2023 (937 KB) Rapport annuel 2022 (945 KB) Rapport annuel 2021 (952 KB) Rapport annuel 2020 (794 KB) Rapport annuel 2019 (820 [&hellip;]\" \/>\n<meta property=\"og:url\" content=\"https:\/\/internationalbluecross.org\/fr\/rapports-annuels-et-rapports-financiers\/\" \/>\n<meta property=\"og:site_name\" content=\"International Blue Cross\" \/>\n<meta property=\"article:publisher\" content=\"https:\/\/www.facebook.com\/InternationalBlueCross\" \/>\n<meta property=\"article:modified_time\" content=\"2026-05-13T09:34:21+00:00\" \/>\n<meta name=\"twitter:card\" content=\"summary_large_image\" \/>\n<meta name=\"twitter:site\" content=\"@BlueCrossTweets\" \/>\n<meta name=\"twitter:label1\" content=\"Dur\u00e9e de lecture estim\u00e9e\" \/>\n\t<meta name=\"twitter:data1\" content=\"2 minutes\" \/>\n<script type=\"application\/ld+json\" class=\"yoast-schema-graph\">{\"@context\":\"https:\\\/\\\/schema.org\",\"@graph\":[{\"@type\":\"WebPage\",\"@id\":\"https:\\\/\\\/internationalbluecross.org\\\/fr\\\/rapports-annuels-et-rapports-financiers\\\/\",\"url\":\"https:\\\/\\\/internationalbluecross.org\\\/fr\\\/rapports-annuels-et-rapports-financiers\\\/\",\"name\":\"Rapports annuels et rapports financiers - International Blue Cross\",\"isPartOf\":{\"@id\":\"https:\\\/\\\/internationalbluecross.org\\\/fr\\\/#website\"},\"datePublished\":\"2023-12-05T09:25:12+00:00\",\"dateModified\":\"2026-05-13T09:34:21+00:00\",\"breadcrumb\":{\"@id\":\"https:\\\/\\\/internationalbluecross.org\\\/fr\\\/rapports-annuels-et-rapports-financiers\\\/#breadcrumb\"},\"inLanguage\":\"fr-FR\",\"potentialAction\":[{\"@type\":\"ReadAction\",\"target\":[\"https:\\\/\\\/internationalbluecross.org\\\/fr\\\/rapports-annuels-et-rapports-financiers\\\/\"]}]},{\"@type\":\"BreadcrumbList\",\"@id\":\"https:\\\/\\\/internationalbluecross.org\\\/fr\\\/rapports-annuels-et-rapports-financiers\\\/#breadcrumb\",\"itemListElement\":[{\"@type\":\"ListItem\",\"position\":1,\"name\":\"Home\",\"item\":\"https:\\\/\\\/internationalbluecross.org\\\/fr\\\/la-croix-bleue-internationale\\\/\"},{\"@type\":\"ListItem\",\"position\":2,\"name\":\"Rapports annuels et rapports financiers\"}]},{\"@type\":\"WebSite\",\"@id\":\"https:\\\/\\\/internationalbluecross.org\\\/fr\\\/#website\",\"url\":\"https:\\\/\\\/internationalbluecross.org\\\/fr\\\/\",\"name\":\"International Blue Cross\",\"description\":\"Protecting People from being harmed by Alcohol and Drugs\",\"publisher\":{\"@id\":\"https:\\\/\\\/internationalbluecross.org\\\/fr\\\/#organization\"},\"potentialAction\":[{\"@type\":\"SearchAction\",\"target\":{\"@type\":\"EntryPoint\",\"urlTemplate\":\"https:\\\/\\\/internationalbluecross.org\\\/fr\\\/?s={search_term_string}\"},\"query-input\":{\"@type\":\"PropertyValueSpecification\",\"valueRequired\":true,\"valueName\":\"search_term_string\"}}],\"inLanguage\":\"fr-FR\"},{\"@type\":\"Organization\",\"@id\":\"https:\\\/\\\/internationalbluecross.org\\\/fr\\\/#organization\",\"name\":\"International Blue Cross\",\"url\":\"https:\\\/\\\/internationalbluecross.org\\\/fr\\\/\",\"logo\":{\"@type\":\"ImageObject\",\"inLanguage\":\"fr-FR\",\"@id\":\"https:\\\/\\\/internationalbluecross.org\\\/fr\\\/#\\\/schema\\\/logo\\\/image\\\/\",\"url\":\"https:\\/\\/internationalbluecross.org\\/wp-content\\/uploads\\/2022\\/08\\/logo-donations-thanks-sm.jpg\",\"contentUrl\":\"https:\\/\\/internationalbluecross.org\\/wp-content\\/uploads\\/2022\\/08\\/logo-donations-thanks-sm.jpg\",\"width\":680,\"height\":400,\"caption\":\"International Blue Cross\"},\"image\":{\"@id\":\"https:\\\/\\\/internationalbluecross.org\\\/fr\\\/#\\\/schema\\\/logo\\\/image\\\/\"},\"sameAs\":[\"https:\\\/\\\/www.facebook.com\\\/InternationalBlueCross\",\"https:\\\/\\\/x.com\\\/BlueCrossTweets\"]}]}<\/script>\n<!-- \/ Yoast SEO plugin. -->","yoast_head_json":{"title":"Rapports annuels et rapports financiers - International Blue Cross","robots":{"index":"index","follow":"follow","max-snippet":"max-snippet:-1","max-image-preview":"max-image-preview:large","max-video-preview":"max-video-preview:-1"},"canonical":"https:\/\/internationalbluecross.org\/fr\/rapports-annuels-et-rapports-financiers\/","og_locale":"fr_FR","og_type":"article","og_title":"Rapports annuels et rapports financiers - International Blue Cross","og_description":"Vous trouverez ici nos rapports annuels ainsi que les \u00e9tats financiers correspondants. Pour toutes questions ou int\u00e9r\u00eats sp\u00e9cifiques, n'h\u00e9sitez pas \u00e0 nous contacter !office@internationalbluecross.org Rapports annuels Rapport annuel 2024 (786 KB) Rapport annuel 2023 (937 KB) Rapport annuel 2022 (945 KB) Rapport annuel 2021 (952 KB) Rapport annuel 2020 (794 KB) Rapport annuel 2019 (820 [&hellip;]","og_url":"https:\/\/internationalbluecross.org\/fr\/rapports-annuels-et-rapports-financiers\/","og_site_name":"International Blue Cross","article_publisher":"https:\/\/www.facebook.com\/InternationalBlueCross","article_modified_time":"2026-05-13T09:34:21+00:00","twitter_card":"summary_large_image","twitter_site":"@BlueCrossTweets","twitter_misc":{"Dur\u00e9e de lecture estim\u00e9e":"2 minutes"},"schema":{"@context":"https:\/\/schema.org","@graph":[{"@type":"WebPage","@id":"https:\/\/internationalbluecross.org\/fr\/rapports-annuels-et-rapports-financiers\/","url":"https:\/\/internationalbluecross.org\/fr\/rapports-annuels-et-rapports-financiers\/","name":"Rapports annuels et rapports financiers - International Blue Cross","isPartOf":{"@id":"https:\/\/internationalbluecross.org\/fr\/#website"},"datePublished":"2023-12-05T09:25:12+00:00","dateModified":"2026-05-13T09:34:21+00:00","breadcrumb":{"@id":"https:\/\/internationalbluecross.org\/fr\/rapports-annuels-et-rapports-financiers\/#breadcrumb"},"inLanguage":"fr-FR","potentialAction":[{"@type":"ReadAction","target":["https:\/\/internationalbluecross.org\/fr\/rapports-annuels-et-rapports-financiers\/"]}]},{"@type":"BreadcrumbList","@id":"https:\/\/internationalbluecross.org\/fr\/rapports-annuels-et-rapports-financiers\/#breadcrumb","itemListElement":[{"@type":"ListItem","position":1,"name":"Home","item":"https:\/\/internationalbluecross.org\/fr\/la-croix-bleue-internationale\/"},{"@type":"ListItem","position":2,"name":"Rapports annuels et rapports financiers"}]},{"@type":"WebSite","@id":"https:\/\/internationalbluecross.org\/fr\/#website","url":"https:\/\/internationalbluecross.org\/fr\/","name":"International Blue Cross","description":"Protecting People from being harmed by Alcohol and Drugs","publisher":{"@id":"https:\/\/internationalbluecross.org\/fr\/#organization"},"potentialAction":[{"@type":"SearchAction","target":{"@type":"EntryPoint","urlTemplate":"https:\/\/internationalbluecross.org\/fr\/?s={search_term_string}"},"query-input":{"@type":"PropertyValueSpecification","valueRequired":true,"valueName":"search_term_string"}}],"inLanguage":"fr-FR"},{"@type":"Organization","@id":"https:\/\/internationalbluecross.org\/fr\/#organization","name":"International Blue Cross","url":"https:\/\/internationalbluecross.org\/fr\/","logo":{"@type":"ImageObject","inLanguage":"fr-FR","@id":"https:\/\/internationalbluecross.org\/fr\/#\/schema\/logo\/image\/","url":"https:\/\/mll3h1jyy9a5.i.optimole.com\/w:auto\/h:auto\/q:mauto\/ig:avif\/https:\/\/internationalbluecross.org\/wp-content\/uploads\/2022\/08\/logo-donations-thanks-sm.jpg","contentUrl":"https:\/\/mll3h1jyy9a5.i.optimole.com\/w:auto\/h:auto\/q:mauto\/ig:avif\/https:\/\/internationalbluecross.org\/wp-content\/uploads\/2022\/08\/logo-donations-thanks-sm.jpg","width":680,"height":400,"caption":"International Blue Cross"},"image":{"@id":"https:\/\/internationalbluecross.org\/fr\/#\/schema\/logo\/image\/"},"sameAs":["https:\/\/www.facebook.com\/InternationalBlueCross","https:\/\/x.com\/BlueCrossTweets"]}]}},"campaignId":"","_links":{"self":[{"href":"https:\/\/internationalbluecross.org\/fr\/wp-json\/wp\/v2\/pages\/5521","targetHints":{"allow":["GET"]}}],"collection":[{"href":"https:\/\/internationalbluecross.org\/fr\/wp-json\/wp\/v2\/pages"}],"about":[{"href":"https:\/\/internationalbluecross.org\/fr\/wp-json\/wp\/v2\/types\/page"}],"author":[{"embeddable":true,"href":"https:\/\/internationalbluecross.org\/fr\/wp-json\/wp\/v2\/users\/2"}],"replies":[{"embeddable":true,"href":"https:\/\/internationalbluecross.org\/fr\/wp-json\/wp\/v2\/comments?post=5521"}],"version-history":[{"count":6,"href":"https:\/\/internationalbluecross.org\/fr\/wp-json\/wp\/v2\/pages\/5521\/revisions"}],"predecessor-version":[{"id":7359,"href":"https:\/\/internationalbluecross.org\/fr\/wp-json\/wp\/v2\/pages\/5521\/revisions\/7359"}],"wp:attachment":[{"href":"https:\/\/internationalbluecross.org\/fr\/wp-json\/wp\/v2\/media?parent=5521"}],"curies":[{"name":"wp","href":"https:\/\/api.w.org\/{rel}","templated":true}]}}