{"id":1726,"date":"2022-02-03T14:18:09","date_gmt":"2022-02-03T14:18:09","guid":{"rendered":"https:\/\/internationalbluecross.org\/programmes-2\/"},"modified":"2024-07-12T12:08:15","modified_gmt":"2024-07-12T12:08:15","slug":"programmes-2","status":"publish","type":"page","link":"https:\/\/internationalbluecross.org\/fr\/programmes-2\/","title":{"rendered":"Comp\u00e9tences de vie"},"content":{"rendered":"<p>[et_pb_section fb_built=\u00a0\u00bb1&Prime; _builder_version=\u00a0\u00bb4.16&Prime; _module_preset=\u00a0\u00bbdefault\u00a0\u00bb global_colors_info=\u00a0\u00bb{}\u00a0\u00bb][et_pb_row _builder_version=\u00a0\u00bb4.16&Prime; _module_preset=\u00a0\u00bbdefault\u00a0\u00bb global_colors_info=\u00a0\u00bb{}\u00a0\u00bb][et_pb_column type=\u00a0\u00bb4_4&Prime; _builder_version=\u00a0\u00bb4.16&Prime; _module_preset=\u00a0\u00bbdefault\u00a0\u00bb global_colors_info=\u00a0\u00bb{}\u00a0\u00bb][et_pb_text _builder_version=\u00a0\u00bb4.17.4&Prime; _module_preset=\u00a0\u00bbdefault\u00a0\u00bb header_font=\u00a0\u00bb|700|||||||\u00a0\u00bb global_colors_info=\u00a0\u00bb{}\u00a0\u00bb]<\/p>\n<h1>Comp\u00e9tences de vie<\/h1>\n<h3>Renforcer l&rsquo;autonomie des jeunes, des femmes et des hommes vuln\u00e9rables en Afrique<\/h3>\n<p>[\/et_pb_text][\/et_pb_column][\/et_pb_row][et_pb_row column_structure=\u00a0\u00bb2_5,3_5&Prime; _builder_version=\u00a0\u00bb4.16&Prime; _module_preset=\u00a0\u00bbdefault\u00a0\u00bb global_colors_info=\u00a0\u00bb{}\u00a0\u00bb][et_pb_column type=\u00a0\u00bb2_5&Prime; _builder_version=\u00a0\u00bb4.16&Prime; _module_preset=\u00a0\u00bbdefault\u00a0\u00bb background_color=\u00a0\u00bb#eeeeee\u00a0\u00bb global_colors_info=\u00a0\u00bb{}\u00a0\u00bb][et_pb_portfolio posts_number=\u00a0\u00bb4&Prime; include_categories=\u00a0\u00bb9&Prime; show_categories=\u00a0\u00bboff\u00a0\u00bb show_pagination=\u00a0\u00bboff\u00a0\u00bb _builder_version=\u00a0\u00bb4.17.4&Prime; _module_preset=\u00a0\u00bbdefault\u00a0\u00bb title_font_size=\u00a0\u00bb18px\u00a0\u00bb background_color=\u00a0\u00bb#eeeeee\u00a0\u00bb width=\u00a0\u00bb90%\u00a0\u00bb module_alignment=\u00a0\u00bbcenter\u00a0\u00bb custom_padding=\u00a0\u00bb20px||||false|false\u00a0\u00bb global_colors_info=\u00a0\u00bb{}\u00a0\u00bb][\/et_pb_portfolio][\/et_pb_column][et_pb_column type=\u00a0\u00bb3_5&Prime; _builder_version=\u00a0\u00bb4.16&Prime; _module_preset=\u00a0\u00bbdefault\u00a0\u00bb global_colors_info=\u00a0\u00bb{}\u00a0\u00bb][et_pb_text _builder_version=\u00a0\u00bb4.21.0&Prime; _module_preset=\u00a0\u00bbdefault\u00a0\u00bb header_4_text_color=\u00a0\u00bb#333333&Prime; background_color=\u00a0\u00bb#efefef\u00a0\u00bb custom_padding=\u00a0\u00bb20px|20px|20px|20px|false|false\u00a0\u00bb global_colors_info=\u00a0\u00bb{}\u00a0\u00bb]<\/p>\n<h4>Chiffres cl\u00e9s : Les m\u00e9faits de l&rsquo;alcool<\/h4>\n<p>Au niveau mondial, l&rsquo;usage nocif de l&rsquo;alcool provoque environ 3,3 millions de d\u00e9c\u00e8s chaque ann\u00e9e. Cette proportion est sup\u00e9rieure \u00e0 celle des d\u00e9c\u00e8s dus au VIH\/SIDA. Il est de plus en plus \u00e9vident que la consommation d&rsquo;alcool contribue de mani\u00e8re significative \u00e0 la propagation de maladies infectieuses telles que la tuberculose, le VIH\/SIDA et la pneumonie. Au-del\u00e0 de ces cons\u00e9quences sanitaires, l&rsquo;usage nocif de l&rsquo;alcool inflige \u00e9galement des pertes sociales et \u00e9conomiques aux individus et \u00e0 la soci\u00e9t\u00e9 et constitue l&rsquo;un des plus grands obstacles au d\u00e9veloppement durable.<\/p>\n<p>[\/et_pb_text][et_pb_text _builder_version=\u00a0\u00bb4.21.0&Prime; _module_preset=\u00a0\u00bbdefault\u00a0\u00bb header_4_text_color=\u00a0\u00bb#333333&Prime; background_color=\u00a0\u00bb#efefef\u00a0\u00bb custom_padding=\u00a0\u00bb20px|20px|20px|20px|false|false\u00a0\u00bb global_colors_info=\u00a0\u00bb{}\u00a0\u00bb]<\/p>\n<h4>Aper\u00e7u du programme<\/h4>\n<p><strong><br \/>Objectif :<\/strong><br \/>L&rsquo;IBC vise \u00e0 r\u00e9duire l&rsquo;impact n\u00e9gatif de la consommation d&rsquo;alcool et d&rsquo;autres drogues dans le monde et \u00e0 permettre aux soci\u00e9t\u00e9s de vivre sans violence, sans oppression et sans maladies li\u00e9es \u00e0 la d\u00e9pendance.<\/p>\n<p><strong>Activit\u00e9s :<\/strong><\/p>\n<p>L&rsquo;IBC met en \u0153uvre des programmes de coop\u00e9ration internationale au d\u00e9veloppement en aidant ses organisations membres \u00e0 renforcer leurs connaissances en mati\u00e8re de financement, de planification et de mise en \u0153uvre de projets. L&rsquo;IBC met \u00e9galement en \u0153uvre un programme de comp\u00e9tences de vie et d&rsquo;\u00e9ducation par les pairs en collaboration avec quatre partenaires locaux s\u00e9lectionn\u00e9s au Tchad, en R\u00e9publique du Congo, au Togo et en Tanzanie.<\/p>\n<p><strong>Approches :<\/strong><\/p>\n<p>L&rsquo;IBC promeut une approche globale de la pr\u00e9vention qui associe la pr\u00e9vention individuelle (comportementale) \u00e0 l&rsquo;action communautaire et \u00e0 la pr\u00e9vention structurelle par le biais de politiques de contr\u00f4le.<\/p>\n<p>\u00ab\u00a0L&rsquo;information ne suffit pas\u00a0\u00bb est le principe de base du travail de pr\u00e9vention de l&rsquo;IBC. Les programmes de pr\u00e9vention d&rsquo;IBC se composent de trois \u00e9l\u00e9ments qui se renforcent mutuellement pour produire un changement durable :<\/p>\n<p><strong> A) Mesures \u00e9ducatives<\/strong> : elles influencent le comportement individuel des participants \u2014 une grande importance est accord\u00e9e \u00e0 la m\u00e9thodologie \u00e9ducative afin de s&rsquo;assurer que les jeunes peuvent se familiariser avec le probl\u00e8me d&rsquo;une mani\u00e8re participative et interactive. Les adolescents ont la possibilit\u00e9 de d\u00e9velopper et de tester ces comp\u00e9tences dans un environnement s\u00fbr afin d&rsquo;obtenir un effet durable sur leur comportement. En plus de l&rsquo;\u00e9ducation des jeunes, les parents, les enseignants et les responsables communautaires re\u00e7oivent une formation et des informations sur des sujets de pr\u00e9vention sanitaire.<\/p>\n<p><strong>B) Mobilisation des communaut\u00e9s locales<\/strong> : dans le cadre de la mobilisation des communaut\u00e9s, la soci\u00e9t\u00e9 civile locale est sensibilis\u00e9e aux m\u00e9faits de l&rsquo;alcool et des personnes cl\u00e9s sont form\u00e9es et \u00e9duqu\u00e9es \u00e0 l&rsquo;exercice de leur droit \u00e0 la libert\u00e9 d&rsquo;expression. Pour r\u00e9aliser son droit \u00e0 d\u00e9fendre la vie en bonne sant\u00e9 et dans la dignit\u00e9, la soci\u00e9t\u00e9 civile sera inform\u00e9e et habilit\u00e9e \u00e0 plaider activement en faveur de politiques plus protectrices en mati\u00e8re d&rsquo;alcool.<\/p>\n<p><strong>C) Am\u00e9lioration des politiques de contr\u00f4le <\/strong> : la pr\u00e9vention structurelle de la consommation de substances n\u00e9cessite des politiques en mati\u00e8re d&rsquo;alcool et d&rsquo;autres drogues fond\u00e9es sur des donn\u00e9es probantes. L&rsquo;IBC s&rsquo;engage \u00e0 agir, \u00e0 encourager le suivi des progr\u00e8s locaux et \u00e0 souligner la n\u00e9cessit\u00e9 de prot\u00e9ger l&rsquo;\u00e9laboration de la politique en mati\u00e8re d&rsquo;alcool contre l&rsquo;ing\u00e9rence des int\u00e9r\u00eats commerciaux. Les organisations partenaires locales re\u00e7oivent des comp\u00e9tences pour d\u00e9fendre de meilleures politiques locales et nationales. Des politiques de contr\u00f4le, telles que la limitation de la disponibilit\u00e9 et de la commercialisation, sont n\u00e9cessaires pour prot\u00e9ger la sant\u00e9 publique et maintenir les changements positifs obtenus gr\u00e2ce \u00e0 l&rsquo;enseignement des comp\u00e9tences n\u00e9cessaires \u00e0 la vie courante et \u00e0 la mobilisation de la communaut\u00e9.<\/p>\n<p>[\/et_pb_text][\/et_pb_column][\/et_pb_row][et_pb_row _builder_version=\u00a0\u00bb4.16&Prime; _module_preset=\u00a0\u00bbdefault\u00a0\u00bb global_colors_info=\u00a0\u00bb{}\u00a0\u00bb][et_pb_column type=\u00a0\u00bb4_4&Prime; _builder_version=\u00a0\u00bb4.16&Prime; _module_preset=\u00a0\u00bbdefault\u00a0\u00bb global_colors_info=\u00a0\u00bb{}\u00a0\u00bb][et_pb_divider _builder_version=\u00a0\u00bb4.16&Prime; _module_preset=\u00a0\u00bbdefault\u00a0\u00bb global_colors_info=\u00a0\u00bb{}\u00a0\u00bb][\/et_pb_divider][\/et_pb_column][\/et_pb_row][\/et_pb_section][et_pb_section fb_built=\u00a0\u00bb1&Prime; _builder_version=\u00a0\u00bb4.16&Prime; _module_preset=\u00a0\u00bbdefault\u00a0\u00bb background_color=\u00a0\u00bb#f26722&Prime; global_colors_info=\u00a0\u00bb{}\u00a0\u00bb][et_pb_row _builder_version=\u00a0\u00bb4.16&Prime; _module_preset=\u00a0\u00bbdefault\u00a0\u00bb global_colors_info=\u00a0\u00bb{}\u00a0\u00bb][et_pb_column type=\u00a0\u00bb4_4&Prime; _builder_version=\u00a0\u00bb4.16&Prime; _module_preset=\u00a0\u00bbdefault\u00a0\u00bb global_colors_info=\u00a0\u00bb{}\u00a0\u00bb][et_pb_text _builder_version=\u00a0\u00bb4.16&Prime; _module_preset=\u00a0\u00bbdefault\u00a0\u00bb header_2_text_color=\u00a0\u00bb#FFFFFF\u00a0\u00bb global_colors_info=\u00a0\u00bb{}\u00a0\u00bb]<\/p>\n<h2 id=\"bar_items2695\" style=\"text-align: center;\">Vous souhaitez devenir partenaire ?<\/h2>\n<p>[\/et_pb_text][et_pb_button button_url=\u00a0\u00bb@ET-DC@eyJkeW5hbWljIjp0cnVlLCJjb250ZW50IjoicG9zdF9saW5rX3VybF9wYWdlIiwic2V0dGluZ3MiOnsicG9zdF9pZCI6IjE3MiIsImVuYWJsZV9odG1sIjoib2ZmIn19@\u00a0\u00bb button_text=\u00a0\u00bbAller \u00e0 la rubrique &quot;Soutien aux partenaires&quot;\u00a0\u00bb button_alignment=\u00a0\u00bbcenter\u00a0\u00bb _builder_version=\u00a0\u00bb4.16&Prime; _dynamic_attributes=\u00a0\u00bbbutton_url\u00a0\u00bb _module_preset=\u00a0\u00bbdefault\u00a0\u00bb custom_button=\u00a0\u00bbon\u00a0\u00bb button_text_size=\u00a0\u00bb18px\u00a0\u00bb button_text_color=\u00a0\u00bb#f26722&Prime; button_bg_color=\u00a0\u00bb#FFFFFF\u00a0\u00bb global_colors_info=\u00a0\u00bb{}\u00a0\u00bb][\/et_pb_button][\/et_pb_column][\/et_pb_row][\/et_pb_section]<\/p>\n","protected":false},"excerpt":{"rendered":"<p>Comp\u00e9tences de vie Renforcer l&rsquo;autonomie des jeunes, des femmes et des hommes vuln\u00e9rables en AfriqueChiffres cl\u00e9s : Les m\u00e9faits de l&rsquo;alcool Au niveau mondial, l&rsquo;usage nocif de l&rsquo;alcool provoque environ 3,3 millions de d\u00e9c\u00e8s chaque ann\u00e9e. Cette proportion est sup\u00e9rieure \u00e0 celle des d\u00e9c\u00e8s dus au VIH\/SIDA. Il est de plus en plus \u00e9vident que [&hellip;]<\/p>\n","protected":false},"author":2,"featured_media":0,"parent":0,"menu_order":0,"comment_status":"closed","ping_status":"closed","template":"","meta":{"give_campaign_id":0,"_et_pb_use_builder":"on","_et_pb_old_content":"","_et_gb_content_width":"","footnotes":""},"class_list":["post-1726","page","type-page","status-publish","hentry"],"yoast_head":"<!-- This site is optimized with the Yoast SEO plugin v27.6 - https:\/\/yoast.com\/product\/yoast-seo-wordpress\/ -->\n<title>Comp\u00e9tences de vie - International Blue Cross<\/title>\n<meta name=\"robots\" content=\"index, follow, max-snippet:-1, max-image-preview:large, max-video-preview:-1\" \/>\n<link rel=\"canonical\" href=\"https:\/\/internationalbluecross.org\/fr\/programmes-2\/\" \/>\n<meta property=\"og:locale\" content=\"fr_FR\" \/>\n<meta property=\"og:type\" content=\"article\" \/>\n<meta property=\"og:title\" content=\"Comp\u00e9tences de vie - International Blue Cross\" \/>\n<meta property=\"og:description\" content=\"Comp\u00e9tences de vie Renforcer l&#039;autonomie des jeunes, des femmes et des hommes vuln\u00e9rables en AfriqueChiffres cl\u00e9s : Les m\u00e9faits de l&#039;alcool Au niveau mondial, l&#039;usage nocif de l&#039;alcool provoque environ 3,3 millions de d\u00e9c\u00e8s chaque ann\u00e9e. Cette proportion est sup\u00e9rieure \u00e0 celle des d\u00e9c\u00e8s dus au VIH\/SIDA. Il est de plus en plus \u00e9vident que [&hellip;]\" \/>\n<meta property=\"og:url\" content=\"https:\/\/internationalbluecross.org\/fr\/programmes-2\/\" \/>\n<meta property=\"og:site_name\" content=\"International Blue Cross\" \/>\n<meta property=\"article:publisher\" content=\"https:\/\/www.facebook.com\/InternationalBlueCross\" \/>\n<meta property=\"article:modified_time\" content=\"2024-07-12T12:08:15+00:00\" \/>\n<meta name=\"twitter:card\" content=\"summary_large_image\" \/>\n<meta name=\"twitter:site\" content=\"@BlueCrossTweets\" \/>\n<meta name=\"twitter:label1\" content=\"Dur\u00e9e de lecture estim\u00e9e\" \/>\n\t<meta name=\"twitter:data1\" content=\"5 minutes\" \/>\n<script type=\"application\/ld+json\" class=\"yoast-schema-graph\">{\"@context\":\"https:\\\/\\\/schema.org\",\"@graph\":[{\"@type\":\"WebPage\",\"@id\":\"https:\\\/\\\/internationalbluecross.org\\\/fr\\\/programmes-2\\\/\",\"url\":\"https:\\\/\\\/internationalbluecross.org\\\/fr\\\/programmes-2\\\/\",\"name\":\"Comp\u00e9tences de vie - International Blue Cross\",\"isPartOf\":{\"@id\":\"https:\\\/\\\/internationalbluecross.org\\\/fr\\\/#website\"},\"datePublished\":\"2022-02-03T14:18:09+00:00\",\"dateModified\":\"2024-07-12T12:08:15+00:00\",\"breadcrumb\":{\"@id\":\"https:\\\/\\\/internationalbluecross.org\\\/fr\\\/programmes-2\\\/#breadcrumb\"},\"inLanguage\":\"fr-FR\",\"potentialAction\":[{\"@type\":\"ReadAction\",\"target\":[\"https:\\\/\\\/internationalbluecross.org\\\/fr\\\/programmes-2\\\/\"]}]},{\"@type\":\"BreadcrumbList\",\"@id\":\"https:\\\/\\\/internationalbluecross.org\\\/fr\\\/programmes-2\\\/#breadcrumb\",\"itemListElement\":[{\"@type\":\"ListItem\",\"position\":1,\"name\":\"Home\",\"item\":\"https:\\\/\\\/internationalbluecross.org\\\/fr\\\/la-croix-bleue-internationale\\\/\"},{\"@type\":\"ListItem\",\"position\":2,\"name\":\"Comp\u00e9tences de vie\"}]},{\"@type\":\"WebSite\",\"@id\":\"https:\\\/\\\/internationalbluecross.org\\\/fr\\\/#website\",\"url\":\"https:\\\/\\\/internationalbluecross.org\\\/fr\\\/\",\"name\":\"International Blue Cross\",\"description\":\"Protecting People from being harmed by Alcohol and Drugs\",\"publisher\":{\"@id\":\"https:\\\/\\\/internationalbluecross.org\\\/fr\\\/#organization\"},\"potentialAction\":[{\"@type\":\"SearchAction\",\"target\":{\"@type\":\"EntryPoint\",\"urlTemplate\":\"https:\\\/\\\/internationalbluecross.org\\\/fr\\\/?s={search_term_string}\"},\"query-input\":{\"@type\":\"PropertyValueSpecification\",\"valueRequired\":true,\"valueName\":\"search_term_string\"}}],\"inLanguage\":\"fr-FR\"},{\"@type\":\"Organization\",\"@id\":\"https:\\\/\\\/internationalbluecross.org\\\/fr\\\/#organization\",\"name\":\"International Blue Cross\",\"url\":\"https:\\\/\\\/internationalbluecross.org\\\/fr\\\/\",\"logo\":{\"@type\":\"ImageObject\",\"inLanguage\":\"fr-FR\",\"@id\":\"https:\\\/\\\/internationalbluecross.org\\\/fr\\\/#\\\/schema\\\/logo\\\/image\\\/\",\"url\":\"https:\\/\\/internationalbluecross.org\\/wp-content\\/uploads\\/2022\\/08\\/logo-donations-thanks-sm.jpg\",\"contentUrl\":\"https:\\/\\/internationalbluecross.org\\/wp-content\\/uploads\\/2022\\/08\\/logo-donations-thanks-sm.jpg\",\"width\":680,\"height\":400,\"caption\":\"International Blue Cross\"},\"image\":{\"@id\":\"https:\\\/\\\/internationalbluecross.org\\\/fr\\\/#\\\/schema\\\/logo\\\/image\\\/\"},\"sameAs\":[\"https:\\\/\\\/www.facebook.com\\\/InternationalBlueCross\",\"https:\\\/\\\/x.com\\\/BlueCrossTweets\"]}]}<\/script>\n<!-- \/ Yoast SEO plugin. -->","yoast_head_json":{"title":"Comp\u00e9tences de vie - International Blue Cross","robots":{"index":"index","follow":"follow","max-snippet":"max-snippet:-1","max-image-preview":"max-image-preview:large","max-video-preview":"max-video-preview:-1"},"canonical":"https:\/\/internationalbluecross.org\/fr\/programmes-2\/","og_locale":"fr_FR","og_type":"article","og_title":"Comp\u00e9tences de vie - International Blue Cross","og_description":"Comp\u00e9tences de vie Renforcer l'autonomie des jeunes, des femmes et des hommes vuln\u00e9rables en AfriqueChiffres cl\u00e9s : Les m\u00e9faits de l'alcool Au niveau mondial, l'usage nocif de l'alcool provoque environ 3,3 millions de d\u00e9c\u00e8s chaque ann\u00e9e. Cette proportion est sup\u00e9rieure \u00e0 celle des d\u00e9c\u00e8s dus au VIH\/SIDA. Il est de plus en plus \u00e9vident que [&hellip;]","og_url":"https:\/\/internationalbluecross.org\/fr\/programmes-2\/","og_site_name":"International Blue Cross","article_publisher":"https:\/\/www.facebook.com\/InternationalBlueCross","article_modified_time":"2024-07-12T12:08:15+00:00","twitter_card":"summary_large_image","twitter_site":"@BlueCrossTweets","twitter_misc":{"Dur\u00e9e de lecture estim\u00e9e":"5 minutes"},"schema":{"@context":"https:\/\/schema.org","@graph":[{"@type":"WebPage","@id":"https:\/\/internationalbluecross.org\/fr\/programmes-2\/","url":"https:\/\/internationalbluecross.org\/fr\/programmes-2\/","name":"Comp\u00e9tences de vie - International Blue Cross","isPartOf":{"@id":"https:\/\/internationalbluecross.org\/fr\/#website"},"datePublished":"2022-02-03T14:18:09+00:00","dateModified":"2024-07-12T12:08:15+00:00","breadcrumb":{"@id":"https:\/\/internationalbluecross.org\/fr\/programmes-2\/#breadcrumb"},"inLanguage":"fr-FR","potentialAction":[{"@type":"ReadAction","target":["https:\/\/internationalbluecross.org\/fr\/programmes-2\/"]}]},{"@type":"BreadcrumbList","@id":"https:\/\/internationalbluecross.org\/fr\/programmes-2\/#breadcrumb","itemListElement":[{"@type":"ListItem","position":1,"name":"Home","item":"https:\/\/internationalbluecross.org\/fr\/la-croix-bleue-internationale\/"},{"@type":"ListItem","position":2,"name":"Comp\u00e9tences de vie"}]},{"@type":"WebSite","@id":"https:\/\/internationalbluecross.org\/fr\/#website","url":"https:\/\/internationalbluecross.org\/fr\/","name":"International Blue Cross","description":"Protecting People from being harmed by Alcohol and Drugs","publisher":{"@id":"https:\/\/internationalbluecross.org\/fr\/#organization"},"potentialAction":[{"@type":"SearchAction","target":{"@type":"EntryPoint","urlTemplate":"https:\/\/internationalbluecross.org\/fr\/?s={search_term_string}"},"query-input":{"@type":"PropertyValueSpecification","valueRequired":true,"valueName":"search_term_string"}}],"inLanguage":"fr-FR"},{"@type":"Organization","@id":"https:\/\/internationalbluecross.org\/fr\/#organization","name":"International Blue Cross","url":"https:\/\/internationalbluecross.org\/fr\/","logo":{"@type":"ImageObject","inLanguage":"fr-FR","@id":"https:\/\/internationalbluecross.org\/fr\/#\/schema\/logo\/image\/","url":"https:\/\/mll3h1jyy9a5.i.optimole.com\/w:auto\/h:auto\/q:mauto\/ig:avif\/https:\/\/internationalbluecross.org\/wp-content\/uploads\/2022\/08\/logo-donations-thanks-sm.jpg","contentUrl":"https:\/\/mll3h1jyy9a5.i.optimole.com\/w:auto\/h:auto\/q:mauto\/ig:avif\/https:\/\/internationalbluecross.org\/wp-content\/uploads\/2022\/08\/logo-donations-thanks-sm.jpg","width":680,"height":400,"caption":"International Blue Cross"},"image":{"@id":"https:\/\/internationalbluecross.org\/fr\/#\/schema\/logo\/image\/"},"sameAs":["https:\/\/www.facebook.com\/InternationalBlueCross","https:\/\/x.com\/BlueCrossTweets"]}]}},"campaignId":"","_links":{"self":[{"href":"https:\/\/internationalbluecross.org\/fr\/wp-json\/wp\/v2\/pages\/1726","targetHints":{"allow":["GET"]}}],"collection":[{"href":"https:\/\/internationalbluecross.org\/fr\/wp-json\/wp\/v2\/pages"}],"about":[{"href":"https:\/\/internationalbluecross.org\/fr\/wp-json\/wp\/v2\/types\/page"}],"author":[{"embeddable":true,"href":"https:\/\/internationalbluecross.org\/fr\/wp-json\/wp\/v2\/users\/2"}],"replies":[{"embeddable":true,"href":"https:\/\/internationalbluecross.org\/fr\/wp-json\/wp\/v2\/comments?post=1726"}],"version-history":[{"count":5,"href":"https:\/\/internationalbluecross.org\/fr\/wp-json\/wp\/v2\/pages\/1726\/revisions"}],"predecessor-version":[{"id":6408,"href":"https:\/\/internationalbluecross.org\/fr\/wp-json\/wp\/v2\/pages\/1726\/revisions\/6408"}],"wp:attachment":[{"href":"https:\/\/internationalbluecross.org\/fr\/wp-json\/wp\/v2\/media?parent=1726"}],"curies":[{"name":"wp","href":"https:\/\/api.w.org\/{rel}","templated":true}]}}