{"id":1723,"date":"2022-02-03T14:18:34","date_gmt":"2022-02-03T14:18:34","guid":{"rendered":"https:\/\/internationalbluecross.org\/politique-de-confidentialite\/"},"modified":"2024-07-12T12:06:28","modified_gmt":"2024-07-12T12:06:28","slug":"politique-de-confidentialite","status":"publish","type":"page","link":"https:\/\/internationalbluecross.org\/fr\/politique-de-confidentialite\/","title":{"rendered":"Politique de confidentialit\u00e9"},"content":{"rendered":"<p>[et_pb_section fb_built=\u00a0\u00bb1&Prime; _builder_version=\u00a0\u00bb4.16&Prime; _module_preset=\u00a0\u00bbdefault\u00a0\u00bb global_colors_info=\u00a0\u00bb{}\u00a0\u00bb][et_pb_row _builder_version=\u00a0\u00bb4.16&Prime; _module_preset=\u00a0\u00bbdefault\u00a0\u00bb global_colors_info=\u00a0\u00bb{}\u00a0\u00bb][et_pb_column type=\u00a0\u00bb4_4&Prime; _builder_version=\u00a0\u00bb4.16&Prime; _module_preset=\u00a0\u00bbdefault\u00a0\u00bb global_colors_info=\u00a0\u00bb{}\u00a0\u00bb][et_pb_post_title meta=\u00a0\u00bboff\u00a0\u00bb featured_image=\u00a0\u00bboff\u00a0\u00bb _builder_version=\u00a0\u00bb4.16&Prime; _module_preset=\u00a0\u00bbdefault\u00a0\u00bb title_font=\u00a0\u00bb|700|on||||||\u00a0\u00bb title_font_size=\u00a0\u00bb30px\u00a0\u00bb custom_margin=\u00a0\u00bb||10px||false|false\u00a0\u00bb global_colors_info=\u00a0\u00bb{}\u00a0\u00bb][\/et_pb_post_title][et_pb_text _builder_version=\u00a0\u00bb4.16&Prime; _module_preset=\u00a0\u00bbdefault\u00a0\u00bb header_3_font=\u00a0\u00bb|600|||||||\u00a0\u00bb header_3_line_height=\u00a0\u00bb1.4em\u00a0\u00bb header_4_font=\u00a0\u00bb|600|||||||\u00a0\u00bb global_colors_info=\u00a0\u00bb{}\u00a0\u00bb]<\/p>\n<h3>Politique de confidentialit\u00e9<\/h3>\n<h3>Le traitement des donn\u00e9es personnelles de mani\u00e8re prudente et responsable est tr\u00e8s important pour nous \u00e0 l&rsquo;INTERNATIONAL BLUE CROSS<\/h3>\n<p>Par cons\u00e9quent, nous sommes ouverts et transparents dans nos divulgations sur la collecte, le stockage et l&rsquo;utilisation de toutes les donn\u00e9es, et nous respectons les r\u00e9glementations l\u00e9gales en mati\u00e8re de protection des donn\u00e9es. En aucun cas, nous ne divulguons \u00e0 des tiers les donn\u00e9es personnelles relatives \u00e0 nos donateurs ou adh\u00e9rents.<\/p>\n<p><strong>La pr\u00e9sente d\u00e9claration de protection des donn\u00e9es est conforme au r\u00e8glement g\u00e9n\u00e9ral de l&rsquo;UE sur la protection des donn\u00e9es (RGPD). Bien que le RGPD soit un r\u00e8glement de l&rsquo;Union europ\u00e9enne (UE), il peut \u00eatre pertinent pour nous. La L\u00e9gislation suisse sur la Protection des Donn\u00e9es (LDP) est fortement influenc\u00e9e par le droit de l&rsquo;Union europ\u00e9enne. En outre, les entreprises situ\u00e9es en dehors de l&rsquo;Union europ\u00e9enne ou de l&rsquo;Espace \u00e9conomique europ\u00e9en (EEE) doivent se conformer au RGPD dans certains cas.<\/strong><\/p>\n<h4 id=\"e3535\">Donn\u00e9es personnelles et informations<\/h4>\n<p id=\"e3537\">Lorsque vous contactez INTERNATIONAL BLUE CROSS, que vous vous abonnez \u00e0 la newsletter, que vous soutenez une campagne particuli\u00e8re ou que vous faites un don, vous mettez vos donn\u00e9es personnelles \u00e0 la disposition de la IBC. Nous utilisons ces donn\u00e9es exclusivement pour r\u00e9pondre \u00e0 votre demande, vous informer \u00e0 l&rsquo;avenir sur des questions nous concernant ou sur l&rsquo;avancement des campagnes et projets d&rsquo;IBC.<\/p>\n<p><strong>Les donn\u00e9es restent exclusivement en possession d&rsquo;INTERNATIONAL BLUE CROSS.<br \/><\/strong><\/p>\n<h4 id=\"e3538\">Bulletin<\/h4>\n<p id=\"e3539\">Nous envoyons le bulletin aux adh\u00e9rents et donateurs qui s&rsquo;y sont inscrits (processus de double opt-in) ou qui ont \u00e9t\u00e9 inscrits dans le cadre de campagnes de dons sp\u00e9ciales, par exemple lors de campagnes de rue ou d&rsquo;\u00e9v\u00e9nements. Chaque bulletin d&rsquo;information contient un lien tr\u00e8s visible, qui permet aux utilisateurs de se d\u00e9sabonner facilement \u00e0 tout moment.<\/p>\n<p>En outre, vous pouvez vous d\u00e9sabonner de toutes les publications par simple courrier \u00e9lectronique (<a href=\"mailto:office@internationalbluecross.org\">office@internationalbluecross.org<\/a>) ou par t\u00e9l\u00e9phone (T\u00e9l. +41 31 301 98 04) ou pr\u00e9ciser la fr\u00e9quence \u00e0 laquelle vous souhaitez recevoir des informations.<\/p>\n<h4 id=\"e3541\">Site internet<\/h4>\n<p id=\"e3542\">Nous pouvons utiliser Google Analytics, un service d&rsquo;analyse web de Google, pour analyser le site web <a href=\"https:\/\/www.internationalbluecross.org\/\">www.internationalbluecross.org<\/a>. Nous analysons les donn\u00e9es statistiquement afin d&rsquo;adapter le site web aux besoins des utilisateurs de mani\u00e8re continue. Toutefois, les utilisateurs du site restent anonymes et IBC ne re\u00e7oit aucune donn\u00e9e personnelle.<\/p>\n<p>Google Analytics utilise des cookies. Il s&rsquo;agit de petits fichiers texte stock\u00e9s sur les ordinateurs des visiteurs, qui permettent d&rsquo;analyser l&rsquo;utilisation du site web (par exemple, combien de temps les utilisateurs restent sur le site, quelles pages ils consultent ou quels PDF ils t\u00e9l\u00e9chargent).<\/p>\n<p>Les informations g\u00e9n\u00e9r\u00e9es par les cookies concernant l&rsquo;utilisation du site web (y compris l&rsquo;adresse IP) sont transmises et stock\u00e9es sur un serveur de Google aux \u00c9tats-Unis. Google utilise ces informations pour analyser l&rsquo;utilisation du site Web, pour pr\u00e9parer des rapports sur les activit\u00e9s du site et pour fournir d&rsquo;autres services aux exploitants de sites Web, tels qu&rsquo;IBC. Google peut \u00e9galement transmettre ces informations \u00e0 des tiers si la loi l&rsquo;exige ou si ces tiers traitent ces informations pour le compte de Google.<\/p>\n<h4 id=\"e3545\">R\u00e9seaux sociaux<\/h4>\n<p id=\"e3546\">IBC a int\u00e9gr\u00e9 \u00e0 son site web des plugins pour des r\u00e9seaux sociaux tels que Twitter et Facebook, visibles par les utilisateurs sous la forme du bouton Facebook, par exemple. S&rsquo;ils sont \u00e9galement connect\u00e9s \u00e0 Facebook, ce dernier peut savoir quelle page de notre site web les utilisateurs visitent et l&rsquo;associer \u00e0 leur compte utilisateur personnel lorsqu&rsquo;ils cliquent sur le bouton \u00ab\u00a0J&rsquo;aime\u00a0\u00bb ou font des commentaires. En outre, l&rsquo;information selon laquelle vous avez visit\u00e9 notre site web est envoy\u00e9e \u00e0 Facebook, que vous ayez ou non cliqu\u00e9 sur le plugin. Si vous souhaitez \u00e9viter cela, vous devez vous d\u00e9connecter compl\u00e8tement de Facebook avant de visiter notre site web.<\/p>\n<p>Les informations sur la confidentialit\u00e9 des donn\u00e9es de Facebook, qui contiennent des d\u00e9tails suppl\u00e9mentaires sur la collecte et l&rsquo;utilisation des donn\u00e9es par Facebook, vos droits \u00e0 cet \u00e9gard ainsi que les param\u00e8tres possibles pour prot\u00e9ger votre vie priv\u00e9e, sont disponibles ici :<br \/><a href=\"https:\/\/www.facebook.com\/policy.php\">https:\/\/www.facebook.com\/policy.php<\/a><\/p>\n<h4 id=\"e3547\">Stockage et sauvegarde des donn\u00e9es<\/h4>\n<p id=\"e3858\">Nous prenons des pr\u00e9cautions appropri\u00e9es et utilisons des technologies adapt\u00e9es pour prot\u00e9ger vos donn\u00e9es. En outre, nous ne conservons vos donn\u00e9es que pour la dur\u00e9e prescrite par la loi et si nous estimons qu&rsquo;il est n\u00e9cessaire de le faire pour la finalit\u00e9 pr\u00e9vue.<\/p>\n<h4 id=\"e3549\">Vos droits<\/h4>\n<p id=\"e3550\">Conform\u00e9ment \u00e0 et dans la mesure o\u00f9 la loi applicable le pr\u00e9voit (comme c&rsquo;est le cas lorsque le RGPD est applicable), vous avez le droit d&rsquo;acc\u00e9der, de rectifier et d&rsquo;effacer vos donn\u00e9es personnelles, le droit de restreindre le traitement ou de vous opposer \u00e0 notre traitement des donn\u00e9es en plus du droit de recevoir certaines donn\u00e9es personnelles pour les transf\u00e9rer \u00e0 un autre responsable du traitement (portabilit\u00e9 des donn\u00e9es). Veuillez noter toutefois que nous nous r\u00e9servons le droit d&rsquo;appliquer des restrictions l\u00e9gales de notre part, par exemple si nous sommes oblig\u00e9s de conserver ou de traiter certaines donn\u00e9es, si nous avons un int\u00e9r\u00eat pr\u00e9pond\u00e9rant (dans la mesure o\u00f9 nous pouvons invoquer de tels int\u00e9r\u00eats) ou si nous avons besoin des donn\u00e9es pour faire valoir des droits. Si l&rsquo;exercice de certains droits entra\u00eene des co\u00fbts pour vous, nous vous en informerons \u00e0 l&rsquo;avance. Nous vous avons d\u00e9j\u00e0 inform\u00e9 de la possibilit\u00e9 de retirer votre consentement dans la section 3 ci-dessus. Veuillez \u00e9galement noter que l&rsquo;exercice de ces droits peut \u00eatre en conflit avec vos obligations contractuelles, ce qui peut entra\u00eener des cons\u00e9quences telles qu&rsquo;une r\u00e9siliation pr\u00e9matur\u00e9e du contrat ou des co\u00fbts suppl\u00e9mentaires. Si tel est le cas, nous vous en informerons \u00e0 l&rsquo;avance, sauf si cela a d\u00e9j\u00e0 \u00e9t\u00e9 convenu par contrat.<br \/>En g\u00e9n\u00e9ral, l&rsquo;exercice de ces droits exige que vous soyez en mesure de prouver votre identit\u00e9 (par exemple, par une copie de documents d&rsquo;identit\u00e9 lorsque votre identit\u00e9 n&rsquo;est pas \u00e9vidente autrement ou peut \u00eatre v\u00e9rifi\u00e9e d&rsquo;une autre mani\u00e8re). Pour faire valoir ces droits, veuillez nous contacter :<\/p>\n<p>International Blue Cross<br \/>Lindenrain 5a<br \/>3012 Bern, Switzerland<br \/>Tel: +41 31 301 98 04<br \/>Fax: +41 31 301 98 05<br \/><a href=\"mailto:office@internationalbluecross.org&lt;br%20\/&gt;\">office@internationalbluecross.org<br \/><\/a><\/p>\n<p>En outre, chaque personne concern\u00e9e a le droit de faire valoir ses droits en justice ou de d\u00e9poser une plainte aupr\u00e8s de l&rsquo;autorit\u00e9 comp\u00e9tente en mati\u00e8re de protection des donn\u00e9es. L&rsquo;autorit\u00e9 comp\u00e9tente en mati\u00e8re de protection des donn\u00e9es en Suisse est le Pr\u00e9pos\u00e9 f\u00e9d\u00e9ral \u00e0 la protection des donn\u00e9es et \u00e0 la transparence (<a href=\"http:\/\/www.edoeb.admin.ch\" target=\"_blank\" rel=\"noopener\">http:\/\/www.edoeb.admin.ch<\/a>).<\/p>\n<h4 id=\"e3551\">Modifications de la pr\u00e9sente D\u00e9claration de Protection des Donn\u00e9es<\/h4>\n<p id=\"e3552\">Nous pouvons modifier cette d\u00e9claration de protection des donn\u00e9es \u00e0 tout moment sans pr\u00e9avis. La version actuelle publi\u00e9e sur notre site web s&rsquo;applique. Si la d\u00e9claration de protection des donn\u00e9es fait partie d&rsquo;un accord avec vous, nous vous informerons par e-mail ou par tout autre moyen appropri\u00e9 en cas de modification.<\/p>\n<h4 id=\"e3717\">Google Maps<\/h4>\n<p id=\"e3718\">Ce site utilise le service de cartographie Google Maps via une API. Il est exploit\u00e9 par Google Inc, 1600 Amphitheatre Parkway, Mountain View, CA 94043, \u00c9tats-Unis.<\/p>\n<p id=\"e3719\">Pour utiliser Google Maps, il est n\u00e9cessaire d&rsquo;enregistrer votre adresse IP. Ces informations sont g\u00e9n\u00e9ralement transmises \u00e0 un serveur de Google aux \u00c9tats-Unis et y sont stock\u00e9es. Le fournisseur de ce site n&rsquo;a aucune influence sur ce transfert de donn\u00e9es.<\/p>\n<p id=\"e3720\">L&rsquo;utilisation de Google Maps a pour but de rendre notre site web attrayant et de faciliter la localisation des lieux que nous indiquons sur le site web. Cela constitue un int\u00e9r\u00eat justifi\u00e9 conform\u00e9ment \u00e0 l&rsquo;art. 6 (1) (f) DSGVO.<\/p>\n<p id=\"e3721\">Vous trouverez de plus amples informations sur le traitement des donn\u00e9es des utilisateurs dans la d\u00e9claration de protection des donn\u00e9es de Google \u00e0 l&rsquo;adresse <a href=\"https:\/\/www.google.de\/intl\/de\/policies\/privacy\/\" target=\"_blank\" rel=\"noopener\">https:\/\/www.google.de\/intl\/de\/policies\/privacy\/<\/a>.<\/p>\n<h3 id=\"e3732\">PayPal<\/h3>\n<p id=\"e3733\">Notre site web accepte les paiements via PayPal. Le fournisseur de ce service est PayPal (Europe) S.\u00e0.r.l &amp; Cie, S.C.A. (22-24 Boulevard Royal, L-2449 Luxembourg.<\/p>\n<p id=\"e3735\">Si vous choisissez le paiement par PayPal, les donn\u00e9es de paiement que vous fournissez seront fournies \u00e0 PayPal sur la base de l&rsquo;art. 6 (1) (a) (Consentement) et Art. 6 (1) (b) DSGVO (traitement \u00e0 des fins contractuelles). Vous avez la possibilit\u00e9 de r\u00e9voquer votre consentement \u00e0 tout moment avec effet futur. Elle n&rsquo;affecte pas le traitement des donn\u00e9es collect\u00e9es pr\u00e9c\u00e9demment.<\/p>\n<p>[\/et_pb_text][\/et_pb_column][\/et_pb_row][\/et_pb_section]<\/p>\n","protected":false},"excerpt":{"rendered":"<p>Politique de confidentialit\u00e9 Le traitement des donn\u00e9es personnelles de mani\u00e8re prudente et responsable est tr\u00e8s important pour nous \u00e0 l&rsquo;INTERNATIONAL BLUE CROSS Par cons\u00e9quent, nous sommes ouverts et transparents dans nos divulgations sur la collecte, le stockage et l&rsquo;utilisation de toutes les donn\u00e9es, et nous respectons les r\u00e9glementations l\u00e9gales en mati\u00e8re de protection des donn\u00e9es. [&hellip;]<\/p>\n","protected":false},"author":2,"featured_media":0,"parent":0,"menu_order":0,"comment_status":"closed","ping_status":"closed","template":"","meta":{"give_campaign_id":0,"_et_pb_use_builder":"on","_et_pb_old_content":"","_et_gb_content_width":"","footnotes":""},"class_list":["post-1723","page","type-page","status-publish","hentry"],"yoast_head":"<!-- This site is optimized with the Yoast SEO plugin v27.5 - https:\/\/yoast.com\/product\/yoast-seo-wordpress\/ -->\n<title>Politique de confidentialit\u00e9 - International Blue Cross<\/title>\n<meta name=\"robots\" content=\"index, follow, max-snippet:-1, max-image-preview:large, max-video-preview:-1\" \/>\n<link rel=\"canonical\" href=\"https:\/\/internationalbluecross.org\/fr\/politique-de-confidentialite\/\" \/>\n<meta property=\"og:locale\" content=\"fr_FR\" \/>\n<meta property=\"og:type\" content=\"article\" \/>\n<meta property=\"og:title\" content=\"Politique de confidentialit\u00e9 - International Blue Cross\" \/>\n<meta property=\"og:description\" content=\"Politique de confidentialit\u00e9 Le traitement des donn\u00e9es personnelles de mani\u00e8re prudente et responsable est tr\u00e8s important pour nous \u00e0 l&#039;INTERNATIONAL BLUE CROSS Par cons\u00e9quent, nous sommes ouverts et transparents dans nos divulgations sur la collecte, le stockage et l&#039;utilisation de toutes les donn\u00e9es, et nous respectons les r\u00e9glementations l\u00e9gales en mati\u00e8re de protection des donn\u00e9es. [&hellip;]\" \/>\n<meta property=\"og:url\" content=\"https:\/\/internationalbluecross.org\/fr\/politique-de-confidentialite\/\" \/>\n<meta property=\"og:site_name\" content=\"International Blue Cross\" \/>\n<meta property=\"article:publisher\" content=\"https:\/\/www.facebook.com\/InternationalBlueCross\" \/>\n<meta property=\"article:modified_time\" content=\"2024-07-12T12:06:28+00:00\" \/>\n<meta name=\"twitter:card\" content=\"summary_large_image\" \/>\n<meta name=\"twitter:site\" content=\"@BlueCrossTweets\" \/>\n<meta name=\"twitter:label1\" content=\"Dur\u00e9e de lecture estim\u00e9e\" \/>\n\t<meta name=\"twitter:data1\" content=\"8 minutes\" \/>\n<script type=\"application\/ld+json\" class=\"yoast-schema-graph\">{\"@context\":\"https:\\\/\\\/schema.org\",\"@graph\":[{\"@type\":\"WebPage\",\"@id\":\"https:\\\/\\\/internationalbluecross.org\\\/fr\\\/politique-de-confidentialite\\\/\",\"url\":\"https:\\\/\\\/internationalbluecross.org\\\/fr\\\/politique-de-confidentialite\\\/\",\"name\":\"Politique de confidentialit\u00e9 - International Blue Cross\",\"isPartOf\":{\"@id\":\"https:\\\/\\\/internationalbluecross.org\\\/fr\\\/#website\"},\"datePublished\":\"2022-02-03T14:18:34+00:00\",\"dateModified\":\"2024-07-12T12:06:28+00:00\",\"breadcrumb\":{\"@id\":\"https:\\\/\\\/internationalbluecross.org\\\/fr\\\/politique-de-confidentialite\\\/#breadcrumb\"},\"inLanguage\":\"fr-FR\",\"potentialAction\":[{\"@type\":\"ReadAction\",\"target\":[\"https:\\\/\\\/internationalbluecross.org\\\/fr\\\/politique-de-confidentialite\\\/\"]}]},{\"@type\":\"BreadcrumbList\",\"@id\":\"https:\\\/\\\/internationalbluecross.org\\\/fr\\\/politique-de-confidentialite\\\/#breadcrumb\",\"itemListElement\":[{\"@type\":\"ListItem\",\"position\":1,\"name\":\"Home\",\"item\":\"https:\\\/\\\/internationalbluecross.org\\\/fr\\\/la-croix-bleue-internationale\\\/\"},{\"@type\":\"ListItem\",\"position\":2,\"name\":\"Politique de confidentialit\u00e9\"}]},{\"@type\":\"WebSite\",\"@id\":\"https:\\\/\\\/internationalbluecross.org\\\/fr\\\/#website\",\"url\":\"https:\\\/\\\/internationalbluecross.org\\\/fr\\\/\",\"name\":\"International Blue Cross\",\"description\":\"Protecting People from being harmed by Alcohol and Drugs\",\"publisher\":{\"@id\":\"https:\\\/\\\/internationalbluecross.org\\\/fr\\\/#organization\"},\"potentialAction\":[{\"@type\":\"SearchAction\",\"target\":{\"@type\":\"EntryPoint\",\"urlTemplate\":\"https:\\\/\\\/internationalbluecross.org\\\/fr\\\/?s={search_term_string}\"},\"query-input\":{\"@type\":\"PropertyValueSpecification\",\"valueRequired\":true,\"valueName\":\"search_term_string\"}}],\"inLanguage\":\"fr-FR\"},{\"@type\":\"Organization\",\"@id\":\"https:\\\/\\\/internationalbluecross.org\\\/fr\\\/#organization\",\"name\":\"International Blue Cross\",\"url\":\"https:\\\/\\\/internationalbluecross.org\\\/fr\\\/\",\"logo\":{\"@type\":\"ImageObject\",\"inLanguage\":\"fr-FR\",\"@id\":\"https:\\\/\\\/internationalbluecross.org\\\/fr\\\/#\\\/schema\\\/logo\\\/image\\\/\",\"url\":\"https:\\/\\/internationalbluecross.org\\/wp-content\\/uploads\\/2022\\/08\\/logo-donations-thanks-sm.jpg\",\"contentUrl\":\"https:\\/\\/internationalbluecross.org\\/wp-content\\/uploads\\/2022\\/08\\/logo-donations-thanks-sm.jpg\",\"width\":680,\"height\":400,\"caption\":\"International Blue Cross\"},\"image\":{\"@id\":\"https:\\\/\\\/internationalbluecross.org\\\/fr\\\/#\\\/schema\\\/logo\\\/image\\\/\"},\"sameAs\":[\"https:\\\/\\\/www.facebook.com\\\/InternationalBlueCross\",\"https:\\\/\\\/x.com\\\/BlueCrossTweets\"]}]}<\/script>\n<!-- \/ Yoast SEO plugin. -->","yoast_head_json":{"title":"Politique de confidentialit\u00e9 - International Blue Cross","robots":{"index":"index","follow":"follow","max-snippet":"max-snippet:-1","max-image-preview":"max-image-preview:large","max-video-preview":"max-video-preview:-1"},"canonical":"https:\/\/internationalbluecross.org\/fr\/politique-de-confidentialite\/","og_locale":"fr_FR","og_type":"article","og_title":"Politique de confidentialit\u00e9 - International Blue Cross","og_description":"Politique de confidentialit\u00e9 Le traitement des donn\u00e9es personnelles de mani\u00e8re prudente et responsable est tr\u00e8s important pour nous \u00e0 l'INTERNATIONAL BLUE CROSS Par cons\u00e9quent, nous sommes ouverts et transparents dans nos divulgations sur la collecte, le stockage et l'utilisation de toutes les donn\u00e9es, et nous respectons les r\u00e9glementations l\u00e9gales en mati\u00e8re de protection des donn\u00e9es. [&hellip;]","og_url":"https:\/\/internationalbluecross.org\/fr\/politique-de-confidentialite\/","og_site_name":"International Blue Cross","article_publisher":"https:\/\/www.facebook.com\/InternationalBlueCross","article_modified_time":"2024-07-12T12:06:28+00:00","twitter_card":"summary_large_image","twitter_site":"@BlueCrossTweets","twitter_misc":{"Dur\u00e9e de lecture estim\u00e9e":"8 minutes"},"schema":{"@context":"https:\/\/schema.org","@graph":[{"@type":"WebPage","@id":"https:\/\/internationalbluecross.org\/fr\/politique-de-confidentialite\/","url":"https:\/\/internationalbluecross.org\/fr\/politique-de-confidentialite\/","name":"Politique de confidentialit\u00e9 - International Blue Cross","isPartOf":{"@id":"https:\/\/internationalbluecross.org\/fr\/#website"},"datePublished":"2022-02-03T14:18:34+00:00","dateModified":"2024-07-12T12:06:28+00:00","breadcrumb":{"@id":"https:\/\/internationalbluecross.org\/fr\/politique-de-confidentialite\/#breadcrumb"},"inLanguage":"fr-FR","potentialAction":[{"@type":"ReadAction","target":["https:\/\/internationalbluecross.org\/fr\/politique-de-confidentialite\/"]}]},{"@type":"BreadcrumbList","@id":"https:\/\/internationalbluecross.org\/fr\/politique-de-confidentialite\/#breadcrumb","itemListElement":[{"@type":"ListItem","position":1,"name":"Home","item":"https:\/\/internationalbluecross.org\/fr\/la-croix-bleue-internationale\/"},{"@type":"ListItem","position":2,"name":"Politique de confidentialit\u00e9"}]},{"@type":"WebSite","@id":"https:\/\/internationalbluecross.org\/fr\/#website","url":"https:\/\/internationalbluecross.org\/fr\/","name":"International Blue Cross","description":"Protecting People from being harmed by Alcohol and Drugs","publisher":{"@id":"https:\/\/internationalbluecross.org\/fr\/#organization"},"potentialAction":[{"@type":"SearchAction","target":{"@type":"EntryPoint","urlTemplate":"https:\/\/internationalbluecross.org\/fr\/?s={search_term_string}"},"query-input":{"@type":"PropertyValueSpecification","valueRequired":true,"valueName":"search_term_string"}}],"inLanguage":"fr-FR"},{"@type":"Organization","@id":"https:\/\/internationalbluecross.org\/fr\/#organization","name":"International Blue Cross","url":"https:\/\/internationalbluecross.org\/fr\/","logo":{"@type":"ImageObject","inLanguage":"fr-FR","@id":"https:\/\/internationalbluecross.org\/fr\/#\/schema\/logo\/image\/","url":"https:\/\/mll3h1jyy9a5.i.optimole.com\/w:auto\/h:auto\/q:mauto\/ig:avif\/https:\/\/internationalbluecross.org\/wp-content\/uploads\/2022\/08\/logo-donations-thanks-sm.jpg","contentUrl":"https:\/\/mll3h1jyy9a5.i.optimole.com\/w:auto\/h:auto\/q:mauto\/ig:avif\/https:\/\/internationalbluecross.org\/wp-content\/uploads\/2022\/08\/logo-donations-thanks-sm.jpg","width":680,"height":400,"caption":"International Blue Cross"},"image":{"@id":"https:\/\/internationalbluecross.org\/fr\/#\/schema\/logo\/image\/"},"sameAs":["https:\/\/www.facebook.com\/InternationalBlueCross","https:\/\/x.com\/BlueCrossTweets"]}]}},"campaignId":"","_links":{"self":[{"href":"https:\/\/internationalbluecross.org\/fr\/wp-json\/wp\/v2\/pages\/1723","targetHints":{"allow":["GET"]}}],"collection":[{"href":"https:\/\/internationalbluecross.org\/fr\/wp-json\/wp\/v2\/pages"}],"about":[{"href":"https:\/\/internationalbluecross.org\/fr\/wp-json\/wp\/v2\/types\/page"}],"author":[{"embeddable":true,"href":"https:\/\/internationalbluecross.org\/fr\/wp-json\/wp\/v2\/users\/2"}],"replies":[{"embeddable":true,"href":"https:\/\/internationalbluecross.org\/fr\/wp-json\/wp\/v2\/comments?post=1723"}],"version-history":[{"count":3,"href":"https:\/\/internationalbluecross.org\/fr\/wp-json\/wp\/v2\/pages\/1723\/revisions"}],"predecessor-version":[{"id":6405,"href":"https:\/\/internationalbluecross.org\/fr\/wp-json\/wp\/v2\/pages\/1723\/revisions\/6405"}],"wp:attachment":[{"href":"https:\/\/internationalbluecross.org\/fr\/wp-json\/wp\/v2\/media?parent=1723"}],"curies":[{"name":"wp","href":"https:\/\/api.w.org\/{rel}","templated":true}]}}