{"id":1650,"date":"2022-02-03T14:18:16","date_gmt":"2022-02-03T14:18:16","guid":{"rendered":"https:\/\/internationalbluecross.org\/soutien\/faire-un-don\/legat-et-heritage\/"},"modified":"2026-03-02T14:34:04","modified_gmt":"2026-03-02T14:34:04","slug":"legat-et-heritage","status":"publish","type":"page","link":"https:\/\/internationalbluecross.org\/fr\/soutien\/faire-un-don\/legat-et-heritage\/","title":{"rendered":"L\u00e9gat et h\u00e9ritage"},"content":{"rendered":"<p>[et_pb_section fb_built=\u00a0\u00bb1&Prime; _builder_version=\u00a0\u00bb4.16&Prime; _module_preset=\u00a0\u00bbdefault\u00a0\u00bb global_colors_info=\u00a0\u00bb{}\u00a0\u00bb][et_pb_row column_structure=\u00a0\u00bb2_3,1_3&Prime; _builder_version=\u00a0\u00bb4.23.4&Prime; _module_preset=\u00a0\u00bbdefault\u00a0\u00bb global_colors_info=\u00a0\u00bb{}\u00a0\u00bb][et_pb_column type=\u00a0\u00bb2_3&Prime; _builder_version=\u00a0\u00bb4.16&Prime; _module_preset=\u00a0\u00bbdefault\u00a0\u00bb global_colors_info=\u00a0\u00bb{}\u00a0\u00bb][et_pb_post_title meta=\u00a0\u00bboff\u00a0\u00bb featured_image=\u00a0\u00bboff\u00a0\u00bb _builder_version=\u00a0\u00bb4.16&Prime; _module_preset=\u00a0\u00bbdefault\u00a0\u00bb title_font=\u00a0\u00bb|700|on||||||\u00a0\u00bb title_font_size=\u00a0\u00bb38px\u00a0\u00bb custom_margin=\u00a0\u00bb||10px||false|false\u00a0\u00bb global_colors_info=\u00a0\u00bb{}\u00a0\u00bb][\/et_pb_post_title][et_pb_text _builder_version=\u00a0\u00bb4.24.0&Prime; _module_preset=\u00a0\u00bbdefault\u00a0\u00bb global_colors_info=\u00a0\u00bb{}\u00a0\u00bb]<\/p>\n<h3 style=\"text-align: justify;\">Donner de l&rsquo;espoir<span><\/span><span><\/span><span><\/span><\/h3>\n<p style=\"text-align: justify;\"><span>Gr\u00e2ce \u00e0 nos efforts, nous apportons notre soutien \u00e0 des personnes appartenant \u00e0 certaines des communaut\u00e9s<\/span> <b data-stringify-type=\"bold\">les plus vuln\u00e9rables du monde.<\/b><span> <\/span><\/p>\n<p style=\"text-align: justify;\"><span>Votre legs est un engagement que nous prenons au s\u00e9rieux, en veillant \u00e0 ce qu&rsquo;il soit sp\u00e9cifiquement orient\u00e9 vers la protection des personnes contre les m\u00e9faits de l&rsquo;alcool et des autres drogues. <\/span><span aria-label=\"\" class=\"c-mrkdwn__br\" data-stringify-type=\"paragraph-break\"><\/span><span>En nous confiant votre h\u00e9ritage, vous nous donnez les moyens de faire avancer notre vision commune :<\/span> <b data-stringify-type=\"bold\">un monde sans violence, sans oppression et sans maladies li\u00e9es \u00e0 l&rsquo;alcool ou \u00e0 d&rsquo;autres drogues.<\/b><span> <\/span><\/p>\n<p style=\"text-align: justify;\"><span>Nous acceptons cette responsabilit\u00e9 avec beaucoup de respect et nous nous engageons \u00e0 utiliser votre patrimoine conform\u00e9ment \u00e0 vos souhaits. <\/span><span aria-label=\"\" class=\"c-mrkdwn__br\" data-stringify-type=\"paragraph-break\"><\/span><span>Afin de garantir le plus grand professionnalisme, nous nous sommes associ\u00e9s aux sp\u00e9cialistes de DeinAdieu, ce qui nous permet d&rsquo;offrir des conseils juridiques comp\u00e9tents et ind\u00e9pendants. En nous associant \u00e0 DeinAdieu, nous pouvons vous assurer que votre succession sera g\u00e9r\u00e9e avec soin et diligence, en trouvant la bonne solution adapt\u00e9e \u00e0 vos pr\u00e9f\u00e9rences.<\/span><span><\/span><span><\/span><\/p>\n<p style=\"text-align: justify;\"><span><\/span><\/p>\n<h5 style=\"text-align: justify;\">Consultation initiale gratuite avec des sp\u00e9cialistes du droit des successions<\/h5>\n<p style=\"text-align: justify;\">Inscrivez-vous pour une premi\u00e8re consultation gratuite avec l&rsquo;un de nos sp\u00e9cialistes en droit des successions. Ils r\u00e9pondront \u00e0 toutes les questions que vous vous posez au sujet de votre testament ou de votre h\u00e9ritage. Une fois que vous avez pris rendez-vous pour une consultation, nous vous contacterons par t\u00e9l\u00e9phone pour fixer un rendez-vous avec notre sp\u00e9cialiste.<\/p>\n<p>[\/et_pb_text][et_pb_button button_url=\u00a0\u00bbhttps:\/\/app.deinadieu.ch\/consulting\/ngo\/7526?\u00a0\u00bb url_new_window=\u00a0\u00bbon\u00a0\u00bb button_text=\u00a0\u00bbConsultation initiale gratuite\u00a0\u00bb _builder_version=\u00a0\u00bb4.24.0&Prime; _module_preset=\u00a0\u00bbdefault\u00a0\u00bb custom_button=\u00a0\u00bbon\u00a0\u00bb button_text_color=\u00a0\u00bb#FFFFFF\u00a0\u00bb button_bg_color=\u00a0\u00bb#f26722&Prime; global_colors_info=\u00a0\u00bb{}\u00a0\u00bb][\/et_pb_button][\/et_pb_column][et_pb_column type=\u00a0\u00bb1_3&Prime; _builder_version=\u00a0\u00bb4.16&Prime; _module_preset=\u00a0\u00bbdefault\u00a0\u00bb background_color=\u00a0\u00bb#efefef\u00a0\u00bb global_colors_info=\u00a0\u00bb{}\u00a0\u00bb][et_pb_blurb title=\u00a0\u00bbSi vous \u00eates int\u00e9ress\u00e9.e.s ou si vous avez des questions, veuillez nous contacter.\u00a0\u00bb _builder_version=\u00a0\u00bb4.27.6&Prime; _module_preset=\u00a0\u00bbdefault\u00a0\u00bb header_line_height=\u00a0\u00bb1.4em\u00a0\u00bb custom_padding=\u00a0\u00bb10px|10px|10px|10px|false|false\u00a0\u00bb hover_enabled=\u00a0\u00bb0&Prime; global_colors_info=\u00a0\u00bb{}\u00a0\u00bb title_text=\u00a0\u00bbIMG_6815&Prime; image=\u00a0\u00bbhttps:\/\/internationalbluecross.org\/wp-content\/uploads\/2026\/03\/IMG_6815-scaled.jpeg\u00a0\u00bb sticky_enabled=\u00a0\u00bb0&Prime;]<\/p>\n<p><b>Jonas Graf<\/b><br \/>Assistante Collecte de fonds &amp; Communication<br \/>Tel: <a href=\"tel:+41313019804\">+ 41 31 301 98 04<\/a><\/p>\n<p>[\/et_pb_blurb][et_pb_button button_url=\u00a0\u00bbmailto:j.graf@internationalbluecross.org\u00a0\u00bb button_text=\u00a0\u00bbEmail\u00a0\u00bb button_alignment=\u00a0\u00bbcenter\u00a0\u00bb _builder_version=\u00a0\u00bb4.27.5&Prime; _module_preset=\u00a0\u00bbdefault\u00a0\u00bb custom_button=\u00a0\u00bbon\u00a0\u00bb button_text_color=\u00a0\u00bb#6A5C46&Prime; button_bg_color=\u00a0\u00bb#d3d3d3&Prime; button_border_width=\u00a0\u00bb0px\u00a0\u00bb button_border_radius=\u00a0\u00bb0px\u00a0\u00bb button_icon=\u00a0\u00bb&#xe010;||divi||400&Prime; button_icon_color=\u00a0\u00bb#6a5c46&Prime; button_icon_placement=\u00a0\u00bbleft\u00a0\u00bb button_on_hover=\u00a0\u00bboff\u00a0\u00bb custom_margin=\u00a0\u00bb||||false|false\u00a0\u00bb custom_css_main_element=\u00a0\u00bbwidth: 100%;\u00a0\u00bb global_colors_info=\u00a0\u00bb{}\u00a0\u00bb][\/et_pb_button][\/et_pb_column][\/et_pb_row][et_pb_row column_structure=\u00a0\u00bb1_2,1_2&Prime; _builder_version=\u00a0\u00bb4.24.0&Prime; _module_preset=\u00a0\u00bbdefault\u00a0\u00bb global_colors_info=\u00a0\u00bb{}\u00a0\u00bb][et_pb_column type=\u00a0\u00bb1_2&Prime; _builder_version=\u00a0\u00bb4.24.0&Prime; _module_preset=\u00a0\u00bbdefault\u00a0\u00bb global_colors_info=\u00a0\u00bb{}\u00a0\u00bb][et_pb_text _builder_version=\u00a0\u00bb4.24.0&Prime; _module_preset=\u00a0\u00bbdefault\u00a0\u00bb global_colors_info=\u00a0\u00bb{}\u00a0\u00bb]<\/p>\n<h5 style=\"text-align: justify;\">Comment dois-je proc\u00e9der ?<\/h5>\n<ol>\n<li>Cr\u00e9ez un mod\u00e8le de testament libre et calculez les droits statutaires.<\/li>\n<li>Transcrivez le mod\u00e8le de testament \u00e0 la main et ajoutez la date et la signature.<\/li>\n<li>D\u00e9poser le document aupr\u00e8s de l&rsquo;office cantonal comp\u00e9tent, d&rsquo;un notaire, d&rsquo;un avocat ou dans un endroit o\u00f9 il peut \u00eatre ais\u00e9ment trouv\u00e9.<\/li>\n<\/ol>\n<p>[\/et_pb_text][\/et_pb_column][et_pb_column type=\u00a0\u00bb1_2&Prime; _builder_version=\u00a0\u00bb4.24.0&Prime; _module_preset=\u00a0\u00bbdefault\u00a0\u00bb global_colors_info=\u00a0\u00bb{}\u00a0\u00bb][et_pb_text _builder_version=\u00a0\u00bb4.24.0&Prime; _module_preset=\u00a0\u00bbdefault\u00a0\u00bb global_colors_info=\u00a0\u00bb{}\u00a0\u00bb]<\/p>\n<h5>R\u00e9diger un testament et y inclure IBC<\/h5>\n<p>Pr\u00e9parez vos derni\u00e8res volont\u00e9s. R\u00e9digez un testament durable. Avec un testament, vous pouvez g\u00e9rer votre patrimoine selon vos souhaits. R\u00e9glez votre succession facilement et en toute s\u00e9curit\u00e9 d\u00e8s maintenant ![\/et_pb_text][et_pb_button button_url=\u00a0\u00bbhttps:\/\/app.deinadieu.ch\/#\/testamentgenerator\/international-blue-cross\u00a0\u00bb url_new_window=\u00a0\u00bbon\u00a0\u00bb button_text=\u00a0\u00bbCr\u00e9ez votre testament\u00a0\u00bb _builder_version=\u00a0\u00bb4.16&Prime; _module_preset=\u00a0\u00bbdefault\u00a0\u00bb custom_button=\u00a0\u00bbon\u00a0\u00bb button_text_color=\u00a0\u00bb#FFFFFF\u00a0\u00bb button_bg_color=\u00a0\u00bb#f26722&Prime; global_colors_info=\u00a0\u00bb{}\u00a0\u00bb][\/et_pb_button][\/et_pb_column][\/et_pb_row][\/et_pb_section]<\/p>\n","protected":false},"excerpt":{"rendered":"<p>Donner de l&rsquo;espoir Gr\u00e2ce \u00e0 nos efforts, nous apportons notre soutien \u00e0 des personnes appartenant \u00e0 certaines des communaut\u00e9s les plus vuln\u00e9rables du monde. Votre legs est un engagement que nous prenons au s\u00e9rieux, en veillant \u00e0 ce qu&rsquo;il soit sp\u00e9cifiquement orient\u00e9 vers la protection des personnes contre les m\u00e9faits de l&rsquo;alcool et des autres [&hellip;]<\/p>\n","protected":false},"author":2,"featured_media":0,"parent":1644,"menu_order":0,"comment_status":"closed","ping_status":"closed","template":"","meta":{"give_campaign_id":0,"_et_pb_use_builder":"on","_et_pb_old_content":"","_et_gb_content_width":"","footnotes":""},"class_list":["post-1650","page","type-page","status-publish","hentry"],"yoast_head":"<!-- This site is optimized with the Yoast SEO plugin v27.6 - https:\/\/yoast.com\/product\/yoast-seo-wordpress\/ -->\n<title>L\u00e9gat et h\u00e9ritage - International Blue Cross<\/title>\n<meta name=\"robots\" content=\"index, follow, max-snippet:-1, max-image-preview:large, max-video-preview:-1\" \/>\n<link rel=\"canonical\" href=\"https:\/\/internationalbluecross.org\/fr\/soutien\/faire-un-don\/legat-et-heritage\/\" \/>\n<meta property=\"og:locale\" content=\"fr_FR\" \/>\n<meta property=\"og:type\" content=\"article\" \/>\n<meta property=\"og:title\" content=\"L\u00e9gat et h\u00e9ritage - International Blue Cross\" \/>\n<meta property=\"og:description\" content=\"Donner de l&#039;espoir Gr\u00e2ce \u00e0 nos efforts, nous apportons notre soutien \u00e0 des personnes appartenant \u00e0 certaines des communaut\u00e9s les plus vuln\u00e9rables du monde. Votre legs est un engagement que nous prenons au s\u00e9rieux, en veillant \u00e0 ce qu&#039;il soit sp\u00e9cifiquement orient\u00e9 vers la protection des personnes contre les m\u00e9faits de l&#039;alcool et des autres [&hellip;]\" \/>\n<meta property=\"og:url\" content=\"https:\/\/internationalbluecross.org\/fr\/soutien\/faire-un-don\/legat-et-heritage\/\" \/>\n<meta property=\"og:site_name\" content=\"International Blue Cross\" \/>\n<meta property=\"article:publisher\" content=\"https:\/\/www.facebook.com\/InternationalBlueCross\" \/>\n<meta property=\"article:modified_time\" content=\"2026-03-02T14:34:04+00:00\" \/>\n<meta name=\"twitter:card\" content=\"summary_large_image\" \/>\n<meta name=\"twitter:site\" content=\"@BlueCrossTweets\" \/>\n<meta name=\"twitter:label1\" content=\"Dur\u00e9e de lecture estim\u00e9e\" \/>\n\t<meta name=\"twitter:data1\" content=\"4 minutes\" \/>\n<script type=\"application\/ld+json\" class=\"yoast-schema-graph\">{\"@context\":\"https:\\\/\\\/schema.org\",\"@graph\":[{\"@type\":\"WebPage\",\"@id\":\"https:\\\/\\\/internationalbluecross.org\\\/fr\\\/soutien\\\/faire-un-don\\\/legat-et-heritage\\\/\",\"url\":\"https:\\\/\\\/internationalbluecross.org\\\/fr\\\/soutien\\\/faire-un-don\\\/legat-et-heritage\\\/\",\"name\":\"L\u00e9gat et h\u00e9ritage - International Blue Cross\",\"isPartOf\":{\"@id\":\"https:\\\/\\\/internationalbluecross.org\\\/fr\\\/#website\"},\"datePublished\":\"2022-02-03T14:18:16+00:00\",\"dateModified\":\"2026-03-02T14:34:04+00:00\",\"breadcrumb\":{\"@id\":\"https:\\\/\\\/internationalbluecross.org\\\/fr\\\/soutien\\\/faire-un-don\\\/legat-et-heritage\\\/#breadcrumb\"},\"inLanguage\":\"fr-FR\",\"potentialAction\":[{\"@type\":\"ReadAction\",\"target\":[\"https:\\\/\\\/internationalbluecross.org\\\/fr\\\/soutien\\\/faire-un-don\\\/legat-et-heritage\\\/\"]}]},{\"@type\":\"BreadcrumbList\",\"@id\":\"https:\\\/\\\/internationalbluecross.org\\\/fr\\\/soutien\\\/faire-un-don\\\/legat-et-heritage\\\/#breadcrumb\",\"itemListElement\":[{\"@type\":\"ListItem\",\"position\":1,\"name\":\"Home\",\"item\":\"https:\\\/\\\/internationalbluecross.org\\\/fr\\\/la-croix-bleue-internationale\\\/\"},{\"@type\":\"ListItem\",\"position\":2,\"name\":\"Soutien\",\"item\":\"https:\\\/\\\/internationalbluecross.org\\\/fr\\\/soutien\\\/\"},{\"@type\":\"ListItem\",\"position\":3,\"name\":\"Faire un don\",\"item\":\"https:\\\/\\\/internationalbluecross.org\\\/fr\\\/soutien\\\/faire-un-don\\\/\"},{\"@type\":\"ListItem\",\"position\":4,\"name\":\"L\u00e9gat et h\u00e9ritage\"}]},{\"@type\":\"WebSite\",\"@id\":\"https:\\\/\\\/internationalbluecross.org\\\/fr\\\/#website\",\"url\":\"https:\\\/\\\/internationalbluecross.org\\\/fr\\\/\",\"name\":\"International Blue Cross\",\"description\":\"Protecting People from being harmed by Alcohol and Drugs\",\"publisher\":{\"@id\":\"https:\\\/\\\/internationalbluecross.org\\\/fr\\\/#organization\"},\"potentialAction\":[{\"@type\":\"SearchAction\",\"target\":{\"@type\":\"EntryPoint\",\"urlTemplate\":\"https:\\\/\\\/internationalbluecross.org\\\/fr\\\/?s={search_term_string}\"},\"query-input\":{\"@type\":\"PropertyValueSpecification\",\"valueRequired\":true,\"valueName\":\"search_term_string\"}}],\"inLanguage\":\"fr-FR\"},{\"@type\":\"Organization\",\"@id\":\"https:\\\/\\\/internationalbluecross.org\\\/fr\\\/#organization\",\"name\":\"International Blue Cross\",\"url\":\"https:\\\/\\\/internationalbluecross.org\\\/fr\\\/\",\"logo\":{\"@type\":\"ImageObject\",\"inLanguage\":\"fr-FR\",\"@id\":\"https:\\\/\\\/internationalbluecross.org\\\/fr\\\/#\\\/schema\\\/logo\\\/image\\\/\",\"url\":\"https:\\/\\/internationalbluecross.org\\/wp-content\\/uploads\\/2022\\/08\\/logo-donations-thanks-sm.jpg\",\"contentUrl\":\"https:\\/\\/internationalbluecross.org\\/wp-content\\/uploads\\/2022\\/08\\/logo-donations-thanks-sm.jpg\",\"width\":680,\"height\":400,\"caption\":\"International Blue Cross\"},\"image\":{\"@id\":\"https:\\\/\\\/internationalbluecross.org\\\/fr\\\/#\\\/schema\\\/logo\\\/image\\\/\"},\"sameAs\":[\"https:\\\/\\\/www.facebook.com\\\/InternationalBlueCross\",\"https:\\\/\\\/x.com\\\/BlueCrossTweets\"]}]}<\/script>\n<!-- \/ Yoast SEO plugin. -->","yoast_head_json":{"title":"L\u00e9gat et h\u00e9ritage - International Blue Cross","robots":{"index":"index","follow":"follow","max-snippet":"max-snippet:-1","max-image-preview":"max-image-preview:large","max-video-preview":"max-video-preview:-1"},"canonical":"https:\/\/internationalbluecross.org\/fr\/soutien\/faire-un-don\/legat-et-heritage\/","og_locale":"fr_FR","og_type":"article","og_title":"L\u00e9gat et h\u00e9ritage - International Blue Cross","og_description":"Donner de l'espoir Gr\u00e2ce \u00e0 nos efforts, nous apportons notre soutien \u00e0 des personnes appartenant \u00e0 certaines des communaut\u00e9s les plus vuln\u00e9rables du monde. Votre legs est un engagement que nous prenons au s\u00e9rieux, en veillant \u00e0 ce qu'il soit sp\u00e9cifiquement orient\u00e9 vers la protection des personnes contre les m\u00e9faits de l'alcool et des autres [&hellip;]","og_url":"https:\/\/internationalbluecross.org\/fr\/soutien\/faire-un-don\/legat-et-heritage\/","og_site_name":"International Blue Cross","article_publisher":"https:\/\/www.facebook.com\/InternationalBlueCross","article_modified_time":"2026-03-02T14:34:04+00:00","twitter_card":"summary_large_image","twitter_site":"@BlueCrossTweets","twitter_misc":{"Dur\u00e9e de lecture estim\u00e9e":"4 minutes"},"schema":{"@context":"https:\/\/schema.org","@graph":[{"@type":"WebPage","@id":"https:\/\/internationalbluecross.org\/fr\/soutien\/faire-un-don\/legat-et-heritage\/","url":"https:\/\/internationalbluecross.org\/fr\/soutien\/faire-un-don\/legat-et-heritage\/","name":"L\u00e9gat et h\u00e9ritage - International Blue Cross","isPartOf":{"@id":"https:\/\/internationalbluecross.org\/fr\/#website"},"datePublished":"2022-02-03T14:18:16+00:00","dateModified":"2026-03-02T14:34:04+00:00","breadcrumb":{"@id":"https:\/\/internationalbluecross.org\/fr\/soutien\/faire-un-don\/legat-et-heritage\/#breadcrumb"},"inLanguage":"fr-FR","potentialAction":[{"@type":"ReadAction","target":["https:\/\/internationalbluecross.org\/fr\/soutien\/faire-un-don\/legat-et-heritage\/"]}]},{"@type":"BreadcrumbList","@id":"https:\/\/internationalbluecross.org\/fr\/soutien\/faire-un-don\/legat-et-heritage\/#breadcrumb","itemListElement":[{"@type":"ListItem","position":1,"name":"Home","item":"https:\/\/internationalbluecross.org\/fr\/la-croix-bleue-internationale\/"},{"@type":"ListItem","position":2,"name":"Soutien","item":"https:\/\/internationalbluecross.org\/fr\/soutien\/"},{"@type":"ListItem","position":3,"name":"Faire un don","item":"https:\/\/internationalbluecross.org\/fr\/soutien\/faire-un-don\/"},{"@type":"ListItem","position":4,"name":"L\u00e9gat et h\u00e9ritage"}]},{"@type":"WebSite","@id":"https:\/\/internationalbluecross.org\/fr\/#website","url":"https:\/\/internationalbluecross.org\/fr\/","name":"International Blue Cross","description":"Protecting People from being harmed by Alcohol and Drugs","publisher":{"@id":"https:\/\/internationalbluecross.org\/fr\/#organization"},"potentialAction":[{"@type":"SearchAction","target":{"@type":"EntryPoint","urlTemplate":"https:\/\/internationalbluecross.org\/fr\/?s={search_term_string}"},"query-input":{"@type":"PropertyValueSpecification","valueRequired":true,"valueName":"search_term_string"}}],"inLanguage":"fr-FR"},{"@type":"Organization","@id":"https:\/\/internationalbluecross.org\/fr\/#organization","name":"International Blue Cross","url":"https:\/\/internationalbluecross.org\/fr\/","logo":{"@type":"ImageObject","inLanguage":"fr-FR","@id":"https:\/\/internationalbluecross.org\/fr\/#\/schema\/logo\/image\/","url":"https:\/\/mll3h1jyy9a5.i.optimole.com\/w:auto\/h:auto\/q:mauto\/ig:avif\/https:\/\/internationalbluecross.org\/wp-content\/uploads\/2022\/08\/logo-donations-thanks-sm.jpg","contentUrl":"https:\/\/mll3h1jyy9a5.i.optimole.com\/w:auto\/h:auto\/q:mauto\/ig:avif\/https:\/\/internationalbluecross.org\/wp-content\/uploads\/2022\/08\/logo-donations-thanks-sm.jpg","width":680,"height":400,"caption":"International Blue Cross"},"image":{"@id":"https:\/\/internationalbluecross.org\/fr\/#\/schema\/logo\/image\/"},"sameAs":["https:\/\/www.facebook.com\/InternationalBlueCross","https:\/\/x.com\/BlueCrossTweets"]}]}},"campaignId":"","_links":{"self":[{"href":"https:\/\/internationalbluecross.org\/fr\/wp-json\/wp\/v2\/pages\/1650","targetHints":{"allow":["GET"]}}],"collection":[{"href":"https:\/\/internationalbluecross.org\/fr\/wp-json\/wp\/v2\/pages"}],"about":[{"href":"https:\/\/internationalbluecross.org\/fr\/wp-json\/wp\/v2\/types\/page"}],"author":[{"embeddable":true,"href":"https:\/\/internationalbluecross.org\/fr\/wp-json\/wp\/v2\/users\/2"}],"replies":[{"embeddable":true,"href":"https:\/\/internationalbluecross.org\/fr\/wp-json\/wp\/v2\/comments?post=1650"}],"version-history":[{"count":8,"href":"https:\/\/internationalbluecross.org\/fr\/wp-json\/wp\/v2\/pages\/1650\/revisions"}],"predecessor-version":[{"id":7304,"href":"https:\/\/internationalbluecross.org\/fr\/wp-json\/wp\/v2\/pages\/1650\/revisions\/7304"}],"up":[{"embeddable":true,"href":"https:\/\/internationalbluecross.org\/fr\/wp-json\/wp\/v2\/pages\/1644"}],"wp:attachment":[{"href":"https:\/\/internationalbluecross.org\/fr\/wp-json\/wp\/v2\/media?parent=1650"}],"curies":[{"name":"wp","href":"https:\/\/api.w.org\/{rel}","templated":true}]}}