{"id":1599,"date":"2022-02-03T14:18:46","date_gmt":"2022-02-03T14:18:46","guid":{"rendered":"https:\/\/internationalbluecross.org\/ressources\/dautres-publications\/"},"modified":"2024-07-12T12:14:42","modified_gmt":"2024-07-12T12:14:42","slug":"dautres-publications","status":"publish","type":"page","link":"https:\/\/internationalbluecross.org\/fr\/ressources\/dautres-publications\/","title":{"rendered":"Autres publications"},"content":{"rendered":"<p>[et_pb_section fb_built=\u00a0\u00bb1&Prime; module_class=\u00a0\u00bbsection_reports\u00a0\u00bb _builder_version=\u00a0\u00bb4.16&Prime; _module_preset=\u00a0\u00bbdefault\u00a0\u00bb global_colors_info=\u00a0\u00bb{}\u00a0\u00bb][et_pb_row _builder_version=\u00a0\u00bb4.21.0&Prime; _module_preset=\u00a0\u00bbdefault\u00a0\u00bb global_colors_info=\u00a0\u00bb{}\u00a0\u00bb][et_pb_column type=\u00a0\u00bb4_4&Prime; _builder_version=\u00a0\u00bb4.16&Prime; _module_preset=\u00a0\u00bbdefault\u00a0\u00bb global_colors_info=\u00a0\u00bb{}\u00a0\u00bb][et_pb_post_title meta=\u00a0\u00bboff\u00a0\u00bb featured_image=\u00a0\u00bboff\u00a0\u00bb _builder_version=\u00a0\u00bb4.16&Prime; _module_preset=\u00a0\u00bbdefault\u00a0\u00bb title_font=\u00a0\u00bb|700|on||||||\u00a0\u00bb title_font_size=\u00a0\u00bb30px\u00a0\u00bb custom_margin=\u00a0\u00bb||10px||false|false\u00a0\u00bb global_colors_info=\u00a0\u00bb{}\u00a0\u00bb][\/et_pb_post_title][et_pb_text module_class=\u00a0\u00bbpdflists\u00a0\u00bb _builder_version=\u00a0\u00bb4.24.0&Prime; _module_preset=\u00a0\u00bbdefault\u00a0\u00bb text_font=\u00a0\u00bb||||||||\u00a0\u00bb ul_font=\u00a0\u00bb||on||||||\u00a0\u00bb ul_font_size=\u00a0\u00bb18px\u00a0\u00bb ul_line_height=\u00a0\u00bb1.8em\u00a0\u00bb header_3_line_height=\u00a0\u00bb1.5em\u00a0\u00bb global_colors_info=\u00a0\u00bb{}\u00a0\u00bb]<\/p>\n<ul>\n<li><a href=\"https:\/\/internationalbluecross.org\/wp-content\/uploads\/2022\/02\/ReducingAlcoholHarm_2013_Final_compres.pdf\" target=\"_blank\" rel=\"noopener\">Les communaut\u00e9s en action, att\u00e9nuer l&rsquo;impact des dangers de l&rsquo;alcool en Afrique (10.2 MB)<\/a><\/li>\n<li><a href=\"https:\/\/internationalbluecross.org\/wp-content\/uploads\/2022\/02\/Evidence_Based_Alcohol_Policy_2013.pdf\" target=\"_blank\" rel=\"noopener\">Manuel de formation pour les politiques en mati\u00e8re d&rsquo;alcool fond\u00e9es sur des preuves dans les pays en d\u00e9veloppement (1.3 MB)<\/a><br \/>Beaucoup de pays africains ne sont pas pr\u00e9par\u00e9s \u00e0 lutter efficacement contre les probl\u00e8mes qui sont issus de la disponibilit\u00e9 d&rsquo;alcool. Pr\u00e9venir ces probl\u00e8mes rel\u00e8ve m\u00eame du d\u00e9fi. Dans chaque soci\u00e9t\u00e9, la facilit\u00e9 d&rsquo;acc\u00e8s \u00e0 l&rsquo;alcool doit \u00eatre combattue par une politique nationale et locale forte. Ce programme de formation sur les politiques en mati\u00e8re d&rsquo;alcool fond\u00e9es sur des preuves dans les pays en d\u00e9veloppement a \u00e9t\u00e9 \u00e9labor\u00e9 \u00e0 des fins d&rsquo;utilisation selon les contextes multiples du continent africain.<\/li>\n<li><a href=\"https:\/\/internationalbluecross.org\/wp-content\/uploads\/2022\/02\/Self-help_Group_Manual_2013.pdf\" target=\"_blank\" rel=\"noopener\">Aider les autres \u00e0 s&rsquo;aider: Le manuel de la Croix Bleue pour les groupes de d\u00e9veloppement personnel en situation de d\u00e9pendance (452KB)<\/a><br \/>Le r\u00e9tablissement d&rsquo;une d\u00e9pendance est un parcours multidimensionel et sem\u00e9 d&rsquo;obstacles, qui ne peut \u00eatre effectu\u00e9 qu&rsquo;\u00e0 travers un syst\u00e8me de soutien. En collaboration avec la Croix Bleue du canton de Berne, en Suisse, l&rsquo;IBC a \u00e9labor\u00e9 un guide pour pr\u00e9senter le concept d&rsquo;auto-assistance et montrer comment mobiliser ces groupes dans votre pays.<\/li>\n<li><a href=\"https:\/\/internationalbluecross.org\/wp-content\/uploads\/2022\/02\/Guide-Mobilisation-Fonds_final_E.pdf\" target=\"_blank\" rel=\"noopener\">Manuel sur la collecte de fonds de nos partenaires (KoGe, Bread for All) (1.4 MB)<\/a><\/li>\n<\/ul>\n<p>&nbsp;<\/p>\n<p>&nbsp;<\/p>\n<p>[\/et_pb_text][\/et_pb_column][\/et_pb_row][\/et_pb_section]<\/p>\n","protected":false},"excerpt":{"rendered":"<p>Les communaut\u00e9s en action, att\u00e9nuer l&rsquo;impact des dangers de l&rsquo;alcool en Afrique (10.2 MB) Manuel de formation pour les politiques en mati\u00e8re d&rsquo;alcool fond\u00e9es sur des preuves dans les pays en d\u00e9veloppement (1.3 MB)Beaucoup de pays africains ne sont pas pr\u00e9par\u00e9s \u00e0 lutter efficacement contre les probl\u00e8mes qui sont issus de la disponibilit\u00e9 d&rsquo;alcool. Pr\u00e9venir [&hellip;]<\/p>\n","protected":false},"author":2,"featured_media":0,"parent":1454,"menu_order":0,"comment_status":"closed","ping_status":"closed","template":"","meta":{"give_campaign_id":0,"_et_pb_use_builder":"on","_et_pb_old_content":"","_et_gb_content_width":"","footnotes":""},"class_list":["post-1599","page","type-page","status-publish","hentry"],"yoast_head":"<!-- This site is optimized with the Yoast SEO plugin v27.6 - https:\/\/yoast.com\/product\/yoast-seo-wordpress\/ -->\n<title>Autres publications - International Blue Cross<\/title>\n<meta name=\"robots\" content=\"index, follow, max-snippet:-1, max-image-preview:large, max-video-preview:-1\" \/>\n<link rel=\"canonical\" href=\"https:\/\/internationalbluecross.org\/fr\/ressources\/dautres-publications\/\" \/>\n<meta property=\"og:locale\" content=\"fr_FR\" \/>\n<meta property=\"og:type\" content=\"article\" \/>\n<meta property=\"og:title\" content=\"Autres publications - International Blue Cross\" \/>\n<meta property=\"og:description\" content=\"Les communaut\u00e9s en action, att\u00e9nuer l&#039;impact des dangers de l&#039;alcool en Afrique (10.2 MB) Manuel de formation pour les politiques en mati\u00e8re d&#039;alcool fond\u00e9es sur des preuves dans les pays en d\u00e9veloppement (1.3 MB)Beaucoup de pays africains ne sont pas pr\u00e9par\u00e9s \u00e0 lutter efficacement contre les probl\u00e8mes qui sont issus de la disponibilit\u00e9 d&#039;alcool. Pr\u00e9venir [&hellip;]\" \/>\n<meta property=\"og:url\" content=\"https:\/\/internationalbluecross.org\/fr\/ressources\/dautres-publications\/\" \/>\n<meta property=\"og:site_name\" content=\"International Blue Cross\" \/>\n<meta property=\"article:publisher\" content=\"https:\/\/www.facebook.com\/InternationalBlueCross\" \/>\n<meta property=\"article:modified_time\" content=\"2024-07-12T12:14:42+00:00\" \/>\n<meta name=\"twitter:card\" content=\"summary_large_image\" \/>\n<meta name=\"twitter:site\" content=\"@BlueCrossTweets\" \/>\n<meta name=\"twitter:label1\" content=\"Dur\u00e9e de lecture estim\u00e9e\" \/>\n\t<meta name=\"twitter:data1\" content=\"2 minutes\" \/>\n<script type=\"application\/ld+json\" class=\"yoast-schema-graph\">{\"@context\":\"https:\\\/\\\/schema.org\",\"@graph\":[{\"@type\":\"WebPage\",\"@id\":\"https:\\\/\\\/internationalbluecross.org\\\/fr\\\/ressources\\\/dautres-publications\\\/\",\"url\":\"https:\\\/\\\/internationalbluecross.org\\\/fr\\\/ressources\\\/dautres-publications\\\/\",\"name\":\"Autres publications - International Blue Cross\",\"isPartOf\":{\"@id\":\"https:\\\/\\\/internationalbluecross.org\\\/fr\\\/#website\"},\"datePublished\":\"2022-02-03T14:18:46+00:00\",\"dateModified\":\"2024-07-12T12:14:42+00:00\",\"breadcrumb\":{\"@id\":\"https:\\\/\\\/internationalbluecross.org\\\/fr\\\/ressources\\\/dautres-publications\\\/#breadcrumb\"},\"inLanguage\":\"fr-FR\",\"potentialAction\":[{\"@type\":\"ReadAction\",\"target\":[\"https:\\\/\\\/internationalbluecross.org\\\/fr\\\/ressources\\\/dautres-publications\\\/\"]}]},{\"@type\":\"BreadcrumbList\",\"@id\":\"https:\\\/\\\/internationalbluecross.org\\\/fr\\\/ressources\\\/dautres-publications\\\/#breadcrumb\",\"itemListElement\":[{\"@type\":\"ListItem\",\"position\":1,\"name\":\"Home\",\"item\":\"https:\\\/\\\/internationalbluecross.org\\\/fr\\\/la-croix-bleue-internationale\\\/\"},{\"@type\":\"ListItem\",\"position\":2,\"name\":\"Ressources\",\"item\":\"https:\\\/\\\/internationalbluecross.org\\\/fr\\\/ressources\\\/\"},{\"@type\":\"ListItem\",\"position\":3,\"name\":\"Autres publications\"}]},{\"@type\":\"WebSite\",\"@id\":\"https:\\\/\\\/internationalbluecross.org\\\/fr\\\/#website\",\"url\":\"https:\\\/\\\/internationalbluecross.org\\\/fr\\\/\",\"name\":\"International Blue Cross\",\"description\":\"Protecting People from being harmed by Alcohol and Drugs\",\"publisher\":{\"@id\":\"https:\\\/\\\/internationalbluecross.org\\\/fr\\\/#organization\"},\"potentialAction\":[{\"@type\":\"SearchAction\",\"target\":{\"@type\":\"EntryPoint\",\"urlTemplate\":\"https:\\\/\\\/internationalbluecross.org\\\/fr\\\/?s={search_term_string}\"},\"query-input\":{\"@type\":\"PropertyValueSpecification\",\"valueRequired\":true,\"valueName\":\"search_term_string\"}}],\"inLanguage\":\"fr-FR\"},{\"@type\":\"Organization\",\"@id\":\"https:\\\/\\\/internationalbluecross.org\\\/fr\\\/#organization\",\"name\":\"International Blue Cross\",\"url\":\"https:\\\/\\\/internationalbluecross.org\\\/fr\\\/\",\"logo\":{\"@type\":\"ImageObject\",\"inLanguage\":\"fr-FR\",\"@id\":\"https:\\\/\\\/internationalbluecross.org\\\/fr\\\/#\\\/schema\\\/logo\\\/image\\\/\",\"url\":\"https:\\/\\/internationalbluecross.org\\/wp-content\\/uploads\\/2022\\/08\\/logo-donations-thanks-sm.jpg\",\"contentUrl\":\"https:\\/\\/internationalbluecross.org\\/wp-content\\/uploads\\/2022\\/08\\/logo-donations-thanks-sm.jpg\",\"width\":680,\"height\":400,\"caption\":\"International Blue Cross\"},\"image\":{\"@id\":\"https:\\\/\\\/internationalbluecross.org\\\/fr\\\/#\\\/schema\\\/logo\\\/image\\\/\"},\"sameAs\":[\"https:\\\/\\\/www.facebook.com\\\/InternationalBlueCross\",\"https:\\\/\\\/x.com\\\/BlueCrossTweets\"]}]}<\/script>\n<!-- \/ Yoast SEO plugin. -->","yoast_head_json":{"title":"Autres publications - International Blue Cross","robots":{"index":"index","follow":"follow","max-snippet":"max-snippet:-1","max-image-preview":"max-image-preview:large","max-video-preview":"max-video-preview:-1"},"canonical":"https:\/\/internationalbluecross.org\/fr\/ressources\/dautres-publications\/","og_locale":"fr_FR","og_type":"article","og_title":"Autres publications - International Blue Cross","og_description":"Les communaut\u00e9s en action, att\u00e9nuer l'impact des dangers de l'alcool en Afrique (10.2 MB) Manuel de formation pour les politiques en mati\u00e8re d'alcool fond\u00e9es sur des preuves dans les pays en d\u00e9veloppement (1.3 MB)Beaucoup de pays africains ne sont pas pr\u00e9par\u00e9s \u00e0 lutter efficacement contre les probl\u00e8mes qui sont issus de la disponibilit\u00e9 d'alcool. Pr\u00e9venir [&hellip;]","og_url":"https:\/\/internationalbluecross.org\/fr\/ressources\/dautres-publications\/","og_site_name":"International Blue Cross","article_publisher":"https:\/\/www.facebook.com\/InternationalBlueCross","article_modified_time":"2024-07-12T12:14:42+00:00","twitter_card":"summary_large_image","twitter_site":"@BlueCrossTweets","twitter_misc":{"Dur\u00e9e de lecture estim\u00e9e":"2 minutes"},"schema":{"@context":"https:\/\/schema.org","@graph":[{"@type":"WebPage","@id":"https:\/\/internationalbluecross.org\/fr\/ressources\/dautres-publications\/","url":"https:\/\/internationalbluecross.org\/fr\/ressources\/dautres-publications\/","name":"Autres publications - International Blue Cross","isPartOf":{"@id":"https:\/\/internationalbluecross.org\/fr\/#website"},"datePublished":"2022-02-03T14:18:46+00:00","dateModified":"2024-07-12T12:14:42+00:00","breadcrumb":{"@id":"https:\/\/internationalbluecross.org\/fr\/ressources\/dautres-publications\/#breadcrumb"},"inLanguage":"fr-FR","potentialAction":[{"@type":"ReadAction","target":["https:\/\/internationalbluecross.org\/fr\/ressources\/dautres-publications\/"]}]},{"@type":"BreadcrumbList","@id":"https:\/\/internationalbluecross.org\/fr\/ressources\/dautres-publications\/#breadcrumb","itemListElement":[{"@type":"ListItem","position":1,"name":"Home","item":"https:\/\/internationalbluecross.org\/fr\/la-croix-bleue-internationale\/"},{"@type":"ListItem","position":2,"name":"Ressources","item":"https:\/\/internationalbluecross.org\/fr\/ressources\/"},{"@type":"ListItem","position":3,"name":"Autres publications"}]},{"@type":"WebSite","@id":"https:\/\/internationalbluecross.org\/fr\/#website","url":"https:\/\/internationalbluecross.org\/fr\/","name":"International Blue Cross","description":"Protecting People from being harmed by Alcohol and Drugs","publisher":{"@id":"https:\/\/internationalbluecross.org\/fr\/#organization"},"potentialAction":[{"@type":"SearchAction","target":{"@type":"EntryPoint","urlTemplate":"https:\/\/internationalbluecross.org\/fr\/?s={search_term_string}"},"query-input":{"@type":"PropertyValueSpecification","valueRequired":true,"valueName":"search_term_string"}}],"inLanguage":"fr-FR"},{"@type":"Organization","@id":"https:\/\/internationalbluecross.org\/fr\/#organization","name":"International Blue Cross","url":"https:\/\/internationalbluecross.org\/fr\/","logo":{"@type":"ImageObject","inLanguage":"fr-FR","@id":"https:\/\/internationalbluecross.org\/fr\/#\/schema\/logo\/image\/","url":"https:\/\/mll3h1jyy9a5.i.optimole.com\/w:auto\/h:auto\/q:mauto\/ig:avif\/https:\/\/internationalbluecross.org\/wp-content\/uploads\/2022\/08\/logo-donations-thanks-sm.jpg","contentUrl":"https:\/\/mll3h1jyy9a5.i.optimole.com\/w:auto\/h:auto\/q:mauto\/ig:avif\/https:\/\/internationalbluecross.org\/wp-content\/uploads\/2022\/08\/logo-donations-thanks-sm.jpg","width":680,"height":400,"caption":"International Blue Cross"},"image":{"@id":"https:\/\/internationalbluecross.org\/fr\/#\/schema\/logo\/image\/"},"sameAs":["https:\/\/www.facebook.com\/InternationalBlueCross","https:\/\/x.com\/BlueCrossTweets"]}]}},"campaignId":"","_links":{"self":[{"href":"https:\/\/internationalbluecross.org\/fr\/wp-json\/wp\/v2\/pages\/1599","targetHints":{"allow":["GET"]}}],"collection":[{"href":"https:\/\/internationalbluecross.org\/fr\/wp-json\/wp\/v2\/pages"}],"about":[{"href":"https:\/\/internationalbluecross.org\/fr\/wp-json\/wp\/v2\/types\/page"}],"author":[{"embeddable":true,"href":"https:\/\/internationalbluecross.org\/fr\/wp-json\/wp\/v2\/users\/2"}],"replies":[{"embeddable":true,"href":"https:\/\/internationalbluecross.org\/fr\/wp-json\/wp\/v2\/comments?post=1599"}],"version-history":[{"count":3,"href":"https:\/\/internationalbluecross.org\/fr\/wp-json\/wp\/v2\/pages\/1599\/revisions"}],"predecessor-version":[{"id":6428,"href":"https:\/\/internationalbluecross.org\/fr\/wp-json\/wp\/v2\/pages\/1599\/revisions\/6428"}],"up":[{"embeddable":true,"href":"https:\/\/internationalbluecross.org\/fr\/wp-json\/wp\/v2\/pages\/1454"}],"wp:attachment":[{"href":"https:\/\/internationalbluecross.org\/fr\/wp-json\/wp\/v2\/media?parent=1599"}],"curies":[{"name":"wp","href":"https:\/\/api.w.org\/{rel}","templated":true}]}}