{"id":1273,"date":"2022-02-03T14:18:01","date_gmt":"2022-02-03T14:18:01","guid":{"rendered":"https:\/\/internationalbluecross.org\/soutien\/"},"modified":"2024-07-12T12:17:48","modified_gmt":"2024-07-12T12:17:48","slug":"soutien","status":"publish","type":"page","link":"https:\/\/internationalbluecross.org\/fr\/soutien\/","title":{"rendered":"Soutien"},"content":{"rendered":"<p>[et_pb_section fb_built=\u00a0\u00bb1&Prime; _builder_version=\u00a0\u00bb4.16&Prime; _module_preset=\u00a0\u00bbdefault\u00a0\u00bb global_colors_info=\u00a0\u00bb{}\u00a0\u00bb][et_pb_row column_structure=\u00a0\u00bb3_5,2_5&Prime; _builder_version=\u00a0\u00bb4.16&Prime; _module_preset=\u00a0\u00bbdefault\u00a0\u00bb global_colors_info=\u00a0\u00bb{}\u00a0\u00bb][et_pb_column type=\u00a0\u00bb3_5&Prime; _builder_version=\u00a0\u00bb4.16&Prime; _module_preset=\u00a0\u00bbdefault\u00a0\u00bb global_colors_info=\u00a0\u00bb{}\u00a0\u00bb][et_pb_post_title meta=\u00a0\u00bboff\u00a0\u00bb featured_image=\u00a0\u00bboff\u00a0\u00bb _builder_version=\u00a0\u00bb4.16&Prime; _module_preset=\u00a0\u00bbdefault\u00a0\u00bb title_font=\u00a0\u00bb|700|on||||||\u00a0\u00bb title_font_size=\u00a0\u00bb38px\u00a0\u00bb custom_margin=\u00a0\u00bb||10px||false|false\u00a0\u00bb global_colors_info=\u00a0\u00bb{}\u00a0\u00bb][\/et_pb_post_title][et_pb_text _builder_version=\u00a0\u00bb4.21.0&Prime; _module_preset=\u00a0\u00bbdefault\u00a0\u00bb global_colors_info=\u00a0\u00bb{}\u00a0\u00bb]<\/p>\n<p>De nombreuses possibilit\u00e9s sont offertes pour contribuer \u00e0 la r\u00e9ussite de notre travail. Nous appr\u00e9cions les efforts et l&rsquo;engagement de chacun d&rsquo;entre eux. Si vous souhaitez nous soutenir, veuillez nous contacter. Au plaisir de vous compter parmi nous !<\/p>\n<p>[\/et_pb_text][et_pb_blurb title=\u00a0\u00bbS&#039;associer \u00e0 nous\u00a0\u00bb use_icon=\u00a0\u00bbon\u00a0\u00bb font_icon=\u00a0\u00bb&#x45;||divi||400&Prime; icon_color=\u00a0\u00bb#145ba6&Prime; icon_placement=\u00a0\u00bbleft\u00a0\u00bb _builder_version=\u00a0\u00bb4.21.0&Prime; _dynamic_attributes=\u00a0\u00bblink_option_url\u00a0\u00bb _module_preset=\u00a0\u00bbdefault\u00a0\u00bb header_text_color=\u00a0\u00bb#145ba6&Prime; link_option_url=\u00a0\u00bb@ET-DC@eyJkeW5hbWljIjp0cnVlLCJjb250ZW50IjoicG9zdF9saW5rX3VybF9wYWdlIiwic2V0dGluZ3MiOnsicG9zdF9pZCI6IjE3MiIsImVuYWJsZV9odG1sIjoib2ZmIn19@\u00a0\u00bb global_colors_info=\u00a0\u00bb{}\u00a0\u00bb]<\/p>\n<p>en savoir plus<\/p>\n<p>[\/et_pb_blurb][et_pb_blurb title=\u00a0\u00bbB\u00e9n\u00e9volat\u00a0\u00bb use_icon=\u00a0\u00bbon\u00a0\u00bb font_icon=\u00a0\u00bb&#x45;||divi||400&Prime; icon_color=\u00a0\u00bb#145ba6&Prime; icon_placement=\u00a0\u00bbleft\u00a0\u00bb _builder_version=\u00a0\u00bb4.16&Prime; _dynamic_attributes=\u00a0\u00bblink_option_url\u00a0\u00bb _module_preset=\u00a0\u00bbdefault\u00a0\u00bb link_option_url=\u00a0\u00bb@ET-DC@eyJkeW5hbWljIjp0cnVlLCJjb250ZW50IjoicG9zdF9saW5rX3VybF9wYWdlIiwic2V0dGluZ3MiOnsicG9zdF9pZCI6IjIwMSIsImVuYWJsZV9odG1sIjoib2ZmIn19@\u00a0\u00bb global_colors_info=\u00a0\u00bb{}\u00a0\u00bb]<\/p>\n<p>en savoir plus<\/p>\n<p>[\/et_pb_blurb][et_pb_blurb title=\u00a0\u00bbFaire un don\u00a0\u00bb use_icon=\u00a0\u00bbon\u00a0\u00bb font_icon=\u00a0\u00bb&#x45;||divi||400&Prime; icon_color=\u00a0\u00bb#145ba6&Prime; icon_placement=\u00a0\u00bbleft\u00a0\u00bb _builder_version=\u00a0\u00bb4.16&Prime; _dynamic_attributes=\u00a0\u00bblink_option_url\u00a0\u00bb _module_preset=\u00a0\u00bbdefault\u00a0\u00bb link_option_url=\u00a0\u00bb@ET-DC@eyJkeW5hbWljIjp0cnVlLCJjb250ZW50IjoicG9zdF9saW5rX3VybF9wYWdlIiwic2V0dGluZ3MiOnsicG9zdF9pZCI6IjIyNSIsImVuYWJsZV9odG1sIjoib2ZmIn19@\u00a0\u00bb global_colors_info=\u00a0\u00bb{}\u00a0\u00bb]<\/p>\n<p>en savoir plus<\/p>\n<p>[\/et_pb_blurb][\/et_pb_column][et_pb_column type=\u00a0\u00bb2_5&Prime; _builder_version=\u00a0\u00bb4.16&Prime; _module_preset=\u00a0\u00bbdefault\u00a0\u00bb background_color=\u00a0\u00bb#efefef\u00a0\u00bb global_colors_info=\u00a0\u00bb{}\u00a0\u00bb][et_pb_blurb title=\u00a0\u00bbNous nous r\u00e9jouissons de collaborer avec vous !\u00a0\u00bb image=\u00a0\u00bbhttps:\/\/internationalbluecross.org\/wp-content\/uploads\/2023\/09\/Julian.jpg\u00a0\u00bb _builder_version=\u00a0\u00bb4.22.1&Prime; _module_preset=\u00a0\u00bbdefault\u00a0\u00bb header_line_height=\u00a0\u00bb1.4em\u00a0\u00bb image_icon_custom_margin=\u00a0\u00bb||||false|false\u00a0\u00bb image_icon_custom_padding=\u00a0\u00bb||||false|false\u00a0\u00bb custom_padding=\u00a0\u00bb10px|10px|10px|10px|false|false\u00a0\u00bb global_module=\u00a0\u00bb4899&Prime; global_colors_info=\u00a0\u00bb{}\u00a0\u00bb]<\/p>\n<p><span class=\"contact-info\"><span class=\"contact-name\"><b>Julian Sterling<\/b><\/span><\/span><br \/><span class=\"contact-info\"><span class=\"contact-position\">Fundraising &amp; Programmes<\/span><\/span><\/p>\n<p>[\/et_pb_blurb][et_pb_button button_url=\u00a0\u00bbmailto:j.sterling@internationalbluecross.org\u00a0\u00bb button_text=\u00a0\u00bbEmail\u00a0\u00bb button_alignment=\u00a0\u00bbcenter\u00a0\u00bb _builder_version=\u00a0\u00bb4.24.3&Prime; _module_preset=\u00a0\u00bbdefault\u00a0\u00bb custom_button=\u00a0\u00bbon\u00a0\u00bb button_text_color=\u00a0\u00bb#6A5C46&Prime; button_bg_color=\u00a0\u00bb#d3d3d3&Prime; button_border_width=\u00a0\u00bb0px\u00a0\u00bb button_border_radius=\u00a0\u00bb0px\u00a0\u00bb button_icon=\u00a0\u00bb&#xe010;||divi||400&Prime; button_icon_color=\u00a0\u00bb#6a5c46&Prime; button_icon_placement=\u00a0\u00bbleft\u00a0\u00bb button_on_hover=\u00a0\u00bboff\u00a0\u00bb custom_margin=\u00a0\u00bb||||false|false\u00a0\u00bb hover_enabled=\u00a0\u00bb0&Prime; custom_css_main_element=\u00a0\u00bbwidth: 100%;\u00a0\u00bb locked=\u00a0\u00bboff\u00a0\u00bb global_colors_info=\u00a0\u00bb{}\u00a0\u00bb sticky_enabled=\u00a0\u00bb0&Prime;][\/et_pb_button][\/et_pb_column][\/et_pb_row][\/et_pb_section]<\/p>\n","protected":false},"excerpt":{"rendered":"<p>De nombreuses possibilit\u00e9s sont offertes pour contribuer \u00e0 la r\u00e9ussite de notre travail. Nous appr\u00e9cions les efforts et l&rsquo;engagement de chacun d&rsquo;entre eux. Si vous souhaitez nous soutenir, veuillez nous contacter. Au plaisir de vous compter parmi nous !en savoir plusen savoir plusen savoir plusJulian SterlingFundraising &amp; Programmes<\/p>\n","protected":false},"author":2,"featured_media":0,"parent":0,"menu_order":0,"comment_status":"closed","ping_status":"closed","template":"","meta":{"give_campaign_id":0,"_et_pb_use_builder":"on","_et_pb_old_content":"","_et_gb_content_width":"","footnotes":""},"class_list":["post-1273","page","type-page","status-publish","hentry"],"yoast_head":"<!-- This site is optimized with the Yoast SEO plugin v27.6 - https:\/\/yoast.com\/product\/yoast-seo-wordpress\/ -->\n<title>Soutien - International Blue Cross<\/title>\n<meta name=\"robots\" content=\"index, follow, max-snippet:-1, max-image-preview:large, max-video-preview:-1\" \/>\n<link rel=\"canonical\" href=\"https:\/\/internationalbluecross.org\/fr\/soutien\/\" \/>\n<meta property=\"og:locale\" content=\"fr_FR\" \/>\n<meta property=\"og:type\" content=\"article\" \/>\n<meta property=\"og:title\" content=\"Soutien - International Blue Cross\" \/>\n<meta property=\"og:description\" content=\"De nombreuses possibilit\u00e9s sont offertes pour contribuer \u00e0 la r\u00e9ussite de notre travail. Nous appr\u00e9cions les efforts et l&#039;engagement de chacun d&#039;entre eux. Si vous souhaitez nous soutenir, veuillez nous contacter. Au plaisir de vous compter parmi nous !en savoir plusen savoir plusen savoir plusJulian SterlingFundraising &amp; Programmes\" \/>\n<meta property=\"og:url\" content=\"https:\/\/internationalbluecross.org\/fr\/soutien\/\" \/>\n<meta property=\"og:site_name\" content=\"International Blue Cross\" \/>\n<meta property=\"article:publisher\" content=\"https:\/\/www.facebook.com\/InternationalBlueCross\" \/>\n<meta property=\"article:modified_time\" content=\"2024-07-12T12:17:48+00:00\" \/>\n<meta name=\"twitter:card\" content=\"summary_large_image\" \/>\n<meta name=\"twitter:site\" content=\"@BlueCrossTweets\" \/>\n<meta name=\"twitter:label1\" content=\"Dur\u00e9e de lecture estim\u00e9e\" \/>\n\t<meta name=\"twitter:data1\" content=\"2 minutes\" \/>\n<script type=\"application\/ld+json\" class=\"yoast-schema-graph\">{\"@context\":\"https:\\\/\\\/schema.org\",\"@graph\":[{\"@type\":\"WebPage\",\"@id\":\"https:\\\/\\\/internationalbluecross.org\\\/fr\\\/soutien\\\/\",\"url\":\"https:\\\/\\\/internationalbluecross.org\\\/fr\\\/soutien\\\/\",\"name\":\"Soutien - International Blue Cross\",\"isPartOf\":{\"@id\":\"https:\\\/\\\/internationalbluecross.org\\\/fr\\\/#website\"},\"datePublished\":\"2022-02-03T14:18:01+00:00\",\"dateModified\":\"2024-07-12T12:17:48+00:00\",\"breadcrumb\":{\"@id\":\"https:\\\/\\\/internationalbluecross.org\\\/fr\\\/soutien\\\/#breadcrumb\"},\"inLanguage\":\"fr-FR\",\"potentialAction\":[{\"@type\":\"ReadAction\",\"target\":[\"https:\\\/\\\/internationalbluecross.org\\\/fr\\\/soutien\\\/\"]}]},{\"@type\":\"BreadcrumbList\",\"@id\":\"https:\\\/\\\/internationalbluecross.org\\\/fr\\\/soutien\\\/#breadcrumb\",\"itemListElement\":[{\"@type\":\"ListItem\",\"position\":1,\"name\":\"Home\",\"item\":\"https:\\\/\\\/internationalbluecross.org\\\/fr\\\/la-croix-bleue-internationale\\\/\"},{\"@type\":\"ListItem\",\"position\":2,\"name\":\"Soutien\"}]},{\"@type\":\"WebSite\",\"@id\":\"https:\\\/\\\/internationalbluecross.org\\\/fr\\\/#website\",\"url\":\"https:\\\/\\\/internationalbluecross.org\\\/fr\\\/\",\"name\":\"International Blue Cross\",\"description\":\"Protecting People from being harmed by Alcohol and Drugs\",\"publisher\":{\"@id\":\"https:\\\/\\\/internationalbluecross.org\\\/fr\\\/#organization\"},\"potentialAction\":[{\"@type\":\"SearchAction\",\"target\":{\"@type\":\"EntryPoint\",\"urlTemplate\":\"https:\\\/\\\/internationalbluecross.org\\\/fr\\\/?s={search_term_string}\"},\"query-input\":{\"@type\":\"PropertyValueSpecification\",\"valueRequired\":true,\"valueName\":\"search_term_string\"}}],\"inLanguage\":\"fr-FR\"},{\"@type\":\"Organization\",\"@id\":\"https:\\\/\\\/internationalbluecross.org\\\/fr\\\/#organization\",\"name\":\"International Blue Cross\",\"url\":\"https:\\\/\\\/internationalbluecross.org\\\/fr\\\/\",\"logo\":{\"@type\":\"ImageObject\",\"inLanguage\":\"fr-FR\",\"@id\":\"https:\\\/\\\/internationalbluecross.org\\\/fr\\\/#\\\/schema\\\/logo\\\/image\\\/\",\"url\":\"https:\\/\\/internationalbluecross.org\\/wp-content\\/uploads\\/2022\\/08\\/logo-donations-thanks-sm.jpg\",\"contentUrl\":\"https:\\/\\/internationalbluecross.org\\/wp-content\\/uploads\\/2022\\/08\\/logo-donations-thanks-sm.jpg\",\"width\":680,\"height\":400,\"caption\":\"International Blue Cross\"},\"image\":{\"@id\":\"https:\\\/\\\/internationalbluecross.org\\\/fr\\\/#\\\/schema\\\/logo\\\/image\\\/\"},\"sameAs\":[\"https:\\\/\\\/www.facebook.com\\\/InternationalBlueCross\",\"https:\\\/\\\/x.com\\\/BlueCrossTweets\"]}]}<\/script>\n<!-- \/ Yoast SEO plugin. -->","yoast_head_json":{"title":"Soutien - International Blue Cross","robots":{"index":"index","follow":"follow","max-snippet":"max-snippet:-1","max-image-preview":"max-image-preview:large","max-video-preview":"max-video-preview:-1"},"canonical":"https:\/\/internationalbluecross.org\/fr\/soutien\/","og_locale":"fr_FR","og_type":"article","og_title":"Soutien - International Blue Cross","og_description":"De nombreuses possibilit\u00e9s sont offertes pour contribuer \u00e0 la r\u00e9ussite de notre travail. Nous appr\u00e9cions les efforts et l'engagement de chacun d'entre eux. Si vous souhaitez nous soutenir, veuillez nous contacter. Au plaisir de vous compter parmi nous !en savoir plusen savoir plusen savoir plusJulian SterlingFundraising &amp; Programmes","og_url":"https:\/\/internationalbluecross.org\/fr\/soutien\/","og_site_name":"International Blue Cross","article_publisher":"https:\/\/www.facebook.com\/InternationalBlueCross","article_modified_time":"2024-07-12T12:17:48+00:00","twitter_card":"summary_large_image","twitter_site":"@BlueCrossTweets","twitter_misc":{"Dur\u00e9e de lecture estim\u00e9e":"2 minutes"},"schema":{"@context":"https:\/\/schema.org","@graph":[{"@type":"WebPage","@id":"https:\/\/internationalbluecross.org\/fr\/soutien\/","url":"https:\/\/internationalbluecross.org\/fr\/soutien\/","name":"Soutien - International Blue Cross","isPartOf":{"@id":"https:\/\/internationalbluecross.org\/fr\/#website"},"datePublished":"2022-02-03T14:18:01+00:00","dateModified":"2024-07-12T12:17:48+00:00","breadcrumb":{"@id":"https:\/\/internationalbluecross.org\/fr\/soutien\/#breadcrumb"},"inLanguage":"fr-FR","potentialAction":[{"@type":"ReadAction","target":["https:\/\/internationalbluecross.org\/fr\/soutien\/"]}]},{"@type":"BreadcrumbList","@id":"https:\/\/internationalbluecross.org\/fr\/soutien\/#breadcrumb","itemListElement":[{"@type":"ListItem","position":1,"name":"Home","item":"https:\/\/internationalbluecross.org\/fr\/la-croix-bleue-internationale\/"},{"@type":"ListItem","position":2,"name":"Soutien"}]},{"@type":"WebSite","@id":"https:\/\/internationalbluecross.org\/fr\/#website","url":"https:\/\/internationalbluecross.org\/fr\/","name":"International Blue Cross","description":"Protecting People from being harmed by Alcohol and Drugs","publisher":{"@id":"https:\/\/internationalbluecross.org\/fr\/#organization"},"potentialAction":[{"@type":"SearchAction","target":{"@type":"EntryPoint","urlTemplate":"https:\/\/internationalbluecross.org\/fr\/?s={search_term_string}"},"query-input":{"@type":"PropertyValueSpecification","valueRequired":true,"valueName":"search_term_string"}}],"inLanguage":"fr-FR"},{"@type":"Organization","@id":"https:\/\/internationalbluecross.org\/fr\/#organization","name":"International Blue Cross","url":"https:\/\/internationalbluecross.org\/fr\/","logo":{"@type":"ImageObject","inLanguage":"fr-FR","@id":"https:\/\/internationalbluecross.org\/fr\/#\/schema\/logo\/image\/","url":"https:\/\/mll3h1jyy9a5.i.optimole.com\/w:auto\/h:auto\/q:mauto\/ig:avif\/https:\/\/internationalbluecross.org\/wp-content\/uploads\/2022\/08\/logo-donations-thanks-sm.jpg","contentUrl":"https:\/\/mll3h1jyy9a5.i.optimole.com\/w:auto\/h:auto\/q:mauto\/ig:avif\/https:\/\/internationalbluecross.org\/wp-content\/uploads\/2022\/08\/logo-donations-thanks-sm.jpg","width":680,"height":400,"caption":"International Blue Cross"},"image":{"@id":"https:\/\/internationalbluecross.org\/fr\/#\/schema\/logo\/image\/"},"sameAs":["https:\/\/www.facebook.com\/InternationalBlueCross","https:\/\/x.com\/BlueCrossTweets"]}]}},"campaignId":"","_links":{"self":[{"href":"https:\/\/internationalbluecross.org\/fr\/wp-json\/wp\/v2\/pages\/1273","targetHints":{"allow":["GET"]}}],"collection":[{"href":"https:\/\/internationalbluecross.org\/fr\/wp-json\/wp\/v2\/pages"}],"about":[{"href":"https:\/\/internationalbluecross.org\/fr\/wp-json\/wp\/v2\/types\/page"}],"author":[{"embeddable":true,"href":"https:\/\/internationalbluecross.org\/fr\/wp-json\/wp\/v2\/users\/2"}],"replies":[{"embeddable":true,"href":"https:\/\/internationalbluecross.org\/fr\/wp-json\/wp\/v2\/comments?post=1273"}],"version-history":[{"count":3,"href":"https:\/\/internationalbluecross.org\/fr\/wp-json\/wp\/v2\/pages\/1273\/revisions"}],"predecessor-version":[{"id":6440,"href":"https:\/\/internationalbluecross.org\/fr\/wp-json\/wp\/v2\/pages\/1273\/revisions\/6440"}],"wp:attachment":[{"href":"https:\/\/internationalbluecross.org\/fr\/wp-json\/wp\/v2\/media?parent=1273"}],"curies":[{"name":"wp","href":"https:\/\/api.w.org\/{rel}","templated":true}]}}