{"id":5528,"date":"2023-12-05T09:25:12","date_gmt":"2023-12-05T09:25:12","guid":{"rendered":"https:\/\/internationalbluecross.org\/jahresberichte-und-finanzberichte\/"},"modified":"2025-06-04T16:12:35","modified_gmt":"2025-06-04T16:12:35","slug":"jahresberichte-und-finanzberichte","status":"publish","type":"page","link":"https:\/\/internationalbluecross.org\/de\/jahresberichte-und-finanzberichte\/","title":{"rendered":"Jahresberichte und Finanzberichte"},"content":{"rendered":"<p>[et_pb_section fb_built=&#8220;1&#8243; module_class=&#8220;section_reports&#8220; _builder_version=&#8220;4.16&#8243; _module_preset=&#8220;default&#8220; global_colors_info=&#8220;{}&#8220;][et_pb_row _builder_version=&#8220;4.16&#8243; _module_preset=&#8220;default&#8220; global_colors_info=&#8220;{}&#8220;][et_pb_column type=&#8220;4_4&#8243; _builder_version=&#8220;4.16&#8243; _module_preset=&#8220;default&#8220; global_colors_info=&#8220;{}&#8220;][et_pb_post_title meta=&#8220;off&#8220; featured_image=&#8220;off&#8220; _builder_version=&#8220;4.16&#8243; _module_preset=&#8220;default&#8220; title_font=&#8220;|700|on||||||&#8220; title_font_size=&#8220;30px&#8220; custom_margin=&#8220;||10px||false|false&#8220; global_colors_info=&#8220;{}&#8220;][\/et_pb_post_title][et_pb_text _builder_version=&#8220;4.16&#8243; _module_preset=&#8220;default&#8220; header_3_font=&#8220;|600|||||||&#8220; header_3_line_height=&#8220;1.4em&#8220; header_4_font=&#8220;|600|||||||&#8220; global_colors_info=&#8220;{}&#8220;]<\/p>\n<p>Hier finden Sie unsere Jahresberichte und die dazugeh\u00f6rigen Jahresrechnungen. F\u00fcr R\u00fcckfragen oder erg\u00e4nzende Informationen stehen wir Ihnen gerne zur Verf\u00fcgung!<br \/><a href=\"mailto:office@internationalbluecross.org\">office@internationalbluecross.org<\/a><\/p>\n<p>[\/et_pb_text][\/et_pb_column][\/et_pb_row][et_pb_row column_structure=&#8220;1_2,1_2&#8243; disabled_on=&#8220;off|off|off&#8220; _builder_version=&#8220;4.23.1&#8243; _module_preset=&#8220;default&#8220; global_colors_info=&#8220;{}&#8220;][et_pb_column type=&#8220;1_2&#8243; _builder_version=&#8220;4.23.1&#8243; _module_preset=&#8220;default&#8220; global_colors_info=&#8220;{}&#8220;][et_pb_text module_class=&#8220;pdflists&#8220; _builder_version=&#8220;4.27.4&#8243; _module_preset=&#8220;default&#8220; text_font=&#8220;||||||||&#8220; ul_font=&#8220;||on||||||&#8220; ul_font_size=&#8220;18px&#8220; ul_line_height=&#8220;1.8em&#8220; header_3_line_height=&#8220;1.5em&#8220; hover_enabled=&#8220;0&#8243; global_colors_info=&#8220;{}&#8220; sticky_enabled=&#8220;0&#8243;]<\/p>\n<h3> Jahresberichte<\/h3>\n<ul>\n<li><a href=\"https:\/\/internationalbluecross.org\/wp-content\/uploads\/2025\/06\/Jahresbericht_2024.pdf\" target=\"_blank\" rel=\"noopener\">Jahresbericht 2024 (786 KB)<\/a><\/li>\n<li><a href=\"https:\/\/internationalbluecross.org\/wp-content\/uploads\/2024\/05\/Jahresbericht_2023.pdf\" target=\"_blank\" rel=\"noopener\">Jahresbericht 2023 (939 KB)<\/a><\/li>\n<li><a href=\"https:\/\/internationalbluecross.org\/wp-content\/uploads\/2023\/12\/Jahresbericht_2022.pdf\" target=\"_blank\" rel=\"noopener\">Jahresbericht 2022 (945 KB)<\/a><\/li>\n<li><a href=\"https:\/\/internationalbluecross.org\/wp-content\/uploads\/2023\/12\/Jahresbericht_2021.pdf\" target=\"_blank\" rel=\"noopener\">Jahresbericht 2021 (952 KB)<\/a><\/li>\n<li><a href=\"https:\/\/internationalbluecross.org\/wp-content\/uploads\/2023\/12\/Jahresbericht_2020.pdf\" target=\"_blank\" rel=\"noopener\">Jahresbericht 2020 (794 KB)<\/a><\/li>\n<li><a href=\"https:\/\/internationalbluecross.org\/wp-content\/uploads\/2023\/12\/Jahresbericht_2019.pdf\" target=\"_blank\" rel=\"noopener\">Jahresbericht 2019 (820 KB)<\/a><\/li>\n<li><a href=\"https:\/\/internationalbluecross.org\/wp-content\/uploads\/2023\/12\/Jahresbericht_2018.pdf\" target=\"_blank\" rel=\"noopener\">Jahresbericht 2018 (846 KB)<\/a><\/li>\n<li><a href=\"https:\/\/internationalbluecross.org\/wp-content\/uploads\/2023\/12\/Jahresbericht_2017.pdf\" target=\"_blank\" rel=\"noopener\">Jahresbericht 2017 (681 KB)<\/a><\/li>\n<li><a href=\"https:\/\/internationalbluecross.org\/wp-content\/uploads\/2023\/12\/Jahresbericht_2016.pdf\" target=\"_blank\" rel=\"noopener\">Jahresbericht 2016 (2.7 MB)<\/a><\/li>\n<li><a href=\"https:\/\/internationalbluecross.org\/wp-content\/uploads\/2023\/12\/Jahresbericht_2015.pdf\" target=\"_blank\" rel=\"noopener\">Jahresbericht 2015 (2.6 MB)<\/a><\/li>\n<li><a href=\"https:\/\/internationalbluecross.org\/wp-content\/uploads\/2023\/12\/Jahresbericht_2014.pdf\" target=\"_blank\" rel=\"noopener\">Jahresbericht 2014 (2.1 MB)<\/a><\/li>\n<li><a href=\"https:\/\/internationalbluecross.org\/wp-content\/uploads\/2023\/12\/Jahresbericht_2013.pdf\" target=\"_blank\" rel=\"noopener\">Jahresbericht 2013 (3 MB)<\/a><\/li>\n<li><a href=\"https:\/\/internationalbluecross.org\/wp-content\/uploads\/2023\/12\/Jahresbericht_2012.pdf\" target=\"_blank\" rel=\"noopener\">Jahresbericht 2012 (3.2 MB)<\/a><\/li>\n<li><a href=\"https:\/\/internationalbluecross.org\/wp-content\/uploads\/2023\/12\/Jahresbericht_2011.pdf\" target=\"_blank\" rel=\"noopener\">Jahresbericht 2011 (4.5 MB)<\/a><\/li>\n<\/ul>\n<p>&nbsp;<\/p>\n<p>[\/et_pb_text][\/et_pb_column][et_pb_column type=&#8220;1_2&#8243; _builder_version=&#8220;4.23.1&#8243; _module_preset=&#8220;default&#8220; global_colors_info=&#8220;{}&#8220;][et_pb_text module_class=&#8220;pdflists&#8220; _builder_version=&#8220;4.27.4&#8243; _module_preset=&#8220;default&#8220; ul_font=&#8220;||on||||||&#8220; ul_font_size=&#8220;18px&#8220; ul_line_height=&#8220;1.8em&#8220; header_3_line_height=&#8220;1.5em&#8220; global_colors_info=&#8220;{}&#8220;]<\/p>\n<h3>Gepr\u00fcfte Jahresrechnungen<\/h3>\n<ul>\n<li><a href=\"https:\/\/internationalbluecross.org\/wp-content\/uploads\/2025\/05\/AuditedFinancialStatement2024DE.pdf\" target=\"_blank\" rel=\"noopener\">Gepr\u00fcfte Jahresrechnung 2024 (819 KB)<\/a><\/li>\n<li><a href=\"https:\/\/internationalbluecross.org\/wp-content\/uploads\/2024\/05\/AuditedFinancialStatements2023DE.pdf\" target=\"_blank\" rel=\"noopener\">Gepr\u00fcfte Jahresrechnung 2023 (2.0 MB)<\/a><\/li>\n<li><a href=\"https:\/\/internationalbluecross.org\/wp-content\/uploads\/2023\/05\/20220501-International-Blue-Cross-RSTB-2022-EN-sig-sig.pdf\" rel=\"attachment wp-att-2960\">Gepr\u00fcfte Jahresrechnung 2022 (979 KB)<\/a><\/li>\n<li><a href=\"https:\/\/internationalbluecross.org\/wp-content\/uploads\/2022\/07\/20220505-International-Blue-Cross-RSTB-2021-EN-sig-sig.pdf\" rel=\"attachment wp-att-919 noopener\" target=\"_blank\">Gepr\u00fcfte Jahresrechnung 2021 (867 KB)<\/a><\/li>\n<li><a href=\"https:\/\/internationalbluecross.org\/wp-content\/uploads\/2022\/02\/AuditedFinancialStatements2020.pdf\" target=\"_blank\" rel=\"noopener\">Gepr\u00fcfte Jahresrechnung 2020 (1.0 MB)<\/a><\/li>\n<li><a href=\"https:\/\/internationalbluecross.org\/wp-content\/uploads\/2022\/02\/20200514InternationalBlueCross-RSTB2019EN-sig-sig.pdf\" target=\"_blank\" rel=\"noopener\">Gepr\u00fcfte Jahresrechnung 2019 (703KB)<\/a><\/li>\n<li><a href=\"https:\/\/internationalbluecross.org\/wp-content\/uploads\/2022\/02\/AuditReport2018.pdf\" target=\"_blank\" rel=\"noopener\">Gepr\u00fcfte Jahresrechnung 2018 (3.5 MB)<\/a><\/li>\n<li><a href=\"https:\/\/internationalbluecross.org\/wp-content\/uploads\/2022\/02\/AuditedFinancialStatements2017EN.pdf\" target=\"_blank\" rel=\"noopener\">Gepr\u00fcfte Jahresrechnung 2017 (3.3 MB)<\/a><\/li>\n<li><a href=\"https:\/\/internationalbluecross.org\/wp-content\/uploads\/2022\/02\/AuditedFinancialStatements2016EN.pdf\" target=\"_blank\" rel=\"noopener\">Gepr\u00fcfte Jahresrechnung 2016 (2.4 MB)<\/a><\/li>\n<li><a href=\"https:\/\/internationalbluecross.org\/wp-content\/uploads\/2022\/02\/AuditedFinancialStatements2015EN.pdf\" target=\"_blank\" rel=\"noopener\">Gepr\u00fcfte Jahresrechnung 2015 (295KB)<\/a><\/li>\n<li><a href=\"https:\/\/internationalbluecross.org\/wp-content\/uploads\/2022\/02\/AuditedFinancialStatements2014EN.pdf\" target=\"_blank\" rel=\"noopener\">Gepr\u00fcfte Jahresrechnung 2014 (1.1 MB)<\/a><\/li>\n<li><a href=\"https:\/\/internationalbluecross.org\/wp-content\/uploads\/2022\/02\/AuditedFinancialStatements2013EN.pdf\" target=\"_blank\" rel=\"noopener\">Gepr\u00fcfte Jahresrechnung 2013 (1.8 MB)<\/a><\/li>\n<li><a href=\"https:\/\/internationalbluecross.org\/wp-content\/uploads\/2022\/02\/AuditedFinancialStatements2012EN.pdf\" target=\"_blank\" rel=\"noopener\">Gepr\u00fcfte Jahresrechnung 2012 (1.8 MB)<\/a><\/li>\n<li><a href=\"https:\/\/internationalbluecross.org\/wp-content\/uploads\/2022\/02\/AuditedFinancialStatements2011EN.pdf\" target=\"_blank\" rel=\"noopener\">Gepr\u00fcfte Jahresrechnung 2011 (1.7 MB)<\/a><\/li>\n<\/ul>\n<p>[\/et_pb_text][\/et_pb_column][\/et_pb_row][\/et_pb_section]<\/p>\n","protected":false},"excerpt":{"rendered":"<p>Hier finden Sie unsere Jahresberichte und die dazugeh\u00f6rigen Jahresrechnungen. F\u00fcr R\u00fcckfragen oder erg\u00e4nzende Informationen stehen wir Ihnen gerne zur Verf\u00fcgung!office@internationalbluecross.org Jahresberichte Jahresbericht 2024 (786 KB) Jahresbericht 2023 (939 KB) Jahresbericht 2022 (945 KB) Jahresbericht 2021 (952 KB) Jahresbericht 2020 (794 KB) Jahresbericht 2019 (820 KB) Jahresbericht 2018 (846 KB) Jahresbericht 2017 (681 KB) Jahresbericht 2016 [&hellip;]<\/p>\n","protected":false},"author":2,"featured_media":0,"parent":0,"menu_order":0,"comment_status":"closed","ping_status":"closed","template":"","meta":{"give_campaign_id":0,"_et_pb_use_builder":"on","_et_pb_old_content":"","_et_gb_content_width":"","footnotes":""},"class_list":["post-5528","page","type-page","status-publish","hentry"],"yoast_head":"<!-- This site is optimized with the Yoast SEO plugin v27.5 - https:\/\/yoast.com\/product\/yoast-seo-wordpress\/ -->\n<title>Jahresberichte und Finanzberichte - International Blue Cross<\/title>\n<meta name=\"robots\" content=\"index, follow, max-snippet:-1, max-image-preview:large, max-video-preview:-1\" \/>\n<link rel=\"canonical\" href=\"https:\/\/internationalbluecross.org\/de\/jahresberichte-und-finanzberichte\/\" \/>\n<meta property=\"og:locale\" content=\"de_DE\" \/>\n<meta property=\"og:type\" content=\"article\" \/>\n<meta property=\"og:title\" content=\"Jahresberichte und Finanzberichte - International Blue Cross\" \/>\n<meta property=\"og:description\" content=\"Hier finden Sie unsere Jahresberichte und die dazugeh\u00f6rigen Jahresrechnungen. F\u00fcr R\u00fcckfragen oder erg\u00e4nzende Informationen stehen wir Ihnen gerne zur Verf\u00fcgung!office@internationalbluecross.org Jahresberichte Jahresbericht 2024 (786 KB) Jahresbericht 2023 (939 KB) Jahresbericht 2022 (945 KB) Jahresbericht 2021 (952 KB) Jahresbericht 2020 (794 KB) Jahresbericht 2019 (820 KB) Jahresbericht 2018 (846 KB) Jahresbericht 2017 (681 KB) Jahresbericht 2016 [&hellip;]\" \/>\n<meta property=\"og:url\" content=\"https:\/\/internationalbluecross.org\/de\/jahresberichte-und-finanzberichte\/\" \/>\n<meta property=\"og:site_name\" content=\"International Blue Cross\" \/>\n<meta property=\"article:publisher\" content=\"https:\/\/www.facebook.com\/InternationalBlueCross\" \/>\n<meta property=\"article:modified_time\" content=\"2025-06-04T16:12:35+00:00\" \/>\n<meta name=\"twitter:card\" content=\"summary_large_image\" \/>\n<meta name=\"twitter:site\" content=\"@BlueCrossTweets\" \/>\n<meta name=\"twitter:label1\" content=\"Gesch\u00e4tzte Lesezeit\" \/>\n\t<meta name=\"twitter:data1\" content=\"2\u00a0Minuten\" \/>\n<script type=\"application\/ld+json\" class=\"yoast-schema-graph\">{\"@context\":\"https:\\\/\\\/schema.org\",\"@graph\":[{\"@type\":\"WebPage\",\"@id\":\"https:\\\/\\\/internationalbluecross.org\\\/de\\\/jahresberichte-und-finanzberichte\\\/\",\"url\":\"https:\\\/\\\/internationalbluecross.org\\\/de\\\/jahresberichte-und-finanzberichte\\\/\",\"name\":\"Jahresberichte und Finanzberichte - International Blue Cross\",\"isPartOf\":{\"@id\":\"https:\\\/\\\/internationalbluecross.org\\\/de\\\/#website\"},\"datePublished\":\"2023-12-05T09:25:12+00:00\",\"dateModified\":\"2025-06-04T16:12:35+00:00\",\"breadcrumb\":{\"@id\":\"https:\\\/\\\/internationalbluecross.org\\\/de\\\/jahresberichte-und-finanzberichte\\\/#breadcrumb\"},\"inLanguage\":\"de\",\"potentialAction\":[{\"@type\":\"ReadAction\",\"target\":[\"https:\\\/\\\/internationalbluecross.org\\\/de\\\/jahresberichte-und-finanzberichte\\\/\"]}]},{\"@type\":\"BreadcrumbList\",\"@id\":\"https:\\\/\\\/internationalbluecross.org\\\/de\\\/jahresberichte-und-finanzberichte\\\/#breadcrumb\",\"itemListElement\":[{\"@type\":\"ListItem\",\"position\":1,\"name\":\"Home\",\"item\":\"https:\\\/\\\/internationalbluecross.org\\\/de\\\/\"},{\"@type\":\"ListItem\",\"position\":2,\"name\":\"Jahresberichte und Finanzberichte\"}]},{\"@type\":\"WebSite\",\"@id\":\"https:\\\/\\\/internationalbluecross.org\\\/de\\\/#website\",\"url\":\"https:\\\/\\\/internationalbluecross.org\\\/de\\\/\",\"name\":\"International Blue Cross\",\"description\":\"Protecting People from being harmed by Alcohol and Drugs\",\"publisher\":{\"@id\":\"https:\\\/\\\/internationalbluecross.org\\\/de\\\/#organization\"},\"potentialAction\":[{\"@type\":\"SearchAction\",\"target\":{\"@type\":\"EntryPoint\",\"urlTemplate\":\"https:\\\/\\\/internationalbluecross.org\\\/de\\\/?s={search_term_string}\"},\"query-input\":{\"@type\":\"PropertyValueSpecification\",\"valueRequired\":true,\"valueName\":\"search_term_string\"}}],\"inLanguage\":\"de\"},{\"@type\":\"Organization\",\"@id\":\"https:\\\/\\\/internationalbluecross.org\\\/de\\\/#organization\",\"name\":\"International Blue Cross\",\"url\":\"https:\\\/\\\/internationalbluecross.org\\\/de\\\/\",\"logo\":{\"@type\":\"ImageObject\",\"inLanguage\":\"de\",\"@id\":\"https:\\\/\\\/internationalbluecross.org\\\/de\\\/#\\\/schema\\\/logo\\\/image\\\/\",\"url\":\"https:\\/\\/internationalbluecross.org\\/wp-content\\/uploads\\/2022\\/08\\/logo-donations-thanks-sm.jpg\",\"contentUrl\":\"https:\\/\\/internationalbluecross.org\\/wp-content\\/uploads\\/2022\\/08\\/logo-donations-thanks-sm.jpg\",\"width\":680,\"height\":400,\"caption\":\"International Blue Cross\"},\"image\":{\"@id\":\"https:\\\/\\\/internationalbluecross.org\\\/de\\\/#\\\/schema\\\/logo\\\/image\\\/\"},\"sameAs\":[\"https:\\\/\\\/www.facebook.com\\\/InternationalBlueCross\",\"https:\\\/\\\/x.com\\\/BlueCrossTweets\"]}]}<\/script>\n<!-- \/ Yoast SEO plugin. -->","yoast_head_json":{"title":"Jahresberichte und Finanzberichte - International Blue Cross","robots":{"index":"index","follow":"follow","max-snippet":"max-snippet:-1","max-image-preview":"max-image-preview:large","max-video-preview":"max-video-preview:-1"},"canonical":"https:\/\/internationalbluecross.org\/de\/jahresberichte-und-finanzberichte\/","og_locale":"de_DE","og_type":"article","og_title":"Jahresberichte und Finanzberichte - International Blue Cross","og_description":"Hier finden Sie unsere Jahresberichte und die dazugeh\u00f6rigen Jahresrechnungen. F\u00fcr R\u00fcckfragen oder erg\u00e4nzende Informationen stehen wir Ihnen gerne zur Verf\u00fcgung!office@internationalbluecross.org Jahresberichte Jahresbericht 2024 (786 KB) Jahresbericht 2023 (939 KB) Jahresbericht 2022 (945 KB) Jahresbericht 2021 (952 KB) Jahresbericht 2020 (794 KB) Jahresbericht 2019 (820 KB) Jahresbericht 2018 (846 KB) Jahresbericht 2017 (681 KB) Jahresbericht 2016 [&hellip;]","og_url":"https:\/\/internationalbluecross.org\/de\/jahresberichte-und-finanzberichte\/","og_site_name":"International Blue Cross","article_publisher":"https:\/\/www.facebook.com\/InternationalBlueCross","article_modified_time":"2025-06-04T16:12:35+00:00","twitter_card":"summary_large_image","twitter_site":"@BlueCrossTweets","twitter_misc":{"Gesch\u00e4tzte Lesezeit":"2\u00a0Minuten"},"schema":{"@context":"https:\/\/schema.org","@graph":[{"@type":"WebPage","@id":"https:\/\/internationalbluecross.org\/de\/jahresberichte-und-finanzberichte\/","url":"https:\/\/internationalbluecross.org\/de\/jahresberichte-und-finanzberichte\/","name":"Jahresberichte und Finanzberichte - International Blue Cross","isPartOf":{"@id":"https:\/\/internationalbluecross.org\/de\/#website"},"datePublished":"2023-12-05T09:25:12+00:00","dateModified":"2025-06-04T16:12:35+00:00","breadcrumb":{"@id":"https:\/\/internationalbluecross.org\/de\/jahresberichte-und-finanzberichte\/#breadcrumb"},"inLanguage":"de","potentialAction":[{"@type":"ReadAction","target":["https:\/\/internationalbluecross.org\/de\/jahresberichte-und-finanzberichte\/"]}]},{"@type":"BreadcrumbList","@id":"https:\/\/internationalbluecross.org\/de\/jahresberichte-und-finanzberichte\/#breadcrumb","itemListElement":[{"@type":"ListItem","position":1,"name":"Home","item":"https:\/\/internationalbluecross.org\/de\/"},{"@type":"ListItem","position":2,"name":"Jahresberichte und Finanzberichte"}]},{"@type":"WebSite","@id":"https:\/\/internationalbluecross.org\/de\/#website","url":"https:\/\/internationalbluecross.org\/de\/","name":"International Blue Cross","description":"Protecting People from being harmed by Alcohol and Drugs","publisher":{"@id":"https:\/\/internationalbluecross.org\/de\/#organization"},"potentialAction":[{"@type":"SearchAction","target":{"@type":"EntryPoint","urlTemplate":"https:\/\/internationalbluecross.org\/de\/?s={search_term_string}"},"query-input":{"@type":"PropertyValueSpecification","valueRequired":true,"valueName":"search_term_string"}}],"inLanguage":"de"},{"@type":"Organization","@id":"https:\/\/internationalbluecross.org\/de\/#organization","name":"International Blue Cross","url":"https:\/\/internationalbluecross.org\/de\/","logo":{"@type":"ImageObject","inLanguage":"de","@id":"https:\/\/internationalbluecross.org\/de\/#\/schema\/logo\/image\/","url":"https:\/\/mll3h1jyy9a5.i.optimole.com\/w:auto\/h:auto\/q:mauto\/ig:avif\/https:\/\/internationalbluecross.org\/wp-content\/uploads\/2022\/08\/logo-donations-thanks-sm.jpg","contentUrl":"https:\/\/mll3h1jyy9a5.i.optimole.com\/w:auto\/h:auto\/q:mauto\/ig:avif\/https:\/\/internationalbluecross.org\/wp-content\/uploads\/2022\/08\/logo-donations-thanks-sm.jpg","width":680,"height":400,"caption":"International Blue Cross"},"image":{"@id":"https:\/\/internationalbluecross.org\/de\/#\/schema\/logo\/image\/"},"sameAs":["https:\/\/www.facebook.com\/InternationalBlueCross","https:\/\/x.com\/BlueCrossTweets"]}]}},"campaignId":"","_links":{"self":[{"href":"https:\/\/internationalbluecross.org\/de\/wp-json\/wp\/v2\/pages\/5528","targetHints":{"allow":["GET"]}}],"collection":[{"href":"https:\/\/internationalbluecross.org\/de\/wp-json\/wp\/v2\/pages"}],"about":[{"href":"https:\/\/internationalbluecross.org\/de\/wp-json\/wp\/v2\/types\/page"}],"author":[{"embeddable":true,"href":"https:\/\/internationalbluecross.org\/de\/wp-json\/wp\/v2\/users\/2"}],"replies":[{"embeddable":true,"href":"https:\/\/internationalbluecross.org\/de\/wp-json\/wp\/v2\/comments?post=5528"}],"version-history":[{"count":5,"href":"https:\/\/internationalbluecross.org\/de\/wp-json\/wp\/v2\/pages\/5528\/revisions"}],"predecessor-version":[{"id":6845,"href":"https:\/\/internationalbluecross.org\/de\/wp-json\/wp\/v2\/pages\/5528\/revisions\/6845"}],"wp:attachment":[{"href":"https:\/\/internationalbluecross.org\/de\/wp-json\/wp\/v2\/media?parent=5528"}],"curies":[{"name":"wp","href":"https:\/\/api.w.org\/{rel}","templated":true}]}}