{"id":2298,"date":"2022-02-03T14:18:34","date_gmt":"2022-02-03T14:18:34","guid":{"rendered":"https:\/\/internationalbluecross.org\/datenschutz-bestimmungen\/"},"modified":"2024-02-22T11:02:32","modified_gmt":"2024-02-22T11:02:32","slug":"datenschutz-bestimmungen","status":"publish","type":"page","link":"https:\/\/internationalbluecross.org\/de\/datenschutz-bestimmungen\/","title":{"rendered":"Datenschutz-Bestimmungen"},"content":{"rendered":"<p>[et_pb_section fb_built=&#8220;1&#8243; _builder_version=&#8220;4.16&#8243; _module_preset=&#8220;default&#8220; global_colors_info=&#8220;{}&#8220;][et_pb_row _builder_version=&#8220;4.16&#8243; _module_preset=&#8220;default&#8220; global_colors_info=&#8220;{}&#8220;][et_pb_column type=&#8220;4_4&#8243; _builder_version=&#8220;4.16&#8243; _module_preset=&#8220;default&#8220; global_colors_info=&#8220;{}&#8220;][et_pb_post_title meta=&#8220;off&#8220; featured_image=&#8220;off&#8220; _builder_version=&#8220;4.16&#8243; _module_preset=&#8220;default&#8220; title_font=&#8220;|700|on||||||&#8220; title_font_size=&#8220;30px&#8220; custom_margin=&#8220;||10px||false|false&#8220; global_colors_info=&#8220;{}&#8220;][\/et_pb_post_title][et_pb_text _builder_version=&#8220;4.16&#8243; _module_preset=&#8220;default&#8220; header_3_font=&#8220;|600|||||||&#8220; header_3_line_height=&#8220;1.4em&#8220; header_4_font=&#8220;|600|||||||&#8220; global_colors_info=&#8220;{}&#8220;]<\/p>\n<h3>Datenschutz-Bestimmungen<\/h3>\n<h3>Der sorgf\u00e4ltige und verantwortungsvolle Umgang mit personenbezogenen Daten ist uns bei International Blue Cross ein wichtiges Anliegen.<\/h3>\n<p>Daher sind wir offen und transparent in unseren Angaben \u00fcber die Erhebung, Speicherung und Nutzung aller Daten und halten uns an die gesetzlichen Datenschutzvorschriften. Unter keinen Umst\u00e4nden geben wir personenbezogene Daten unserer SpenderInnen oder Unterst\u00fctzerInnen an Dritte weiter.<\/p>\n<p><strong>Diese Datenschutzerkl\u00e4rung steht im Einklang mit der EU-Datenschutz-Grundverordnung (DSGVO). Obwohl die DSGVO eine Verordnung der Europ\u00e4ischen Union (EU) ist, kann sie f\u00fcr uns relevant sein. Die schweizerische Datenschutzgesetzgebung (DSG) ist stark vom Recht der Europ\u00e4ischen Union beeinflusst. Dar\u00fcber hinaus m\u00fcssen Unternehmen ausserhalb der Europ\u00e4ischen Union oder des Europ\u00e4ischen Wirtschaftsraums (EWR) in bestimmten F\u00e4llen die DSGVO einhalten.<\/strong><\/p>\n<h4 id=\"e3535\">Pers\u00f6nliche Daten und Informationen<\/h4>\n<p id=\"e3537\">Wann immer Sie International Blue Cross kontaktieren, den Newsletter abonnieren, eine bestimmte Aktion unterst\u00fctzen oder spenden, stellen Sie IBC Ihre personenbezogenen Daten zur Verf\u00fcgung. Wir verwenden diese Daten ausschliesslich, um Ihre Anfrage zu beantworten, Sie zuk\u00fcnftig \u00fcber uns betreffende Themen oder \u00fcber den Verlauf von IBC-Aktionen und Projekten zu informieren.<\/p>\n<p><strong>Die Daten verbleiben ausschliesslich im Besitz von International Blue Cross.<br \/><\/strong><\/p>\n<h4 id=\"e3538\">Elektronischer Newsletter<\/h4>\n<p id=\"e3539\">Wir versenden den Newsletter an Unterst\u00fctzerInnen und SpenderInnen, die ihn abonniert haben (Double-Opt-In-Verfahren) oder sich f\u00fcr spezielle Spendenaktionen angemeldet haben, z. B. durch Strassenaktionen oder bei Veranstaltungen. Jeder Newsletter enth\u00e4lt einen gut sichtbaren Link, der es den NutzerInnen erm\u00f6glicht, sich jederzeit einfach abzumelden.<\/p>\n<p>Zudem k\u00f6nnen Sie alle Publikationen per E-Mail (<a href=\"mailto:office@internationalbluecross.org\">office@internationalbluecross.org<\/a>) oder telefonisch (Tel. +41 31 301 98 04) abbestellen oder angeben, wie oft Sie Post erhalten m\u00f6chten.<\/p>\n<h4 id=\"e3541\">Website<\/h4>\n<p id=\"e3542\">Zur Analyse der Website <a href=\"https:\/\/www.internationalbluecross.org\/\">www.internationalbluecrossorg<\/a> k\u00f6nnen wir Google Analytics, einen Webanalysedienst von Google, einsetzen. Wir werten die Daten statistisch aus, um die Website laufend den Bed\u00fcrfnissen der NutzerInnen anzupassen. Die BenutzerInnen der Website bleiben jedoch anonym, und IBC erh\u00e4lt keine personenbezogenen Daten.<\/p>\n<p>Google Analytics verwendet Cookies. Das sind kleine Textdateien, die auf dem Computer der BesucherInnen gespeichert werden und die eine Analyse der Website-Benutzung erm\u00f6glichen (z. B. wie lange die BenutzerInnen auf der Website verweilen, welche Seiten sie aufrufen oder welche PDFs sie herunterladen).<\/p>\n<p>Die durch die Cookies erzeugten Informationen \u00fcber die Benutzung dieser Website (einschliesslich der IP-Adresse) wird an einen Server von Google in den USA \u00fcbertragen und dort gespeichert. Google benutzt diese Informationen, um die Nutzung der Website auszuwerten, um Reports \u00fcber die Websiteaktivit\u00e4ten zusammenzustellen und um weitere Dienstleistungen f\u00fcr Websitebetreiber wie IBC zu erbringen. Dar\u00fcber hinaus wird Google diese Informationen gegebenenfalls an Dritte \u00fcbertragen, sofern dies gesetzlich vorgeschrieben wird oder wenn Dritte diese Daten im Auftrag von Google verarbeiten.<\/p>\n<h4 id=\"e3545\">Soziale Netzwerke<\/h4>\n<p id=\"e3546\">IBC hat auf seiner Website Plugins f\u00fcr soziale Netzwerke wie Twitter und Facebook integriert, die f\u00fcr die NutzerInnen beispielsweise in Form des Facebook-Buttons sichtbar sind. Sind sie gleichzeitig bei Facebook eingeloggt, kann Facebook durch Anklicken des \u201eGef\u00e4llt mir\u201c-Buttons oder durch das Verfassen von Kommentaren erkennen, welche Seiten der Website von NutzerInnen besucht und zum pers\u00f6nlichen Benutzerkonto zugeordnet werden. Zudem wird die Information, dass Sie unsere Website besucht haben, an Facebook \u00fcbermittelt, unabh\u00e4ngig davon, ob Sie das Plugin angeklickt haben oder nicht. Wenn Sie dies verhindern m\u00f6chten, m\u00fcssen Sie sich vor dem Besuch unserer Website vollst\u00e4ndig bei Facebook ausloggen.<\/p>\n<p>Die Datenschutzhinweise von Facebook mit weiteren Einzelheiten zur Erhebung und Nutzung der Daten durch Facebook, Ihren diesbez\u00fcglichen Rechten sowie Einstellungsm\u00f6glichkeiten zum Schutz Ihrer Privatsph\u00e4re finden Sie hier:<br \/><a href=\"https:\/\/www.facebook.com\/policy.php\">https:\/\/www.facebook.com\/policy.php<\/a><\/p>\n<h4 id=\"e3547\">Speicherung und Sicherung von Daten<\/h4>\n<p id=\"e3858\">Wir treffen angemessene Vorkehrungen und verwenden geeignete Technologien, um Ihre Daten zu sch\u00fctzen. Dar\u00fcber hinaus speichern wir Ihre Daten nur f\u00fcr die gesetzlich vorgeschriebene Dauer und wenn wir der Meinung sind, dass dies f\u00fcr den beabsichtigten Zweck erforderlich ist.<\/p>\n<h4 id=\"e3549\">Ihre Rechte<\/h4>\n<p id=\"e3550\">In \u00dcbereinstimmung mit dem geltenden Recht (sofern die DSGVO anwendbar ist) haben Sie das Recht auf Auskunft, Berichtigung, L\u00f6schung Ihrer personenbezogenen Daten, Einschr\u00e4nkung der Datenverarbeitung sowie Widerspruch gegen unsere Datenverarbeitung. Dar\u00fcber hinaus haben Sie das Recht, bestimmte personenbezogene Daten zur \u00dcbermittlung an einen anderen f\u00fcr die Verarbeitung Verantwortlichen zu erhalten (Daten\u00fcbertragbarkeit). Bitte beachten Sie jedoch, dass wir uns vorbehalten, unsererseits gesetzliche Einschr\u00e4nkungen durchzusetzen, beispielsweise wenn wir zur Aufbewahrung oder Verarbeitung bestimmter Daten verpflichtet sind, ein \u00fcberwiegendes Interesse haben (soweit wir uns auf solche Interessen berufen d\u00fcrfen) oder die Daten zur Geltendmachung ben\u00f6tigen Anspr\u00fcche. Falls die Aus\u00fcbung bestimmter Rechte f\u00fcr Sie mit Kosten verbunden ist, weisen wir Sie vorab darauf hin. \u00dcber die M\u00f6glichkeit des Widerrufs einer Einwilligung haben wir Sie oben in Ziffer 3 bereits informiert. Bitte beachten Sie, dass die Aus\u00fcbung dieser Rechte mit Ihren vertraglichen Pflichten kollidieren kann und dies Folgen wie eine vorzeitige Vertragsbeendigung oder Kosten nach sich ziehen kann. Sollte dies der Fall sein, werden wir Sie vorab informieren, sofern dies nicht bereits vertraglich vereinbart wurde.<br \/>Im Allgemeinen setzt die Aus\u00fcbung dieser Rechte voraus, dass Sie Ihre Identit\u00e4t nachweisen k\u00f6nnen (z. B. durch eine Kopie von Ausweisdokumenten, wenn Ihre Identit\u00e4t nicht anderweitig ersichtlich ist oder auf andere Weise \u00fcberpr\u00fcft werden kann). Um diese Rechte geltend zu machen, wenden Sie sich bitte an:<\/p>\n<p>International Blue Cross<br \/>Lindenrain 5a<br \/>3012 Bern, Schweiz<br \/>Tel: +41 31 301 98 04<br \/>Fax: +41 31 301 98 05<br \/><a href=\"mailto:office@internationalbluecross.org&lt;br%20\/&gt;\">office@internationalbluecross.org<br \/><\/a><\/p>\n<p>Dar\u00fcber hinaus hat jede betroffene Person das Recht, ihre Rechte gerichtlich durchzusetzen oder eine Beschwerde bei der zust\u00e4ndigen Datenschutzbeh\u00f6rde einzureichen. Die zust\u00e4ndige Datenschutzbeh\u00f6rde der Schweiz ist der Eidgen\u00f6ssische Datenschutz- und \u00d6ffentlichkeitsbeauftragte <a href=\"http:\/\/www.edoeb.admin.ch\" target=\"_blank\" rel=\"noopener\">:\/\/www.edoeb.admin.ch<\/a>).<\/p>\n<h4 id=\"e3551\">\u00c4nderungen dieser Datenschutzerkl\u00e4rung<\/h4>\n<p id=\"e3552\">Wir k\u00f6nnen diese Datenschutzerkl\u00e4rung jederzeit ohne vorherige Ank\u00fcndigung \u00e4ndern. Es gilt die aktuelle, auf unserer Website publizierte Fassung. Wenn die Datenschutzerkl\u00e4rung Teil einer Vereinbarung mit Ihnen ist, werden wir Sie im Falle einer \u00c4nderung per E-Mail oder auf andere geeignete Weise benachrichtigen.<\/p>\n<h4 id=\"e3717\">Google Maps<\/h4>\n<p id=\"e3718\">Diese Seite nutzt \u00fcber eine API den Kartendienst Google Maps. Betreibergesellschaft ist die Google Inc., 1600 Amphitheatre Parkway, Mountain View, CA 94043, USA.<\/p>\n<p id=\"e3719\">Zur Nutzung von Google Maps ist es notwendig, Ihre IP Adresse zu speichern. Diese Informationen werden in der Regel an einen Server von Google in den USA \u00fcbertragen und dort gespeichert. Der Anbieter dieser Seite hat keinen Einfluss auf diese Daten\u00fcbertragung.<\/p>\n<p id=\"e3720\">Die Nutzung von Google Maps erfolgt im Interesse einer ansprechenden Darstellung unserer Website und an einer leichten Auffindbarkeit der von uns auf der Website angegebenen Orte. Dies stellt ein berechtigtes Interesse im Sinne von Art. 6 (1) (f) DSGVO.<\/p>\n<p id=\"e3721\">Mehr Informationen zum Umgang mit Nutzerdaten finden Sie in der Datenschutzerkl\u00e4rung von Google unter <a href=\"https:\/\/www.google.de\/intl\/de\/policies\/privacy\/\" target=\"_blank\" rel=\"noopener\">https:\/\/www.google.de\/intl\/de\/policies\/privacy\/<\/a>.<\/p>\n<h3 id=\"e3732\">PayPal<\/h3>\n<p id=\"e3733\">Unsere Website akzeptiert Zahlungen per PayPal. Anbieter dieses Dienstes ist die PayPal (Europe) S.\u00e0.r.l &amp; Cie, S.C.A. (22-24 Boulevard Royal, L-2449 Luxemburg.<\/p>\n<p id=\"e3735\">Bei Auswahl der Zahlung per PayPal werden die von Ihnen angegebenen Zahlungsdaten auf Grundlage von Art. 6 (1) (a) (Einwilligung) und Art. 6 (1) (b) DSGVO (Verarbeitung zu Vertragszwecken). Sie haben jederzeit die M\u00f6glichkeit, Ihre Einwilligung mit Wirkung f\u00fcr die Zukunft zu widerrufen. Sie hat keinen Einfluss auf die Verarbeitung der zuvor erhobenen Daten.<\/p>\n<p>[\/et_pb_text][\/et_pb_column][\/et_pb_row][\/et_pb_section]<\/p>\n","protected":false},"excerpt":{"rendered":"<p>Datenschutz-Bestimmungen Der sorgf\u00e4ltige und verantwortungsvolle Umgang mit personenbezogenen Daten ist uns bei International Blue Cross ein wichtiges Anliegen. Daher sind wir offen und transparent in unseren Angaben \u00fcber die Erhebung, Speicherung und Nutzung aller Daten und halten uns an die gesetzlichen Datenschutzvorschriften. Unter keinen Umst\u00e4nden geben wir personenbezogene Daten unserer SpenderInnen oder Unterst\u00fctzerInnen an Dritte [&hellip;]<\/p>\n","protected":false},"author":2,"featured_media":0,"parent":0,"menu_order":0,"comment_status":"closed","ping_status":"closed","template":"","meta":{"give_campaign_id":0,"_et_pb_use_builder":"on","_et_pb_old_content":"","_et_gb_content_width":"","footnotes":""},"class_list":["post-2298","page","type-page","status-publish","hentry"],"yoast_head":"<!-- This site is optimized with the Yoast SEO plugin v27.5 - https:\/\/yoast.com\/product\/yoast-seo-wordpress\/ -->\n<title>Datenschutz-Bestimmungen - International Blue Cross<\/title>\n<meta name=\"robots\" content=\"index, follow, max-snippet:-1, max-image-preview:large, max-video-preview:-1\" \/>\n<link rel=\"canonical\" href=\"https:\/\/internationalbluecross.org\/de\/datenschutz-bestimmungen\/\" \/>\n<meta property=\"og:locale\" content=\"de_DE\" \/>\n<meta property=\"og:type\" content=\"article\" \/>\n<meta property=\"og:title\" content=\"Datenschutz-Bestimmungen - International Blue Cross\" \/>\n<meta property=\"og:description\" content=\"Datenschutz-Bestimmungen Der sorgf\u00e4ltige und verantwortungsvolle Umgang mit personenbezogenen Daten ist uns bei International Blue Cross ein wichtiges Anliegen. Daher sind wir offen und transparent in unseren Angaben \u00fcber die Erhebung, Speicherung und Nutzung aller Daten und halten uns an die gesetzlichen Datenschutzvorschriften. Unter keinen Umst\u00e4nden geben wir personenbezogene Daten unserer SpenderInnen oder Unterst\u00fctzerInnen an Dritte [&hellip;]\" \/>\n<meta property=\"og:url\" content=\"https:\/\/internationalbluecross.org\/de\/datenschutz-bestimmungen\/\" \/>\n<meta property=\"og:site_name\" content=\"International Blue Cross\" \/>\n<meta property=\"article:publisher\" content=\"https:\/\/www.facebook.com\/InternationalBlueCross\" \/>\n<meta property=\"article:modified_time\" content=\"2024-02-22T11:02:32+00:00\" \/>\n<meta name=\"twitter:card\" content=\"summary_large_image\" \/>\n<meta name=\"twitter:site\" content=\"@BlueCrossTweets\" \/>\n<meta name=\"twitter:label1\" content=\"Gesch\u00e4tzte Lesezeit\" \/>\n\t<meta name=\"twitter:data1\" content=\"6\u00a0Minuten\" \/>\n<script type=\"application\/ld+json\" class=\"yoast-schema-graph\">{\"@context\":\"https:\\\/\\\/schema.org\",\"@graph\":[{\"@type\":\"WebPage\",\"@id\":\"https:\\\/\\\/internationalbluecross.org\\\/de\\\/datenschutz-bestimmungen\\\/\",\"url\":\"https:\\\/\\\/internationalbluecross.org\\\/de\\\/datenschutz-bestimmungen\\\/\",\"name\":\"Datenschutz-Bestimmungen - International Blue Cross\",\"isPartOf\":{\"@id\":\"https:\\\/\\\/internationalbluecross.org\\\/de\\\/#website\"},\"datePublished\":\"2022-02-03T14:18:34+00:00\",\"dateModified\":\"2024-02-22T11:02:32+00:00\",\"breadcrumb\":{\"@id\":\"https:\\\/\\\/internationalbluecross.org\\\/de\\\/datenschutz-bestimmungen\\\/#breadcrumb\"},\"inLanguage\":\"de\",\"potentialAction\":[{\"@type\":\"ReadAction\",\"target\":[\"https:\\\/\\\/internationalbluecross.org\\\/de\\\/datenschutz-bestimmungen\\\/\"]}]},{\"@type\":\"BreadcrumbList\",\"@id\":\"https:\\\/\\\/internationalbluecross.org\\\/de\\\/datenschutz-bestimmungen\\\/#breadcrumb\",\"itemListElement\":[{\"@type\":\"ListItem\",\"position\":1,\"name\":\"Home\",\"item\":\"https:\\\/\\\/internationalbluecross.org\\\/de\\\/\"},{\"@type\":\"ListItem\",\"position\":2,\"name\":\"Datenschutz-Bestimmungen\"}]},{\"@type\":\"WebSite\",\"@id\":\"https:\\\/\\\/internationalbluecross.org\\\/de\\\/#website\",\"url\":\"https:\\\/\\\/internationalbluecross.org\\\/de\\\/\",\"name\":\"International Blue Cross\",\"description\":\"Protecting People from being harmed by Alcohol and Drugs\",\"publisher\":{\"@id\":\"https:\\\/\\\/internationalbluecross.org\\\/de\\\/#organization\"},\"potentialAction\":[{\"@type\":\"SearchAction\",\"target\":{\"@type\":\"EntryPoint\",\"urlTemplate\":\"https:\\\/\\\/internationalbluecross.org\\\/de\\\/?s={search_term_string}\"},\"query-input\":{\"@type\":\"PropertyValueSpecification\",\"valueRequired\":true,\"valueName\":\"search_term_string\"}}],\"inLanguage\":\"de\"},{\"@type\":\"Organization\",\"@id\":\"https:\\\/\\\/internationalbluecross.org\\\/de\\\/#organization\",\"name\":\"International Blue Cross\",\"url\":\"https:\\\/\\\/internationalbluecross.org\\\/de\\\/\",\"logo\":{\"@type\":\"ImageObject\",\"inLanguage\":\"de\",\"@id\":\"https:\\\/\\\/internationalbluecross.org\\\/de\\\/#\\\/schema\\\/logo\\\/image\\\/\",\"url\":\"https:\\/\\/internationalbluecross.org\\/wp-content\\/uploads\\/2022\\/08\\/logo-donations-thanks-sm.jpg\",\"contentUrl\":\"https:\\/\\/internationalbluecross.org\\/wp-content\\/uploads\\/2022\\/08\\/logo-donations-thanks-sm.jpg\",\"width\":680,\"height\":400,\"caption\":\"International Blue Cross\"},\"image\":{\"@id\":\"https:\\\/\\\/internationalbluecross.org\\\/de\\\/#\\\/schema\\\/logo\\\/image\\\/\"},\"sameAs\":[\"https:\\\/\\\/www.facebook.com\\\/InternationalBlueCross\",\"https:\\\/\\\/x.com\\\/BlueCrossTweets\"]}]}<\/script>\n<!-- \/ Yoast SEO plugin. -->","yoast_head_json":{"title":"Datenschutz-Bestimmungen - International Blue Cross","robots":{"index":"index","follow":"follow","max-snippet":"max-snippet:-1","max-image-preview":"max-image-preview:large","max-video-preview":"max-video-preview:-1"},"canonical":"https:\/\/internationalbluecross.org\/de\/datenschutz-bestimmungen\/","og_locale":"de_DE","og_type":"article","og_title":"Datenschutz-Bestimmungen - International Blue Cross","og_description":"Datenschutz-Bestimmungen Der sorgf\u00e4ltige und verantwortungsvolle Umgang mit personenbezogenen Daten ist uns bei International Blue Cross ein wichtiges Anliegen. Daher sind wir offen und transparent in unseren Angaben \u00fcber die Erhebung, Speicherung und Nutzung aller Daten und halten uns an die gesetzlichen Datenschutzvorschriften. Unter keinen Umst\u00e4nden geben wir personenbezogene Daten unserer SpenderInnen oder Unterst\u00fctzerInnen an Dritte [&hellip;]","og_url":"https:\/\/internationalbluecross.org\/de\/datenschutz-bestimmungen\/","og_site_name":"International Blue Cross","article_publisher":"https:\/\/www.facebook.com\/InternationalBlueCross","article_modified_time":"2024-02-22T11:02:32+00:00","twitter_card":"summary_large_image","twitter_site":"@BlueCrossTweets","twitter_misc":{"Gesch\u00e4tzte Lesezeit":"6\u00a0Minuten"},"schema":{"@context":"https:\/\/schema.org","@graph":[{"@type":"WebPage","@id":"https:\/\/internationalbluecross.org\/de\/datenschutz-bestimmungen\/","url":"https:\/\/internationalbluecross.org\/de\/datenschutz-bestimmungen\/","name":"Datenschutz-Bestimmungen - International Blue Cross","isPartOf":{"@id":"https:\/\/internationalbluecross.org\/de\/#website"},"datePublished":"2022-02-03T14:18:34+00:00","dateModified":"2024-02-22T11:02:32+00:00","breadcrumb":{"@id":"https:\/\/internationalbluecross.org\/de\/datenschutz-bestimmungen\/#breadcrumb"},"inLanguage":"de","potentialAction":[{"@type":"ReadAction","target":["https:\/\/internationalbluecross.org\/de\/datenschutz-bestimmungen\/"]}]},{"@type":"BreadcrumbList","@id":"https:\/\/internationalbluecross.org\/de\/datenschutz-bestimmungen\/#breadcrumb","itemListElement":[{"@type":"ListItem","position":1,"name":"Home","item":"https:\/\/internationalbluecross.org\/de\/"},{"@type":"ListItem","position":2,"name":"Datenschutz-Bestimmungen"}]},{"@type":"WebSite","@id":"https:\/\/internationalbluecross.org\/de\/#website","url":"https:\/\/internationalbluecross.org\/de\/","name":"International Blue Cross","description":"Protecting People from being harmed by Alcohol and Drugs","publisher":{"@id":"https:\/\/internationalbluecross.org\/de\/#organization"},"potentialAction":[{"@type":"SearchAction","target":{"@type":"EntryPoint","urlTemplate":"https:\/\/internationalbluecross.org\/de\/?s={search_term_string}"},"query-input":{"@type":"PropertyValueSpecification","valueRequired":true,"valueName":"search_term_string"}}],"inLanguage":"de"},{"@type":"Organization","@id":"https:\/\/internationalbluecross.org\/de\/#organization","name":"International Blue Cross","url":"https:\/\/internationalbluecross.org\/de\/","logo":{"@type":"ImageObject","inLanguage":"de","@id":"https:\/\/internationalbluecross.org\/de\/#\/schema\/logo\/image\/","url":"https:\/\/mll3h1jyy9a5.i.optimole.com\/w:auto\/h:auto\/q:mauto\/ig:avif\/https:\/\/internationalbluecross.org\/wp-content\/uploads\/2022\/08\/logo-donations-thanks-sm.jpg","contentUrl":"https:\/\/mll3h1jyy9a5.i.optimole.com\/w:auto\/h:auto\/q:mauto\/ig:avif\/https:\/\/internationalbluecross.org\/wp-content\/uploads\/2022\/08\/logo-donations-thanks-sm.jpg","width":680,"height":400,"caption":"International Blue Cross"},"image":{"@id":"https:\/\/internationalbluecross.org\/de\/#\/schema\/logo\/image\/"},"sameAs":["https:\/\/www.facebook.com\/InternationalBlueCross","https:\/\/x.com\/BlueCrossTweets"]}]}},"campaignId":"","_links":{"self":[{"href":"https:\/\/internationalbluecross.org\/de\/wp-json\/wp\/v2\/pages\/2298","targetHints":{"allow":["GET"]}}],"collection":[{"href":"https:\/\/internationalbluecross.org\/de\/wp-json\/wp\/v2\/pages"}],"about":[{"href":"https:\/\/internationalbluecross.org\/de\/wp-json\/wp\/v2\/types\/page"}],"author":[{"embeddable":true,"href":"https:\/\/internationalbluecross.org\/de\/wp-json\/wp\/v2\/users\/2"}],"replies":[{"embeddable":true,"href":"https:\/\/internationalbluecross.org\/de\/wp-json\/wp\/v2\/comments?post=2298"}],"version-history":[{"count":0,"href":"https:\/\/internationalbluecross.org\/de\/wp-json\/wp\/v2\/pages\/2298\/revisions"}],"wp:attachment":[{"href":"https:\/\/internationalbluecross.org\/de\/wp-json\/wp\/v2\/media?parent=2298"}],"curies":[{"name":"wp","href":"https:\/\/api.w.org\/{rel}","templated":true}]}}