{"id":1680,"date":"2022-02-03T14:18:01","date_gmt":"2022-02-03T14:18:01","guid":{"rendered":"https:\/\/internationalbluecross.org\/impressum\/"},"modified":"2023-10-05T08:26:50","modified_gmt":"2023-10-05T08:26:50","slug":"impressum","status":"publish","type":"page","link":"https:\/\/internationalbluecross.org\/de\/impressum\/","title":{"rendered":"Impressum"},"content":{"rendered":"<p>[et_pb_section fb_built=&#8220;1&#8243; _builder_version=&#8220;4.14.3&#8243; _module_preset=&#8220;default&#8220; global_colors_info=&#8220;{}&#8220;][et_pb_row _builder_version=&#8220;4.14.3&#8243; _module_preset=&#8220;default&#8220; global_colors_info=&#8220;{}&#8220;][et_pb_column type=&#8220;4_4&#8243; _builder_version=&#8220;4.14.3&#8243; _module_preset=&#8220;default&#8220; global_colors_info=&#8220;{}&#8220;][et_pb_post_title meta=&#8220;off&#8220; featured_image=&#8220;off&#8220; _builder_version=&#8220;4.14.3&#8243; _module_preset=&#8220;default&#8220; title_font=&#8220;|700|on||||||&#8220; title_font_size=&#8220;30px&#8220; custom_margin=&#8220;||10px||false|false&#8220; global_colors_info=&#8220;{}&#8220;][\/et_pb_post_title][et_pb_text _builder_version=&#8220;4.14.3&#8243; _module_preset=&#8220;default&#8220; header_3_font=&#8220;|600|||||||&#8220; header_3_line_height=&#8220;1.4em&#8220; header_4_font=&#8220;|600|||||||&#8220; hover_enabled=&#8220;0&#8243; global_colors_info=&#8220;{}&#8220; header_2_font=&#8220;|700|||||||&#8220; sticky_enabled=&#8220;0&#8243;]<\/p>\n<h2 id=\"e943\">Information anhand Sektion 5 Deutsches Telemedien-Gesetz (TMG)<\/h2>\n<p id=\"e944\"><strong>International Blue Cross<\/strong><br \/>Lindenrain 5a<br \/>3012 Bern, Schweiz<\/p>\n<h2 id=\"e945\">Kontakt<\/h2>\n<p id=\"e946\">Telefon: <a href=\"tel:+41313019804\">+41 31 301 98 04<\/a><br \/>Telefax: +41 31 301 98 05<br \/>E-Mail: <a href=\"mailto:office@ifbc.info\">office@internationalbluecross.org<\/a><\/p>\n<p id=\"e953\">Quelle: eRecht24<\/p>\n<p>&nbsp;<\/p>\n<h2 id=\"e954\">Haftungsausschluss<\/h2>\n<h3 id=\"e955\">Haftung f\u00fcr Inhalte<\/h3>\n<p id=\"e956\">Als Diensteanbieter sind wir f\u00fcr eigene Inhalte auf diesen Seiten gem\u00e4\u00df \u00a7 6 Abs. \u00a7 7 Abs. 1 Telemediengesetz (TMG) haftbar. Allerdings ist nach Abs. \u00a7\u00a7 8 bis 10 TMG sind Diensteanbieter jedoch nicht verpflichtet, \u00fcbermittelte oder gespeicherte fremde Informationen zu \u00fcberwachen oder nach Umst\u00e4nden zu forschen, die auf eine rechtswidrige T\u00e4tigkeit hinweisen.<\/p>\n<p id=\"e957\">Gesetzliche Verpflichtungen zur Entfernung von Informationen oder Sperrung der Nutzung von Informationen bleiben unber\u00fchrt. Eine diesbez\u00fcgliche Haftung ist jedoch erst ab dem Zeitpunkt der Kenntnis einer konkreten Rechtsverletzung m\u00f6glich. Rechtswidrige Inhalte werden bei Kenntnis dar\u00fcber umgehend entfernt.<\/p>\n<h3 id=\"e958\">Haftung f\u00fcr Links<\/h3>\n<p id=\"e959\">Unser Angebot enth\u00e4lt Links zu externen Webseiten Dritter. Auf die Inhalte dieser Seiten haben wir keinen Einfluss, deshalb k\u00f6nnen wir f\u00fcr diese Inhalte auch keine Gew\u00e4hr \u00fcbernehmen. F\u00fcr die Inhalte der verlinkten Seiten sind stets deren Anbieter oder Betreiber verantwortlich.<\/p>\n<p id=\"e960\">Die verlinkten Seiten wurden zum Zeitpunkt der Verlinkung auf m\u00f6gliche Rechtsverst\u00f6\u00dfe \u00fcberpr\u00fcft. Rechtswidrige Inhalte waren zum Zeitpunkt der Verlinkung nicht erkennbar. Eine permanente inhaltliche Kontrolle verlinkter Seiten ist ohne begr\u00fcndete Anhaltspunkte einer Rechtsverletzung nicht zumutbar. Rechtswidrige Links werden bei Kenntnisnahme umgehend entfernt.<\/p>\n<h3 id=\"e961\">Copyright<\/h3>\n<p id=\"e962\">Die durch die Anbieter auf diesen Seiten ver\u00f6ffentlichten Inhalte und Zusammenstellungen unterliegen dem deutschen Urheberrecht. Die Vervielf\u00e4ltigung, Bearbeitung, Verbreitung sowie die Verwertung in jeglicher Art au\u00dferhalb der Reichweite des Urheberrechtsgesetzes bed\u00fcrfen der schriftlichen Zustimmung des Autors bzw. Urhebers. Downloads und Kopien dieser Seite sind nur f\u00fcr den privaten Gebrauch gestattet.<br \/>Die gewerbliche Nutzung unserer Inhalte ohne Genehmigung des Urhebers ist untersagt.<\/p>\n<p id=\"e963\">Urheberrechte Dritter werden beachtet, sofern die Inhalte auf diesen Seiten nicht vom Anbieter stammen. Beitr\u00e4ge Dritter auf dieser Seite sind als solche gekennzeichnet. Sollten Ihnen dennoch Urheberrechtsverletzungen auffallen, teilen Sie uns dies bitte mit. Bei Bekanntwerden von Rechtsverletzungen werden wir derartige Inhalte umgehend entfernen.<\/p>\n<p>[\/et_pb_text][\/et_pb_column][\/et_pb_row][\/et_pb_section]<\/p>\n","protected":false},"excerpt":{"rendered":"<p>Information anhand Sektion 5 Deutsches Telemedien-Gesetz (TMG) International Blue CrossLindenrain 5a3012 Bern, Schweiz Kontakt Telefon: +41 31 301 98 04Telefax: +41 31 301 98 05E-Mail: office@internationalbluecross.org Quelle: eRecht24 &nbsp; Haftungsausschluss Haftung f\u00fcr Inhalte Als Diensteanbieter sind wir f\u00fcr eigene Inhalte auf diesen Seiten gem\u00e4\u00df \u00a7 6 Abs. \u00a7 7 Abs. 1 Telemediengesetz (TMG) haftbar. Allerdings [&hellip;]<\/p>\n","protected":false},"author":2,"featured_media":0,"parent":0,"menu_order":0,"comment_status":"closed","ping_status":"closed","template":"","meta":{"give_campaign_id":0,"_et_pb_use_builder":"on","_et_pb_old_content":"","_et_gb_content_width":"","footnotes":""},"class_list":["post-1680","page","type-page","status-publish","hentry"],"yoast_head":"<!-- This site is optimized with the Yoast SEO plugin v27.5 - https:\/\/yoast.com\/product\/yoast-seo-wordpress\/ -->\n<title>Impressum - International Blue Cross<\/title>\n<meta name=\"robots\" content=\"index, follow, max-snippet:-1, max-image-preview:large, max-video-preview:-1\" \/>\n<link rel=\"canonical\" href=\"https:\/\/internationalbluecross.org\/de\/impressum\/\" \/>\n<meta property=\"og:locale\" content=\"de_DE\" \/>\n<meta property=\"og:type\" content=\"article\" \/>\n<meta property=\"og:title\" content=\"Impressum - International Blue Cross\" \/>\n<meta property=\"og:description\" content=\"Information anhand Sektion 5 Deutsches Telemedien-Gesetz (TMG) International Blue CrossLindenrain 5a3012 Bern, Schweiz Kontakt Telefon: +41 31 301 98 04Telefax: +41 31 301 98 05E-Mail: office@internationalbluecross.org Quelle: eRecht24 &nbsp; Haftungsausschluss Haftung f\u00fcr Inhalte Als Diensteanbieter sind wir f\u00fcr eigene Inhalte auf diesen Seiten gem\u00e4\u00df \u00a7 6 Abs. \u00a7 7 Abs. 1 Telemediengesetz (TMG) haftbar. Allerdings [&hellip;]\" \/>\n<meta property=\"og:url\" content=\"https:\/\/internationalbluecross.org\/de\/impressum\/\" \/>\n<meta property=\"og:site_name\" content=\"International Blue Cross\" \/>\n<meta property=\"article:publisher\" content=\"https:\/\/www.facebook.com\/InternationalBlueCross\" \/>\n<meta property=\"article:modified_time\" content=\"2023-10-05T08:26:50+00:00\" \/>\n<meta name=\"twitter:card\" content=\"summary_large_image\" \/>\n<meta name=\"twitter:site\" content=\"@BlueCrossTweets\" \/>\n<meta name=\"twitter:label1\" content=\"Gesch\u00e4tzte Lesezeit\" \/>\n\t<meta name=\"twitter:data1\" content=\"2\u00a0Minuten\" \/>\n<script type=\"application\/ld+json\" class=\"yoast-schema-graph\">{\"@context\":\"https:\\\/\\\/schema.org\",\"@graph\":[{\"@type\":\"WebPage\",\"@id\":\"https:\\\/\\\/internationalbluecross.org\\\/de\\\/impressum\\\/\",\"url\":\"https:\\\/\\\/internationalbluecross.org\\\/de\\\/impressum\\\/\",\"name\":\"Impressum - International Blue Cross\",\"isPartOf\":{\"@id\":\"https:\\\/\\\/internationalbluecross.org\\\/de\\\/#website\"},\"datePublished\":\"2022-02-03T14:18:01+00:00\",\"dateModified\":\"2023-10-05T08:26:50+00:00\",\"breadcrumb\":{\"@id\":\"https:\\\/\\\/internationalbluecross.org\\\/de\\\/impressum\\\/#breadcrumb\"},\"inLanguage\":\"de\",\"potentialAction\":[{\"@type\":\"ReadAction\",\"target\":[\"https:\\\/\\\/internationalbluecross.org\\\/de\\\/impressum\\\/\"]}]},{\"@type\":\"BreadcrumbList\",\"@id\":\"https:\\\/\\\/internationalbluecross.org\\\/de\\\/impressum\\\/#breadcrumb\",\"itemListElement\":[{\"@type\":\"ListItem\",\"position\":1,\"name\":\"Home\",\"item\":\"https:\\\/\\\/internationalbluecross.org\\\/de\\\/\"},{\"@type\":\"ListItem\",\"position\":2,\"name\":\"Impressum\"}]},{\"@type\":\"WebSite\",\"@id\":\"https:\\\/\\\/internationalbluecross.org\\\/de\\\/#website\",\"url\":\"https:\\\/\\\/internationalbluecross.org\\\/de\\\/\",\"name\":\"International Blue Cross\",\"description\":\"Protecting People from being harmed by Alcohol and Drugs\",\"publisher\":{\"@id\":\"https:\\\/\\\/internationalbluecross.org\\\/de\\\/#organization\"},\"potentialAction\":[{\"@type\":\"SearchAction\",\"target\":{\"@type\":\"EntryPoint\",\"urlTemplate\":\"https:\\\/\\\/internationalbluecross.org\\\/de\\\/?s={search_term_string}\"},\"query-input\":{\"@type\":\"PropertyValueSpecification\",\"valueRequired\":true,\"valueName\":\"search_term_string\"}}],\"inLanguage\":\"de\"},{\"@type\":\"Organization\",\"@id\":\"https:\\\/\\\/internationalbluecross.org\\\/de\\\/#organization\",\"name\":\"International Blue Cross\",\"url\":\"https:\\\/\\\/internationalbluecross.org\\\/de\\\/\",\"logo\":{\"@type\":\"ImageObject\",\"inLanguage\":\"de\",\"@id\":\"https:\\\/\\\/internationalbluecross.org\\\/de\\\/#\\\/schema\\\/logo\\\/image\\\/\",\"url\":\"https:\\/\\/internationalbluecross.org\\/wp-content\\/uploads\\/2022\\/08\\/logo-donations-thanks-sm.jpg\",\"contentUrl\":\"https:\\/\\/internationalbluecross.org\\/wp-content\\/uploads\\/2022\\/08\\/logo-donations-thanks-sm.jpg\",\"width\":680,\"height\":400,\"caption\":\"International Blue Cross\"},\"image\":{\"@id\":\"https:\\\/\\\/internationalbluecross.org\\\/de\\\/#\\\/schema\\\/logo\\\/image\\\/\"},\"sameAs\":[\"https:\\\/\\\/www.facebook.com\\\/InternationalBlueCross\",\"https:\\\/\\\/x.com\\\/BlueCrossTweets\"]}]}<\/script>\n<!-- \/ Yoast SEO plugin. -->","yoast_head_json":{"title":"Impressum - International Blue Cross","robots":{"index":"index","follow":"follow","max-snippet":"max-snippet:-1","max-image-preview":"max-image-preview:large","max-video-preview":"max-video-preview:-1"},"canonical":"https:\/\/internationalbluecross.org\/de\/impressum\/","og_locale":"de_DE","og_type":"article","og_title":"Impressum - International Blue Cross","og_description":"Information anhand Sektion 5 Deutsches Telemedien-Gesetz (TMG) International Blue CrossLindenrain 5a3012 Bern, Schweiz Kontakt Telefon: +41 31 301 98 04Telefax: +41 31 301 98 05E-Mail: office@internationalbluecross.org Quelle: eRecht24 &nbsp; Haftungsausschluss Haftung f\u00fcr Inhalte Als Diensteanbieter sind wir f\u00fcr eigene Inhalte auf diesen Seiten gem\u00e4\u00df \u00a7 6 Abs. \u00a7 7 Abs. 1 Telemediengesetz (TMG) haftbar. Allerdings [&hellip;]","og_url":"https:\/\/internationalbluecross.org\/de\/impressum\/","og_site_name":"International Blue Cross","article_publisher":"https:\/\/www.facebook.com\/InternationalBlueCross","article_modified_time":"2023-10-05T08:26:50+00:00","twitter_card":"summary_large_image","twitter_site":"@BlueCrossTweets","twitter_misc":{"Gesch\u00e4tzte Lesezeit":"2\u00a0Minuten"},"schema":{"@context":"https:\/\/schema.org","@graph":[{"@type":"WebPage","@id":"https:\/\/internationalbluecross.org\/de\/impressum\/","url":"https:\/\/internationalbluecross.org\/de\/impressum\/","name":"Impressum - International Blue Cross","isPartOf":{"@id":"https:\/\/internationalbluecross.org\/de\/#website"},"datePublished":"2022-02-03T14:18:01+00:00","dateModified":"2023-10-05T08:26:50+00:00","breadcrumb":{"@id":"https:\/\/internationalbluecross.org\/de\/impressum\/#breadcrumb"},"inLanguage":"de","potentialAction":[{"@type":"ReadAction","target":["https:\/\/internationalbluecross.org\/de\/impressum\/"]}]},{"@type":"BreadcrumbList","@id":"https:\/\/internationalbluecross.org\/de\/impressum\/#breadcrumb","itemListElement":[{"@type":"ListItem","position":1,"name":"Home","item":"https:\/\/internationalbluecross.org\/de\/"},{"@type":"ListItem","position":2,"name":"Impressum"}]},{"@type":"WebSite","@id":"https:\/\/internationalbluecross.org\/de\/#website","url":"https:\/\/internationalbluecross.org\/de\/","name":"International Blue Cross","description":"Protecting People from being harmed by Alcohol and Drugs","publisher":{"@id":"https:\/\/internationalbluecross.org\/de\/#organization"},"potentialAction":[{"@type":"SearchAction","target":{"@type":"EntryPoint","urlTemplate":"https:\/\/internationalbluecross.org\/de\/?s={search_term_string}"},"query-input":{"@type":"PropertyValueSpecification","valueRequired":true,"valueName":"search_term_string"}}],"inLanguage":"de"},{"@type":"Organization","@id":"https:\/\/internationalbluecross.org\/de\/#organization","name":"International Blue Cross","url":"https:\/\/internationalbluecross.org\/de\/","logo":{"@type":"ImageObject","inLanguage":"de","@id":"https:\/\/internationalbluecross.org\/de\/#\/schema\/logo\/image\/","url":"https:\/\/mll3h1jyy9a5.i.optimole.com\/w:auto\/h:auto\/q:mauto\/ig:avif\/https:\/\/internationalbluecross.org\/wp-content\/uploads\/2022\/08\/logo-donations-thanks-sm.jpg","contentUrl":"https:\/\/mll3h1jyy9a5.i.optimole.com\/w:auto\/h:auto\/q:mauto\/ig:avif\/https:\/\/internationalbluecross.org\/wp-content\/uploads\/2022\/08\/logo-donations-thanks-sm.jpg","width":680,"height":400,"caption":"International Blue Cross"},"image":{"@id":"https:\/\/internationalbluecross.org\/de\/#\/schema\/logo\/image\/"},"sameAs":["https:\/\/www.facebook.com\/InternationalBlueCross","https:\/\/x.com\/BlueCrossTweets"]}]}},"campaignId":"","_links":{"self":[{"href":"https:\/\/internationalbluecross.org\/de\/wp-json\/wp\/v2\/pages\/1680","targetHints":{"allow":["GET"]}}],"collection":[{"href":"https:\/\/internationalbluecross.org\/de\/wp-json\/wp\/v2\/pages"}],"about":[{"href":"https:\/\/internationalbluecross.org\/de\/wp-json\/wp\/v2\/types\/page"}],"author":[{"embeddable":true,"href":"https:\/\/internationalbluecross.org\/de\/wp-json\/wp\/v2\/users\/2"}],"replies":[{"embeddable":true,"href":"https:\/\/internationalbluecross.org\/de\/wp-json\/wp\/v2\/comments?post=1680"}],"version-history":[{"count":0,"href":"https:\/\/internationalbluecross.org\/de\/wp-json\/wp\/v2\/pages\/1680\/revisions"}],"wp:attachment":[{"href":"https:\/\/internationalbluecross.org\/de\/wp-json\/wp\/v2\/media?parent=1680"}],"curies":[{"name":"wp","href":"https:\/\/api.w.org\/{rel}","templated":true}]}}