{"id":1432,"date":"2022-02-03T14:18:46","date_gmt":"2022-02-03T14:18:46","guid":{"rendered":"https:\/\/internationalbluecross.org\/ressourcen\/andere-veroeffentlichungen\/"},"modified":"2024-02-15T16:01:19","modified_gmt":"2024-02-15T16:01:19","slug":"andere-veroeffentlichungen","status":"publish","type":"page","link":"https:\/\/internationalbluecross.org\/de\/ressourcen\/andere-veroeffentlichungen\/","title":{"rendered":"Andere Ver\u00f6ffentlichungen"},"content":{"rendered":"<p>[et_pb_section fb_built=&#8220;1&#8243; module_class=&#8220;section_reports&#8220; _builder_version=&#8220;4.16&#8243; _module_preset=&#8220;default&#8220; global_colors_info=&#8220;{}&#8220;][et_pb_row _builder_version=&#8220;4.21.0&#8243; _module_preset=&#8220;default&#8220; global_colors_info=&#8220;{}&#8220;][et_pb_column type=&#8220;4_4&#8243; _builder_version=&#8220;4.16&#8243; _module_preset=&#8220;default&#8220; global_colors_info=&#8220;{}&#8220;][et_pb_post_title meta=&#8220;off&#8220; featured_image=&#8220;off&#8220; _builder_version=&#8220;4.16&#8243; _module_preset=&#8220;default&#8220; title_font=&#8220;|700|on||||||&#8220; title_font_size=&#8220;30px&#8220; custom_margin=&#8220;||10px||false|false&#8220; global_colors_info=&#8220;{}&#8220;][\/et_pb_post_title][et_pb_text module_class=&#8220;pdflists&#8220; _builder_version=&#8220;4.24.0&#8243; _module_preset=&#8220;default&#8220; text_font=&#8220;||||||||&#8220; ul_font=&#8220;||on||||||&#8220; ul_font_size=&#8220;18px&#8220; ul_line_height=&#8220;1.8em&#8220; header_3_line_height=&#8220;1.5em&#8220; global_colors_info=&#8220;{}&#8220;]<\/p>\n<ul>\n<li><a href=\"https:\/\/internationalbluecross.org\/wp-content\/uploads\/2022\/02\/ReducingAlcoholHarm_2013_Final_compres.pdf\" target=\"_blank\" rel=\"noopener\">Communities Taking Action, Reducing Alcohol Harm in Africa (Gemeinden werden aktiv, Reduktion von alkoholbedingten Sch\u00e4den in Afrika) (10.2 MB)<\/a><\/li>\n<li><a href=\"https:\/\/internationalbluecross.org\/wp-content\/uploads\/2022\/02\/Evidence_Based_Alcohol_Policy_2013.pdf\" target=\"_blank\" rel=\"noopener\">Training Manual for Evidence-Based Alcohol Policy in Developing Countries (Trainingsprogramm f\u00fcr evidenzbasierte Alkohol- und Drogenpolitik) (1.3 MB)<\/a><br \/>Vielen afrikanischen L\u00e4ndern mangelt es an Kapazit\u00e4ten f\u00fcr eine wirksame Bek\u00e4mpfung der Probleme, die durch Alkohol verursacht werden. Menschen vor Sch\u00e4den durch Alkohol zu sch\u00fctzen ist dort noch schwieriger. In jeder Gesellschaft sollte leicht erh\u00e4ltlicher Alkohol durch eine starke nationale und lokale Politik bek\u00e4mpft werden. Dieses Trainingsprogramm f\u00fcr evidenzbasierte Alkohol- und Drogenpolitik wurde f\u00fcr die Anwendung in der afrikanischen Region entwickelt.<\/li>\n<li><a href=\"https:\/\/internationalbluecross.org\/wp-content\/uploads\/2022\/02\/Self-help_Group_Manual_2013.pdf\" target=\"_blank\" rel=\"noopener\">Helping Others to Help Themselves: A Blue Cross Guide to Addiction Self-help Groups (Anderen helfen, sich selbst zu helfen: Ein Ratgeber des Blauen Kreuzes \u00fcber Selbsthilfegruppen) (452KB)<\/a><br \/>Die \u00dcberwindung einer Sucht ist eine von vielf\u00e4ltigen Herausforderungen gepr\u00e4gt. Betroffene ben\u00f6tigen ausreichende Unterst\u00fctzung in ihrem Kampf gegen die Sucht. In Zusammenarbeit mit dem Blauen Kreuz des Kantons Bern, Schweiz, hat IBC einen Leitfaden entwickelt, der das Konzept der Selbsthilfe vorstellt und zeigt, wie man diese Gruppen in seinem Land mobilisiert.<\/li>\n<li><a href=\"https:\/\/internationalbluecross.org\/wp-content\/uploads\/2022\/02\/Guide-Mobilisation-Fonds_final_E.pdf\" target=\"_blank\" rel=\"noopener\">Fundraising-Handbuch von unseren Partnern (KoGe, HEKS Bread for All) (1.4 MB)<\/a><\/li>\n<\/ul>\n<p>&nbsp;<\/p>\n<p>&nbsp;<\/p>\n<p>[\/et_pb_text][\/et_pb_column][\/et_pb_row][\/et_pb_section]<\/p>\n","protected":false},"excerpt":{"rendered":"<p>Communities Taking Action, Reducing Alcohol Harm in Africa (Gemeinden werden aktiv, Reduktion von alkoholbedingten Sch\u00e4den in Afrika) (10.2 MB) Training Manual for Evidence-Based Alcohol Policy in Developing Countries (Trainingsprogramm f\u00fcr evidenzbasierte Alkohol- und Drogenpolitik) (1.3 MB)Vielen afrikanischen L\u00e4ndern mangelt es an Kapazit\u00e4ten f\u00fcr eine wirksame Bek\u00e4mpfung der Probleme, die durch Alkohol verursacht werden. Menschen vor [&hellip;]<\/p>\n","protected":false},"author":2,"featured_media":0,"parent":1391,"menu_order":0,"comment_status":"closed","ping_status":"closed","template":"","meta":{"give_campaign_id":0,"_et_pb_use_builder":"on","_et_pb_old_content":"","_et_gb_content_width":"","footnotes":""},"class_list":["post-1432","page","type-page","status-publish","hentry"],"yoast_head":"<!-- This site is optimized with the Yoast SEO plugin v27.5 - https:\/\/yoast.com\/product\/yoast-seo-wordpress\/ -->\n<title>Andere Ver\u00f6ffentlichungen - International Blue Cross<\/title>\n<meta name=\"robots\" content=\"index, follow, max-snippet:-1, max-image-preview:large, max-video-preview:-1\" \/>\n<link rel=\"canonical\" href=\"https:\/\/internationalbluecross.org\/de\/ressourcen\/andere-veroeffentlichungen\/\" \/>\n<meta property=\"og:locale\" content=\"de_DE\" \/>\n<meta property=\"og:type\" content=\"article\" \/>\n<meta property=\"og:title\" content=\"Andere Ver\u00f6ffentlichungen - International Blue Cross\" \/>\n<meta property=\"og:description\" content=\"Communities Taking Action, Reducing Alcohol Harm in Africa (Gemeinden werden aktiv, Reduktion von alkoholbedingten Sch\u00e4den in Afrika) (10.2 MB) Training Manual for Evidence-Based Alcohol Policy in Developing Countries (Trainingsprogramm f\u00fcr evidenzbasierte Alkohol- und Drogenpolitik) (1.3 MB)Vielen afrikanischen L\u00e4ndern mangelt es an Kapazit\u00e4ten f\u00fcr eine wirksame Bek\u00e4mpfung der Probleme, die durch Alkohol verursacht werden. Menschen vor [&hellip;]\" \/>\n<meta property=\"og:url\" content=\"https:\/\/internationalbluecross.org\/de\/ressourcen\/andere-veroeffentlichungen\/\" \/>\n<meta property=\"og:site_name\" content=\"International Blue Cross\" \/>\n<meta property=\"article:publisher\" content=\"https:\/\/www.facebook.com\/InternationalBlueCross\" \/>\n<meta property=\"article:modified_time\" content=\"2024-02-15T16:01:19+00:00\" \/>\n<meta name=\"twitter:card\" content=\"summary_large_image\" \/>\n<meta name=\"twitter:site\" content=\"@BlueCrossTweets\" \/>\n<meta name=\"twitter:label1\" content=\"Gesch\u00e4tzte Lesezeit\" \/>\n\t<meta name=\"twitter:data1\" content=\"2\u00a0Minuten\" \/>\n<script type=\"application\/ld+json\" class=\"yoast-schema-graph\">{\"@context\":\"https:\\\/\\\/schema.org\",\"@graph\":[{\"@type\":\"WebPage\",\"@id\":\"https:\\\/\\\/internationalbluecross.org\\\/de\\\/ressourcen\\\/andere-veroeffentlichungen\\\/\",\"url\":\"https:\\\/\\\/internationalbluecross.org\\\/de\\\/ressourcen\\\/andere-veroeffentlichungen\\\/\",\"name\":\"Andere Ver\u00f6ffentlichungen - International Blue Cross\",\"isPartOf\":{\"@id\":\"https:\\\/\\\/internationalbluecross.org\\\/de\\\/#website\"},\"datePublished\":\"2022-02-03T14:18:46+00:00\",\"dateModified\":\"2024-02-15T16:01:19+00:00\",\"breadcrumb\":{\"@id\":\"https:\\\/\\\/internationalbluecross.org\\\/de\\\/ressourcen\\\/andere-veroeffentlichungen\\\/#breadcrumb\"},\"inLanguage\":\"de\",\"potentialAction\":[{\"@type\":\"ReadAction\",\"target\":[\"https:\\\/\\\/internationalbluecross.org\\\/de\\\/ressourcen\\\/andere-veroeffentlichungen\\\/\"]}]},{\"@type\":\"BreadcrumbList\",\"@id\":\"https:\\\/\\\/internationalbluecross.org\\\/de\\\/ressourcen\\\/andere-veroeffentlichungen\\\/#breadcrumb\",\"itemListElement\":[{\"@type\":\"ListItem\",\"position\":1,\"name\":\"Home\",\"item\":\"https:\\\/\\\/internationalbluecross.org\\\/de\\\/\"},{\"@type\":\"ListItem\",\"position\":2,\"name\":\"Quellen und Publikationen\",\"item\":\"https:\\\/\\\/internationalbluecross.org\\\/de\\\/ressourcen\\\/\"},{\"@type\":\"ListItem\",\"position\":3,\"name\":\"Andere Ver\u00f6ffentlichungen\"}]},{\"@type\":\"WebSite\",\"@id\":\"https:\\\/\\\/internationalbluecross.org\\\/de\\\/#website\",\"url\":\"https:\\\/\\\/internationalbluecross.org\\\/de\\\/\",\"name\":\"International Blue Cross\",\"description\":\"Protecting People from being harmed by Alcohol and Drugs\",\"publisher\":{\"@id\":\"https:\\\/\\\/internationalbluecross.org\\\/de\\\/#organization\"},\"potentialAction\":[{\"@type\":\"SearchAction\",\"target\":{\"@type\":\"EntryPoint\",\"urlTemplate\":\"https:\\\/\\\/internationalbluecross.org\\\/de\\\/?s={search_term_string}\"},\"query-input\":{\"@type\":\"PropertyValueSpecification\",\"valueRequired\":true,\"valueName\":\"search_term_string\"}}],\"inLanguage\":\"de\"},{\"@type\":\"Organization\",\"@id\":\"https:\\\/\\\/internationalbluecross.org\\\/de\\\/#organization\",\"name\":\"International Blue Cross\",\"url\":\"https:\\\/\\\/internationalbluecross.org\\\/de\\\/\",\"logo\":{\"@type\":\"ImageObject\",\"inLanguage\":\"de\",\"@id\":\"https:\\\/\\\/internationalbluecross.org\\\/de\\\/#\\\/schema\\\/logo\\\/image\\\/\",\"url\":\"https:\\/\\/internationalbluecross.org\\/wp-content\\/uploads\\/2022\\/08\\/logo-donations-thanks-sm.jpg\",\"contentUrl\":\"https:\\/\\/internationalbluecross.org\\/wp-content\\/uploads\\/2022\\/08\\/logo-donations-thanks-sm.jpg\",\"width\":680,\"height\":400,\"caption\":\"International Blue Cross\"},\"image\":{\"@id\":\"https:\\\/\\\/internationalbluecross.org\\\/de\\\/#\\\/schema\\\/logo\\\/image\\\/\"},\"sameAs\":[\"https:\\\/\\\/www.facebook.com\\\/InternationalBlueCross\",\"https:\\\/\\\/x.com\\\/BlueCrossTweets\"]}]}<\/script>\n<!-- \/ Yoast SEO plugin. -->","yoast_head_json":{"title":"Andere Ver\u00f6ffentlichungen - International Blue Cross","robots":{"index":"index","follow":"follow","max-snippet":"max-snippet:-1","max-image-preview":"max-image-preview:large","max-video-preview":"max-video-preview:-1"},"canonical":"https:\/\/internationalbluecross.org\/de\/ressourcen\/andere-veroeffentlichungen\/","og_locale":"de_DE","og_type":"article","og_title":"Andere Ver\u00f6ffentlichungen - International Blue Cross","og_description":"Communities Taking Action, Reducing Alcohol Harm in Africa (Gemeinden werden aktiv, Reduktion von alkoholbedingten Sch\u00e4den in Afrika) (10.2 MB) Training Manual for Evidence-Based Alcohol Policy in Developing Countries (Trainingsprogramm f\u00fcr evidenzbasierte Alkohol- und Drogenpolitik) (1.3 MB)Vielen afrikanischen L\u00e4ndern mangelt es an Kapazit\u00e4ten f\u00fcr eine wirksame Bek\u00e4mpfung der Probleme, die durch Alkohol verursacht werden. Menschen vor [&hellip;]","og_url":"https:\/\/internationalbluecross.org\/de\/ressourcen\/andere-veroeffentlichungen\/","og_site_name":"International Blue Cross","article_publisher":"https:\/\/www.facebook.com\/InternationalBlueCross","article_modified_time":"2024-02-15T16:01:19+00:00","twitter_card":"summary_large_image","twitter_site":"@BlueCrossTweets","twitter_misc":{"Gesch\u00e4tzte Lesezeit":"2\u00a0Minuten"},"schema":{"@context":"https:\/\/schema.org","@graph":[{"@type":"WebPage","@id":"https:\/\/internationalbluecross.org\/de\/ressourcen\/andere-veroeffentlichungen\/","url":"https:\/\/internationalbluecross.org\/de\/ressourcen\/andere-veroeffentlichungen\/","name":"Andere Ver\u00f6ffentlichungen - International Blue Cross","isPartOf":{"@id":"https:\/\/internationalbluecross.org\/de\/#website"},"datePublished":"2022-02-03T14:18:46+00:00","dateModified":"2024-02-15T16:01:19+00:00","breadcrumb":{"@id":"https:\/\/internationalbluecross.org\/de\/ressourcen\/andere-veroeffentlichungen\/#breadcrumb"},"inLanguage":"de","potentialAction":[{"@type":"ReadAction","target":["https:\/\/internationalbluecross.org\/de\/ressourcen\/andere-veroeffentlichungen\/"]}]},{"@type":"BreadcrumbList","@id":"https:\/\/internationalbluecross.org\/de\/ressourcen\/andere-veroeffentlichungen\/#breadcrumb","itemListElement":[{"@type":"ListItem","position":1,"name":"Home","item":"https:\/\/internationalbluecross.org\/de\/"},{"@type":"ListItem","position":2,"name":"Quellen und Publikationen","item":"https:\/\/internationalbluecross.org\/de\/ressourcen\/"},{"@type":"ListItem","position":3,"name":"Andere Ver\u00f6ffentlichungen"}]},{"@type":"WebSite","@id":"https:\/\/internationalbluecross.org\/de\/#website","url":"https:\/\/internationalbluecross.org\/de\/","name":"International Blue Cross","description":"Protecting People from being harmed by Alcohol and Drugs","publisher":{"@id":"https:\/\/internationalbluecross.org\/de\/#organization"},"potentialAction":[{"@type":"SearchAction","target":{"@type":"EntryPoint","urlTemplate":"https:\/\/internationalbluecross.org\/de\/?s={search_term_string}"},"query-input":{"@type":"PropertyValueSpecification","valueRequired":true,"valueName":"search_term_string"}}],"inLanguage":"de"},{"@type":"Organization","@id":"https:\/\/internationalbluecross.org\/de\/#organization","name":"International Blue Cross","url":"https:\/\/internationalbluecross.org\/de\/","logo":{"@type":"ImageObject","inLanguage":"de","@id":"https:\/\/internationalbluecross.org\/de\/#\/schema\/logo\/image\/","url":"https:\/\/mll3h1jyy9a5.i.optimole.com\/w:auto\/h:auto\/q:mauto\/ig:avif\/https:\/\/internationalbluecross.org\/wp-content\/uploads\/2022\/08\/logo-donations-thanks-sm.jpg","contentUrl":"https:\/\/mll3h1jyy9a5.i.optimole.com\/w:auto\/h:auto\/q:mauto\/ig:avif\/https:\/\/internationalbluecross.org\/wp-content\/uploads\/2022\/08\/logo-donations-thanks-sm.jpg","width":680,"height":400,"caption":"International Blue Cross"},"image":{"@id":"https:\/\/internationalbluecross.org\/de\/#\/schema\/logo\/image\/"},"sameAs":["https:\/\/www.facebook.com\/InternationalBlueCross","https:\/\/x.com\/BlueCrossTweets"]}]}},"campaignId":"","_links":{"self":[{"href":"https:\/\/internationalbluecross.org\/de\/wp-json\/wp\/v2\/pages\/1432","targetHints":{"allow":["GET"]}}],"collection":[{"href":"https:\/\/internationalbluecross.org\/de\/wp-json\/wp\/v2\/pages"}],"about":[{"href":"https:\/\/internationalbluecross.org\/de\/wp-json\/wp\/v2\/types\/page"}],"author":[{"embeddable":true,"href":"https:\/\/internationalbluecross.org\/de\/wp-json\/wp\/v2\/users\/2"}],"replies":[{"embeddable":true,"href":"https:\/\/internationalbluecross.org\/de\/wp-json\/wp\/v2\/comments?post=1432"}],"version-history":[{"count":0,"href":"https:\/\/internationalbluecross.org\/de\/wp-json\/wp\/v2\/pages\/1432\/revisions"}],"up":[{"embeddable":true,"href":"https:\/\/internationalbluecross.org\/de\/wp-json\/wp\/v2\/pages\/1391"}],"wp:attachment":[{"href":"https:\/\/internationalbluecross.org\/de\/wp-json\/wp\/v2\/media?parent=1432"}],"curies":[{"name":"wp","href":"https:\/\/api.w.org\/{rel}","templated":true}]}}