{"id":1400,"date":"2022-02-03T14:18:57","date_gmt":"2022-02-03T14:18:57","guid":{"rendered":"https:\/\/internationalbluecross.org\/ressourcen\/ibc-vorgaben-und-richtlinien\/"},"modified":"2024-04-08T15:20:44","modified_gmt":"2024-04-08T15:20:44","slug":"ibc-vorgaben-und-richtlinien","status":"publish","type":"page","link":"https:\/\/internationalbluecross.org\/de\/ressourcen\/ibc-vorgaben-und-richtlinien\/","title":{"rendered":"IBC-Richtlinien"},"content":{"rendered":"<p>[et_pb_section fb_built=&#8220;1&#8243; module_class=&#8220;section_reports&#8220; _builder_version=&#8220;4.16&#8243; _module_preset=&#8220;default&#8220; global_colors_info=&#8220;{}&#8220;][et_pb_row _builder_version=&#8220;4.22.2&#8243; _module_preset=&#8220;default&#8220; custom_padding=&#8220;||0px||false|false&#8220; global_colors_info=&#8220;{}&#8220;][et_pb_column type=&#8220;4_4&#8243; _builder_version=&#8220;4.22.2&#8243; _module_preset=&#8220;default&#8220; global_colors_info=&#8220;{}&#8220;][et_pb_post_title meta=&#8220;off&#8220; featured_image=&#8220;off&#8220; _builder_version=&#8220;4.16&#8243; _module_preset=&#8220;default&#8220; title_font=&#8220;|700|on||||||&#8220; title_font_size=&#8220;30px&#8220; custom_margin=&#8220;||10px||false|false&#8220; global_colors_info=&#8220;{}&#8220;][\/et_pb_post_title][\/et_pb_column][\/et_pb_row][et_pb_row column_structure=&#8220;2_5,3_5&#8243; _builder_version=&#8220;4.22.2&#8243; _module_preset=&#8220;default&#8220; custom_padding=&#8220;||0px||false|false&#8220; global_colors_info=&#8220;{}&#8220;][et_pb_column type=&#8220;2_5&#8243; _builder_version=&#8220;4.22.2&#8243; _module_preset=&#8220;default&#8220; global_colors_info=&#8220;{}&#8220;][et_pb_text module_class=&#8220;pdflists&#8220; _builder_version=&#8220;4.24.3&#8243; _module_preset=&#8220;default&#8220; text_font=&#8220;||||||||&#8220; ul_font=&#8220;||on||||||&#8220; ul_font_size=&#8220;18px&#8220; ul_line_height=&#8220;1.8em&#8220; header_3_line_height=&#8220;1.5em&#8220; hover_enabled=&#8220;0&#8243; global_colors_info=&#8220;{}&#8220; theme_builder_area=&#8220;post_content&#8220; sticky_enabled=&#8220;0&#8243;]<\/p>\n<ul>\n<li><a href=\"https:\/\/internationalbluecross.org\/wp-content\/uploads\/2024\/04\/Complaints-Policy-2024.pdf\" target=\"_blank\" rel=\"noopener\">Reklamationspolitik IBC 2024 (621 KB)<\/a><\/li>\n<li><a href=\"https:\/\/internationalbluecross.org\/wp-content\/uploads\/2024\/04\/Anti-Corruption-Policy_IBC_2024_ENG_signed.pdf\" target=\"_blank\" rel=\"noopener\">Antikorruptionspolitik 2024 (468 KB)<\/a><\/li>\n<li><a href=\"https:\/\/internationalbluecross.org\/wp-content\/uploads\/2024\/04\/Anti-Discrimination-Policy_IBC_2024_ENG_signed.pdf\" target=\"_blank\" rel=\"noopener\">Antidiskriminierungspolitik 2024 (669 KB)<\/a><\/li>\n<li><a href=\"https:\/\/internationalbluecross.org\/wp-content\/uploads\/2024\/04\/Code-of-Conduct_IBC_2024_ENG_signed.pdf\" target=\"_blank\" rel=\"noopener\">Verhaltenskodex 2024 (355 KB)<\/a><\/li>\n<li><a href=\"https:\/\/internationalbluecross.org\/wp-content\/uploads\/2024\/04\/Do-no-harm-Policy_IBC_2024_ENG.pdf\" target=\"_blank\" rel=\"noopener\">Do no harm Politik 2024 (681 KB)<\/a><\/li>\n<li><a href=\"https:\/\/internationalbluecross.org\/wp-content\/uploads\/2024\/04\/Fixed-Assets-Policy_IBC_2024_ENG_signed.pdf\" target=\"_blank\" rel=\"noopener\">Politik f\u00fcr Anlageverm\u00f6gen 2024 (399 KB)<\/a><\/li>\n<\/ul>\n<p>[\/et_pb_text][\/et_pb_column][et_pb_column type=&#8220;3_5&#8243; _builder_version=&#8220;4.22.2&#8243; _module_preset=&#8220;default&#8220; global_colors_info=&#8220;{}&#8220;][et_pb_text module_class=&#8220;pdflists&#8220; _builder_version=&#8220;4.24.3&#8243; _module_preset=&#8220;default&#8220; text_font=&#8220;||||||||&#8220; ul_font=&#8220;||on||||||&#8220; ul_font_size=&#8220;18px&#8220; ul_line_height=&#8220;1.8em&#8220; header_3_line_height=&#8220;1.5em&#8220; hover_enabled=&#8220;0&#8243; global_colors_info=&#8220;{}&#8220; theme_builder_area=&#8220;post_content&#8220; sticky_enabled=&#8220;0&#8243;]<\/p>\n<ul>\n<li><a href=\"https:\/\/internationalbluecross.org\/wp-content\/uploads\/2024\/04\/Gender-Policy_IBC_2024_ENG_signed.pdf\" target=\"_blank\" rel=\"noopener\">Gender-Politik 2024 (673 KB)<\/a><\/li>\n<li><a href=\"https:\/\/internationalbluecross.org\/wp-content\/uploads\/2022\/02\/PolicyonPSEA_signedbyA.BabbA_.Moukolo.pdf\" target=\"_blank\" rel=\"noopener\">Politik zur Pr\u00e4vention von sexueller Ausbeutung und Missbrauch (PSEA) (468 KB)<\/a><\/li>\n<li><a href=\"https:\/\/internationalbluecross.org\/wp-content\/uploads\/2024\/04\/Protecting-Children-and-Vulnerable-PeoplePolicy_IBC_2024_ENG_signed.pdf\" target=\"_blank\" rel=\"noopener\">Politik zum Schutz von Kindern und schutzbed\u00fcrftigen Personen 2024 (463 KB)<\/a><\/li>\n<li><a href=\"https:\/\/internationalbluecross.org\/wp-content\/uploads\/2024\/04\/Security-Policy_IBC_2024_ENG_signed.pdf\" target=\"_blank\" rel=\"noopener\">Sicherheitspolitik 2024 (457 KB)<\/a><\/li>\n<li><a href=\"https:\/\/internationalbluecross.org\/wp-content\/uploads\/2022\/02\/Signed_Statutes_ENG.pdf\" target=\"_blank\" rel=\"noopener\">IBC-Statuten (2.4 MB)<\/a><\/li>\n<li><a href=\"https:\/\/internationalbluecross.org\/wp-content\/uploads\/2023\/10\/Strategy_ENG.pdf\" target=\"_blank\" rel=\"noopener\">International Blue Cross Strategie 2021 &#8211; 2028 (399 KB)<\/a><\/li>\n<\/ul>\n<p>[\/et_pb_text][\/et_pb_column][\/et_pb_row][et_pb_row _builder_version=&#8220;4.22.2&#8243; _module_preset=&#8220;default&#8220; custom_padding=&#8220;||||false|false&#8220; global_colors_info=&#8220;{}&#8220;][et_pb_column type=&#8220;4_4&#8243; _builder_version=&#8220;4.16&#8243; _module_preset=&#8220;default&#8220; global_colors_info=&#8220;{}&#8220;][et_pb_text _builder_version=&#8220;4.22.2&#8243; _module_preset=&#8220;default&#8220; global_colors_info=&#8220;{}&#8220;]<\/p>\n<h3>IBC-Strategie auf einen Blick<\/h3>\n<p>[\/et_pb_text][et_pb_image src=&#8220;https:\/\/mll3h1jyy9a5.i.optimole.com\/w:auto\/h:auto\/q:mauto\/ig:avif\/https:\/\/internationalbluecross.org\/wp-content\/uploads\/2023\/10\/IBC_Strategy_Picture_GER-scaled.jpg&#8220; title_text=&#8220;IBC_Strategy_Picture_GER&#8220; _builder_version=&#8220;4.22.2&#8243; _module_preset=&#8220;default&#8220; custom_margin=&#8220;||||false|false&#8220; global_colors_info=&#8220;{}&#8220;][\/et_pb_image][\/et_pb_column][\/et_pb_row][\/et_pb_section]<\/p>\n","protected":false},"excerpt":{"rendered":"<p>Reklamationspolitik IBC 2024 (621 KB) Antikorruptionspolitik 2024 (468 KB) Antidiskriminierungspolitik 2024 (669 KB) Verhaltenskodex 2024 (355 KB) Do no harm Politik 2024 (681 KB) Politik f\u00fcr Anlageverm\u00f6gen 2024 (399 KB) Gender-Politik 2024 (673 KB) Politik zur Pr\u00e4vention von sexueller Ausbeutung und Missbrauch (PSEA) (468 KB) Politik zum Schutz von Kindern und schutzbed\u00fcrftigen Personen 2024 (463 [&hellip;]<\/p>\n","protected":false},"author":2,"featured_media":0,"parent":1391,"menu_order":0,"comment_status":"closed","ping_status":"closed","template":"","meta":{"give_campaign_id":0,"_et_pb_use_builder":"on","_et_pb_old_content":"","_et_gb_content_width":"","footnotes":""},"class_list":["post-1400","page","type-page","status-publish","hentry"],"yoast_head":"<!-- This site is optimized with the Yoast SEO plugin v27.5 - https:\/\/yoast.com\/product\/yoast-seo-wordpress\/ -->\n<title>IBC-Richtlinien - International Blue Cross<\/title>\n<meta name=\"robots\" content=\"index, follow, max-snippet:-1, max-image-preview:large, max-video-preview:-1\" \/>\n<link rel=\"canonical\" href=\"https:\/\/internationalbluecross.org\/de\/ressourcen\/ibc-vorgaben-und-richtlinien\/\" \/>\n<meta property=\"og:locale\" content=\"de_DE\" \/>\n<meta property=\"og:type\" content=\"article\" \/>\n<meta property=\"og:title\" content=\"IBC-Richtlinien - International Blue Cross\" \/>\n<meta property=\"og:description\" content=\"Reklamationspolitik IBC 2024 (621 KB) Antikorruptionspolitik 2024 (468 KB) Antidiskriminierungspolitik 2024 (669 KB) Verhaltenskodex 2024 (355 KB) Do no harm Politik 2024 (681 KB) Politik f\u00fcr Anlageverm\u00f6gen 2024 (399 KB) Gender-Politik 2024 (673 KB) Politik zur Pr\u00e4vention von sexueller Ausbeutung und Missbrauch (PSEA) (468 KB) Politik zum Schutz von Kindern und schutzbed\u00fcrftigen Personen 2024 (463 [&hellip;]\" \/>\n<meta property=\"og:url\" content=\"https:\/\/internationalbluecross.org\/de\/ressourcen\/ibc-vorgaben-und-richtlinien\/\" \/>\n<meta property=\"og:site_name\" content=\"International Blue Cross\" \/>\n<meta property=\"article:publisher\" content=\"https:\/\/www.facebook.com\/InternationalBlueCross\" \/>\n<meta property=\"article:modified_time\" content=\"2024-04-08T15:20:44+00:00\" \/>\n<meta name=\"twitter:card\" content=\"summary_large_image\" \/>\n<meta name=\"twitter:site\" content=\"@BlueCrossTweets\" \/>\n<meta name=\"twitter:label1\" content=\"Gesch\u00e4tzte Lesezeit\" \/>\n\t<meta name=\"twitter:data1\" content=\"2\u00a0Minuten\" \/>\n<script type=\"application\/ld+json\" class=\"yoast-schema-graph\">{\"@context\":\"https:\\\/\\\/schema.org\",\"@graph\":[{\"@type\":\"WebPage\",\"@id\":\"https:\\\/\\\/internationalbluecross.org\\\/de\\\/ressourcen\\\/ibc-vorgaben-und-richtlinien\\\/\",\"url\":\"https:\\\/\\\/internationalbluecross.org\\\/de\\\/ressourcen\\\/ibc-vorgaben-und-richtlinien\\\/\",\"name\":\"IBC-Richtlinien - International Blue Cross\",\"isPartOf\":{\"@id\":\"https:\\\/\\\/internationalbluecross.org\\\/de\\\/#website\"},\"datePublished\":\"2022-02-03T14:18:57+00:00\",\"dateModified\":\"2024-04-08T15:20:44+00:00\",\"breadcrumb\":{\"@id\":\"https:\\\/\\\/internationalbluecross.org\\\/de\\\/ressourcen\\\/ibc-vorgaben-und-richtlinien\\\/#breadcrumb\"},\"inLanguage\":\"de\",\"potentialAction\":[{\"@type\":\"ReadAction\",\"target\":[\"https:\\\/\\\/internationalbluecross.org\\\/de\\\/ressourcen\\\/ibc-vorgaben-und-richtlinien\\\/\"]}]},{\"@type\":\"BreadcrumbList\",\"@id\":\"https:\\\/\\\/internationalbluecross.org\\\/de\\\/ressourcen\\\/ibc-vorgaben-und-richtlinien\\\/#breadcrumb\",\"itemListElement\":[{\"@type\":\"ListItem\",\"position\":1,\"name\":\"Home\",\"item\":\"https:\\\/\\\/internationalbluecross.org\\\/de\\\/\"},{\"@type\":\"ListItem\",\"position\":2,\"name\":\"Quellen und Publikationen\",\"item\":\"https:\\\/\\\/internationalbluecross.org\\\/de\\\/ressourcen\\\/\"},{\"@type\":\"ListItem\",\"position\":3,\"name\":\"IBC-Richtlinien\"}]},{\"@type\":\"WebSite\",\"@id\":\"https:\\\/\\\/internationalbluecross.org\\\/de\\\/#website\",\"url\":\"https:\\\/\\\/internationalbluecross.org\\\/de\\\/\",\"name\":\"International Blue Cross\",\"description\":\"Protecting People from being harmed by Alcohol and Drugs\",\"publisher\":{\"@id\":\"https:\\\/\\\/internationalbluecross.org\\\/de\\\/#organization\"},\"potentialAction\":[{\"@type\":\"SearchAction\",\"target\":{\"@type\":\"EntryPoint\",\"urlTemplate\":\"https:\\\/\\\/internationalbluecross.org\\\/de\\\/?s={search_term_string}\"},\"query-input\":{\"@type\":\"PropertyValueSpecification\",\"valueRequired\":true,\"valueName\":\"search_term_string\"}}],\"inLanguage\":\"de\"},{\"@type\":\"Organization\",\"@id\":\"https:\\\/\\\/internationalbluecross.org\\\/de\\\/#organization\",\"name\":\"International Blue Cross\",\"url\":\"https:\\\/\\\/internationalbluecross.org\\\/de\\\/\",\"logo\":{\"@type\":\"ImageObject\",\"inLanguage\":\"de\",\"@id\":\"https:\\\/\\\/internationalbluecross.org\\\/de\\\/#\\\/schema\\\/logo\\\/image\\\/\",\"url\":\"https:\\/\\/internationalbluecross.org\\/wp-content\\/uploads\\/2022\\/08\\/logo-donations-thanks-sm.jpg\",\"contentUrl\":\"https:\\/\\/internationalbluecross.org\\/wp-content\\/uploads\\/2022\\/08\\/logo-donations-thanks-sm.jpg\",\"width\":680,\"height\":400,\"caption\":\"International Blue Cross\"},\"image\":{\"@id\":\"https:\\\/\\\/internationalbluecross.org\\\/de\\\/#\\\/schema\\\/logo\\\/image\\\/\"},\"sameAs\":[\"https:\\\/\\\/www.facebook.com\\\/InternationalBlueCross\",\"https:\\\/\\\/x.com\\\/BlueCrossTweets\"]}]}<\/script>\n<!-- \/ Yoast SEO plugin. -->","yoast_head_json":{"title":"IBC-Richtlinien - International Blue Cross","robots":{"index":"index","follow":"follow","max-snippet":"max-snippet:-1","max-image-preview":"max-image-preview:large","max-video-preview":"max-video-preview:-1"},"canonical":"https:\/\/internationalbluecross.org\/de\/ressourcen\/ibc-vorgaben-und-richtlinien\/","og_locale":"de_DE","og_type":"article","og_title":"IBC-Richtlinien - International Blue Cross","og_description":"Reklamationspolitik IBC 2024 (621 KB) Antikorruptionspolitik 2024 (468 KB) Antidiskriminierungspolitik 2024 (669 KB) Verhaltenskodex 2024 (355 KB) Do no harm Politik 2024 (681 KB) Politik f\u00fcr Anlageverm\u00f6gen 2024 (399 KB) Gender-Politik 2024 (673 KB) Politik zur Pr\u00e4vention von sexueller Ausbeutung und Missbrauch (PSEA) (468 KB) Politik zum Schutz von Kindern und schutzbed\u00fcrftigen Personen 2024 (463 [&hellip;]","og_url":"https:\/\/internationalbluecross.org\/de\/ressourcen\/ibc-vorgaben-und-richtlinien\/","og_site_name":"International Blue Cross","article_publisher":"https:\/\/www.facebook.com\/InternationalBlueCross","article_modified_time":"2024-04-08T15:20:44+00:00","twitter_card":"summary_large_image","twitter_site":"@BlueCrossTweets","twitter_misc":{"Gesch\u00e4tzte Lesezeit":"2\u00a0Minuten"},"schema":{"@context":"https:\/\/schema.org","@graph":[{"@type":"WebPage","@id":"https:\/\/internationalbluecross.org\/de\/ressourcen\/ibc-vorgaben-und-richtlinien\/","url":"https:\/\/internationalbluecross.org\/de\/ressourcen\/ibc-vorgaben-und-richtlinien\/","name":"IBC-Richtlinien - International Blue Cross","isPartOf":{"@id":"https:\/\/internationalbluecross.org\/de\/#website"},"datePublished":"2022-02-03T14:18:57+00:00","dateModified":"2024-04-08T15:20:44+00:00","breadcrumb":{"@id":"https:\/\/internationalbluecross.org\/de\/ressourcen\/ibc-vorgaben-und-richtlinien\/#breadcrumb"},"inLanguage":"de","potentialAction":[{"@type":"ReadAction","target":["https:\/\/internationalbluecross.org\/de\/ressourcen\/ibc-vorgaben-und-richtlinien\/"]}]},{"@type":"BreadcrumbList","@id":"https:\/\/internationalbluecross.org\/de\/ressourcen\/ibc-vorgaben-und-richtlinien\/#breadcrumb","itemListElement":[{"@type":"ListItem","position":1,"name":"Home","item":"https:\/\/internationalbluecross.org\/de\/"},{"@type":"ListItem","position":2,"name":"Quellen und Publikationen","item":"https:\/\/internationalbluecross.org\/de\/ressourcen\/"},{"@type":"ListItem","position":3,"name":"IBC-Richtlinien"}]},{"@type":"WebSite","@id":"https:\/\/internationalbluecross.org\/de\/#website","url":"https:\/\/internationalbluecross.org\/de\/","name":"International Blue Cross","description":"Protecting People from being harmed by Alcohol and Drugs","publisher":{"@id":"https:\/\/internationalbluecross.org\/de\/#organization"},"potentialAction":[{"@type":"SearchAction","target":{"@type":"EntryPoint","urlTemplate":"https:\/\/internationalbluecross.org\/de\/?s={search_term_string}"},"query-input":{"@type":"PropertyValueSpecification","valueRequired":true,"valueName":"search_term_string"}}],"inLanguage":"de"},{"@type":"Organization","@id":"https:\/\/internationalbluecross.org\/de\/#organization","name":"International Blue Cross","url":"https:\/\/internationalbluecross.org\/de\/","logo":{"@type":"ImageObject","inLanguage":"de","@id":"https:\/\/internationalbluecross.org\/de\/#\/schema\/logo\/image\/","url":"https:\/\/mll3h1jyy9a5.i.optimole.com\/w:auto\/h:auto\/q:mauto\/ig:avif\/https:\/\/internationalbluecross.org\/wp-content\/uploads\/2022\/08\/logo-donations-thanks-sm.jpg","contentUrl":"https:\/\/mll3h1jyy9a5.i.optimole.com\/w:auto\/h:auto\/q:mauto\/ig:avif\/https:\/\/internationalbluecross.org\/wp-content\/uploads\/2022\/08\/logo-donations-thanks-sm.jpg","width":680,"height":400,"caption":"International Blue Cross"},"image":{"@id":"https:\/\/internationalbluecross.org\/de\/#\/schema\/logo\/image\/"},"sameAs":["https:\/\/www.facebook.com\/InternationalBlueCross","https:\/\/x.com\/BlueCrossTweets"]}]}},"campaignId":"","_links":{"self":[{"href":"https:\/\/internationalbluecross.org\/de\/wp-json\/wp\/v2\/pages\/1400","targetHints":{"allow":["GET"]}}],"collection":[{"href":"https:\/\/internationalbluecross.org\/de\/wp-json\/wp\/v2\/pages"}],"about":[{"href":"https:\/\/internationalbluecross.org\/de\/wp-json\/wp\/v2\/types\/page"}],"author":[{"embeddable":true,"href":"https:\/\/internationalbluecross.org\/de\/wp-json\/wp\/v2\/users\/2"}],"replies":[{"embeddable":true,"href":"https:\/\/internationalbluecross.org\/de\/wp-json\/wp\/v2\/comments?post=1400"}],"version-history":[{"count":0,"href":"https:\/\/internationalbluecross.org\/de\/wp-json\/wp\/v2\/pages\/1400\/revisions"}],"up":[{"embeddable":true,"href":"https:\/\/internationalbluecross.org\/de\/wp-json\/wp\/v2\/pages\/1391"}],"wp:attachment":[{"href":"https:\/\/internationalbluecross.org\/de\/wp-json\/wp\/v2\/media?parent=1400"}],"curies":[{"name":"wp","href":"https:\/\/api.w.org\/{rel}","templated":true}]}}