{"id":1367,"date":"2022-02-03T14:18:09","date_gmt":"2022-02-03T14:18:09","guid":{"rendered":"https:\/\/internationalbluecross.org\/programme\/"},"modified":"2024-05-27T12:30:26","modified_gmt":"2024-05-27T12:30:26","slug":"programme","status":"publish","type":"page","link":"https:\/\/internationalbluecross.org\/de\/programme\/","title":{"rendered":"Programme"},"content":{"rendered":"<p>[et_pb_section fb_built=&#8220;1&#8243; _builder_version=&#8220;4.16&#8243; _module_preset=&#8220;default&#8220; global_colors_info=&#8220;{}&#8220;][et_pb_row _builder_version=&#8220;4.16&#8243; _module_preset=&#8220;default&#8220; global_colors_info=&#8220;{}&#8220;][et_pb_column type=&#8220;4_4&#8243; _builder_version=&#8220;4.16&#8243; _module_preset=&#8220;default&#8220; global_colors_info=&#8220;{}&#8220;][et_pb_text _builder_version=&#8220;4.17.4&#8243; _module_preset=&#8220;default&#8220; header_font=&#8220;|700|||||||&#8220; global_colors_info=&#8220;{}&#8220;]<\/p>\n<h1>Programme<\/h1>\n<h3>St\u00e4rkung von gef\u00e4hrdeten Jugendlichen, Frauen und M\u00e4nnern in Afrika<\/h3>\n<p>[\/et_pb_text][\/et_pb_column][\/et_pb_row][et_pb_row column_structure=&#8220;2_5,3_5&#8243; _builder_version=&#8220;4.16&#8243; _module_preset=&#8220;default&#8220; global_colors_info=&#8220;{}&#8220;][et_pb_column type=&#8220;2_5&#8243; _builder_version=&#8220;4.16&#8243; _module_preset=&#8220;default&#8220; background_color=&#8220;#eeeeee&#8220; global_colors_info=&#8220;{}&#8220;][et_pb_portfolio posts_number=&#8220;4&#8243; include_categories=&#8220;9&#8243; show_categories=&#8220;off&#8220; show_pagination=&#8220;off&#8220; _builder_version=&#8220;4.17.4&#8243; _module_preset=&#8220;default&#8220; title_font_size=&#8220;18px&#8220; background_color=&#8220;#eeeeee&#8220; width=&#8220;90%&#8220; module_alignment=&#8220;center&#8220; custom_padding=&#8220;20px||||false|false&#8220; global_colors_info=&#8220;{}&#8220;][\/et_pb_portfolio][\/et_pb_column][et_pb_column type=&#8220;3_5&#8243; _builder_version=&#8220;4.16&#8243; _module_preset=&#8220;default&#8220; global_colors_info=&#8220;{}&#8220;][et_pb_text _builder_version=&#8220;4.21.0&#8243; _module_preset=&#8220;default&#8220; header_4_text_color=&#8220;#333333&#8243; background_color=&#8220;#efefef&#8220; custom_padding=&#8220;20px|20px|20px|20px|false|false&#8220; global_colors_info=&#8220;{}&#8220;]<\/p>\n<h4>Fakten: Sch\u00e4digung durch Alkohol<\/h4>\n<p>Weltweit verursacht der sch\u00e4dliche Konsum von Alkohol j\u00e4hrlich etwa 3,3 Millionen Todesf\u00e4lle. Das ist mehr als der Anteil der Todesf\u00e4lle durch HIV\/AIDS. Ausserdem wird immer deutlicher, dass Alkoholkonsum wesentlich zur Verbreitung von Infektionskrankheiten wie Tuberkulose, HIV\/AIDS und Lungenentz\u00fcndung beitr\u00e4gt. Neben diesen gesundheitlichen Auswirkungen verursacht der sch\u00e4dliche Alkoholkonsum auch soziale und wirtschaftliche Verluste f\u00fcr den Einzelnen und die Gesellschaft und stellt eines der gr\u00f6ssten Hindernisse f\u00fcr eine nachhaltige Entwicklung dar.<\/p>\n<p>[\/et_pb_text][et_pb_text _builder_version=&#8220;4.21.0&#8243; _module_preset=&#8220;default&#8220; header_4_text_color=&#8220;#333333&#8243; background_color=&#8220;#efefef&#8220; custom_padding=&#8220;20px|20px|20px|20px|false|false&#8220; global_colors_info=&#8220;{}&#8220;]<\/p>\n<h4>Programm\u00fcbersicht<\/h4>\n<p><strong><br \/>Ziel:<\/strong><br \/>IBC hat sich zum Ziel gesetzt, die negativen Auswirkungen von Alkohol- und anderem Drogenkonsum weltweit zu verringern und Gesellschaften zu erm\u00f6glichen, frei von Gewalt, Unterdr\u00fcckung und suchtbedingten Krankheiten zu leben.<\/p>\n<p><strong>Aktivit\u00e4ten:<\/strong><\/p>\n<p>IBC implementiert internationale Programme der Entwicklungszusammenarbeit, indem es seine Mitgliedsorganisationen dabei unterst\u00fctzt, ihr Wissen \u00fcber die Finanzierung, Planung und Umsetzung von Projekten zu vertiefen. IBC f\u00fchrt in Zusammenarbeit mit vier ausgew\u00e4hlten lokalen Partnern im Tschad, der Republik Kongo, in Togo und in Tansania das IBC Life Skills-Programm durch.<\/p>\n<p><strong>Ans\u00e4tze:<\/strong><\/p>\n<p>Das IBC f\u00f6rdert einen umfassenden Pr\u00e4ventionsansatz, der individuelle (Verhaltens-)Pr\u00e4vention mit Gemeinschaftsma\u00dfnahmen und struktureller Pr\u00e4vention durch Kontrollpolitik verbindet.<\/p>\n<p>&#8222;Information ist nicht genug&#8220; ist die oberste Pr\u00e4misse der IBC-Pr\u00e4ventionsarbeit. Die IBC-Pr\u00e4ventionsprogramme st\u00fctzen sich auf drei S\u00e4ulen, die sich gegenseitig verst\u00e4rken, um eine nachhaltige Ver\u00e4nderung herbeizuf\u00fchren:<\/p>\n<p><strong>A) P\u00e4dagogische Ma\u00dfnahmen:<\/strong> Sie beeinflussen das individuelle Verhalten der Teilnehmer &#8211; es wird gro\u00dfer Wert auf die p\u00e4dagogische Methodik gelegt, um sicherzustellen, dass sich die Jugendlichen auf partizipative und interaktive Weise mit dem Problem auseinandersetzen k\u00f6nnen. Innerhalb der Programmaktivit\u00e4ten werden die teilnehmenden Jugendlichen dazu angeleitet, ihre F\u00e4higkeiten zu entwickeln, zu \u00fcben und zu festigen, um einen nachhaltige Wirkung auf ihr Verhalten zu erreichen. Neben den jugendlichen Teilnehmer:innen werden auch Eltern, Lehrer:innen und lokale Gemeindevertreter:innen f\u00fcr die gesellschaftlichen Risiken von Alkohol und anderen Drogen sensibilisiert und in das Programm eingebunden. Zum Beispiel werden verschiedene Trainings zu Pr\u00e4ventionsthemen in den lokalen Gemeinden angeboten.<\/p>\n<p><strong>B) Mobilisierung lokaler Gemeinschaften:<\/strong> Bei der Mobilisierung der Gemeinschaften wird die lokale Zivilgesellschaft f\u00fcr die sch\u00e4dlichen Auswirkungen des Alkoholkonsums sensibilisiert, und Schl\u00fcsselpersonen werden in der Aus\u00fcbung ihres Rechts auf freie Meinungs\u00e4u\u00dferung geschult und aufgekl\u00e4rt. Um ihr Menschenrecht auf ein Leben in Gesundheit und W\u00fcrde zu verwirklichen, wird die Gesellschaft informiert und in die Lage versetzt, sich aktiv f\u00fcr eine sch\u00fctzende Alkoholpolitik einzusetzen.<\/p>\n<p><strong>C) Verbesserung der Kontrollma\u00dfnahmen<\/strong>: Die strukturelle Pr\u00e4vention des Suchtmittelkonsums erfordert eine evidenzbasierte Politik f\u00fcr Alkohol und andere Drogen. IBC hat sich dazu verpflichtet, zu agieren, die lokalen Fortschritte zu \u00fcberwachen und zu betonen, dass die Entwicklung der Alkoholpolitik vor der Einmischung durch kommerzielle Interessen gesch\u00fctzt werden muss. Daf\u00fcr arbeitet IBC eng mit lokalen Partnerorganisationen zusammen. Kontrollma\u00dfnahmen, wie z. B. die Einschr\u00e4nkung der Verf\u00fcgbarkeit und des Vertriebs, sind erforderlich, um die \u00f6ffentliche Gesundheit zu sch\u00fctzen und die positiven Ver\u00e4nderungen, die durch die Aufkl\u00e4rung \u00fcber Lebenskompetenzen und die Mobilisierung der Bev\u00f6lkerung erreicht wurden, zu erhalten.<\/p>\n<p>[\/et_pb_text][\/et_pb_column][\/et_pb_row][et_pb_row _builder_version=&#8220;4.16&#8243; _module_preset=&#8220;default&#8220; global_colors_info=&#8220;{}&#8220;][et_pb_column type=&#8220;4_4&#8243; _builder_version=&#8220;4.16&#8243; _module_preset=&#8220;default&#8220; global_colors_info=&#8220;{}&#8220;][et_pb_divider _builder_version=&#8220;4.16&#8243; _module_preset=&#8220;default&#8220; global_colors_info=&#8220;{}&#8220;][\/et_pb_divider][\/et_pb_column][\/et_pb_row][\/et_pb_section][et_pb_section fb_built=&#8220;1&#8243; _builder_version=&#8220;4.16&#8243; _module_preset=&#8220;default&#8220; background_color=&#8220;#f26722&#8243; global_colors_info=&#8220;{}&#8220;][et_pb_row _builder_version=&#8220;4.16&#8243; _module_preset=&#8220;default&#8220; global_colors_info=&#8220;{}&#8220;][et_pb_column type=&#8220;4_4&#8243; _builder_version=&#8220;4.16&#8243; _module_preset=&#8220;default&#8220; global_colors_info=&#8220;{}&#8220;][et_pb_text _builder_version=&#8220;4.16&#8243; _module_preset=&#8220;default&#8220; header_2_text_color=&#8220;#FFFFFF&#8220; global_colors_info=&#8220;{}&#8220;]<\/p>\n<h2 id=\"bar_items2695\" style=\"text-align: center;\">Sind Sie an einer Projektpartnerschaft interessiert?<\/h2>\n<p>[\/et_pb_text][et_pb_button button_url=&#8220;@ET-DC@eyJkeW5hbWljIjp0cnVlLCJjb250ZW50IjoicG9zdF9saW5rX3VybF9wYWdlIiwic2V0dGluZ3MiOnsicG9zdF9pZCI6IjE3MiJ9fQ==@&#8220; button_text=&#8220;Zum Partner-Support&#8220; button_alignment=&#8220;center&#8220; _builder_version=&#8220;4.16&#8243; _dynamic_attributes=&#8220;button_url&#8220; _module_preset=&#8220;default&#8220; custom_button=&#8220;on&#8220; button_text_size=&#8220;18px&#8220; button_text_color=&#8220;#f26722&#8243; button_bg_color=&#8220;#FFFFFF&#8220; global_colors_info=&#8220;{}&#8220;][\/et_pb_button][\/et_pb_column][\/et_pb_row][\/et_pb_section]<\/p>\n","protected":false},"excerpt":{"rendered":"<p>Programme St\u00e4rkung von gef\u00e4hrdeten Jugendlichen, Frauen und M\u00e4nnern in AfrikaFakten: Sch\u00e4digung durch Alkohol Weltweit verursacht der sch\u00e4dliche Konsum von Alkohol j\u00e4hrlich etwa 3,3 Millionen Todesf\u00e4lle. Das ist mehr als der Anteil der Todesf\u00e4lle durch HIV\/AIDS. Ausserdem wird immer deutlicher, dass Alkoholkonsum wesentlich zur Verbreitung von Infektionskrankheiten wie Tuberkulose, HIV\/AIDS und Lungenentz\u00fcndung beitr\u00e4gt. Neben diesen gesundheitlichen [&hellip;]<\/p>\n","protected":false},"author":2,"featured_media":0,"parent":0,"menu_order":0,"comment_status":"closed","ping_status":"closed","template":"","meta":{"give_campaign_id":0,"_et_pb_use_builder":"on","_et_pb_old_content":"","_et_gb_content_width":"","footnotes":""},"class_list":["post-1367","page","type-page","status-publish","hentry"],"yoast_head":"<!-- This site is optimized with the Yoast SEO plugin v27.5 - https:\/\/yoast.com\/product\/yoast-seo-wordpress\/ -->\n<title>Programme - International Blue Cross<\/title>\n<meta name=\"robots\" content=\"index, follow, max-snippet:-1, max-image-preview:large, max-video-preview:-1\" \/>\n<link rel=\"canonical\" href=\"https:\/\/internationalbluecross.org\/de\/programme\/\" \/>\n<meta property=\"og:locale\" content=\"de_DE\" \/>\n<meta property=\"og:type\" content=\"article\" \/>\n<meta property=\"og:title\" content=\"Programme - International Blue Cross\" \/>\n<meta property=\"og:description\" content=\"Programme St\u00e4rkung von gef\u00e4hrdeten Jugendlichen, Frauen und M\u00e4nnern in AfrikaFakten: Sch\u00e4digung durch Alkohol Weltweit verursacht der sch\u00e4dliche Konsum von Alkohol j\u00e4hrlich etwa 3,3 Millionen Todesf\u00e4lle. Das ist mehr als der Anteil der Todesf\u00e4lle durch HIV\/AIDS. Ausserdem wird immer deutlicher, dass Alkoholkonsum wesentlich zur Verbreitung von Infektionskrankheiten wie Tuberkulose, HIV\/AIDS und Lungenentz\u00fcndung beitr\u00e4gt. Neben diesen gesundheitlichen [&hellip;]\" \/>\n<meta property=\"og:url\" content=\"https:\/\/internationalbluecross.org\/de\/programme\/\" \/>\n<meta property=\"og:site_name\" content=\"International Blue Cross\" \/>\n<meta property=\"article:publisher\" content=\"https:\/\/www.facebook.com\/InternationalBlueCross\" \/>\n<meta property=\"article:modified_time\" content=\"2024-05-27T12:30:26+00:00\" \/>\n<meta name=\"twitter:card\" content=\"summary_large_image\" \/>\n<meta name=\"twitter:site\" content=\"@BlueCrossTweets\" \/>\n<meta name=\"twitter:label1\" content=\"Gesch\u00e4tzte Lesezeit\" \/>\n\t<meta name=\"twitter:data1\" content=\"5\u00a0Minuten\" \/>\n<script type=\"application\/ld+json\" class=\"yoast-schema-graph\">{\"@context\":\"https:\\\/\\\/schema.org\",\"@graph\":[{\"@type\":\"WebPage\",\"@id\":\"https:\\\/\\\/internationalbluecross.org\\\/de\\\/programme\\\/\",\"url\":\"https:\\\/\\\/internationalbluecross.org\\\/de\\\/programme\\\/\",\"name\":\"Programme - International Blue Cross\",\"isPartOf\":{\"@id\":\"https:\\\/\\\/internationalbluecross.org\\\/de\\\/#website\"},\"datePublished\":\"2022-02-03T14:18:09+00:00\",\"dateModified\":\"2024-05-27T12:30:26+00:00\",\"breadcrumb\":{\"@id\":\"https:\\\/\\\/internationalbluecross.org\\\/de\\\/programme\\\/#breadcrumb\"},\"inLanguage\":\"de\",\"potentialAction\":[{\"@type\":\"ReadAction\",\"target\":[\"https:\\\/\\\/internationalbluecross.org\\\/de\\\/programme\\\/\"]}]},{\"@type\":\"BreadcrumbList\",\"@id\":\"https:\\\/\\\/internationalbluecross.org\\\/de\\\/programme\\\/#breadcrumb\",\"itemListElement\":[{\"@type\":\"ListItem\",\"position\":1,\"name\":\"Home\",\"item\":\"https:\\\/\\\/internationalbluecross.org\\\/de\\\/\"},{\"@type\":\"ListItem\",\"position\":2,\"name\":\"Programme\"}]},{\"@type\":\"WebSite\",\"@id\":\"https:\\\/\\\/internationalbluecross.org\\\/de\\\/#website\",\"url\":\"https:\\\/\\\/internationalbluecross.org\\\/de\\\/\",\"name\":\"International Blue Cross\",\"description\":\"Protecting People from being harmed by Alcohol and Drugs\",\"publisher\":{\"@id\":\"https:\\\/\\\/internationalbluecross.org\\\/de\\\/#organization\"},\"potentialAction\":[{\"@type\":\"SearchAction\",\"target\":{\"@type\":\"EntryPoint\",\"urlTemplate\":\"https:\\\/\\\/internationalbluecross.org\\\/de\\\/?s={search_term_string}\"},\"query-input\":{\"@type\":\"PropertyValueSpecification\",\"valueRequired\":true,\"valueName\":\"search_term_string\"}}],\"inLanguage\":\"de\"},{\"@type\":\"Organization\",\"@id\":\"https:\\\/\\\/internationalbluecross.org\\\/de\\\/#organization\",\"name\":\"International Blue Cross\",\"url\":\"https:\\\/\\\/internationalbluecross.org\\\/de\\\/\",\"logo\":{\"@type\":\"ImageObject\",\"inLanguage\":\"de\",\"@id\":\"https:\\\/\\\/internationalbluecross.org\\\/de\\\/#\\\/schema\\\/logo\\\/image\\\/\",\"url\":\"https:\\/\\/internationalbluecross.org\\/wp-content\\/uploads\\/2022\\/08\\/logo-donations-thanks-sm.jpg\",\"contentUrl\":\"https:\\/\\/internationalbluecross.org\\/wp-content\\/uploads\\/2022\\/08\\/logo-donations-thanks-sm.jpg\",\"width\":680,\"height\":400,\"caption\":\"International Blue Cross\"},\"image\":{\"@id\":\"https:\\\/\\\/internationalbluecross.org\\\/de\\\/#\\\/schema\\\/logo\\\/image\\\/\"},\"sameAs\":[\"https:\\\/\\\/www.facebook.com\\\/InternationalBlueCross\",\"https:\\\/\\\/x.com\\\/BlueCrossTweets\"]}]}<\/script>\n<!-- \/ Yoast SEO plugin. -->","yoast_head_json":{"title":"Programme - International Blue Cross","robots":{"index":"index","follow":"follow","max-snippet":"max-snippet:-1","max-image-preview":"max-image-preview:large","max-video-preview":"max-video-preview:-1"},"canonical":"https:\/\/internationalbluecross.org\/de\/programme\/","og_locale":"de_DE","og_type":"article","og_title":"Programme - International Blue Cross","og_description":"Programme St\u00e4rkung von gef\u00e4hrdeten Jugendlichen, Frauen und M\u00e4nnern in AfrikaFakten: Sch\u00e4digung durch Alkohol Weltweit verursacht der sch\u00e4dliche Konsum von Alkohol j\u00e4hrlich etwa 3,3 Millionen Todesf\u00e4lle. Das ist mehr als der Anteil der Todesf\u00e4lle durch HIV\/AIDS. Ausserdem wird immer deutlicher, dass Alkoholkonsum wesentlich zur Verbreitung von Infektionskrankheiten wie Tuberkulose, HIV\/AIDS und Lungenentz\u00fcndung beitr\u00e4gt. Neben diesen gesundheitlichen [&hellip;]","og_url":"https:\/\/internationalbluecross.org\/de\/programme\/","og_site_name":"International Blue Cross","article_publisher":"https:\/\/www.facebook.com\/InternationalBlueCross","article_modified_time":"2024-05-27T12:30:26+00:00","twitter_card":"summary_large_image","twitter_site":"@BlueCrossTweets","twitter_misc":{"Gesch\u00e4tzte Lesezeit":"5\u00a0Minuten"},"schema":{"@context":"https:\/\/schema.org","@graph":[{"@type":"WebPage","@id":"https:\/\/internationalbluecross.org\/de\/programme\/","url":"https:\/\/internationalbluecross.org\/de\/programme\/","name":"Programme - International Blue Cross","isPartOf":{"@id":"https:\/\/internationalbluecross.org\/de\/#website"},"datePublished":"2022-02-03T14:18:09+00:00","dateModified":"2024-05-27T12:30:26+00:00","breadcrumb":{"@id":"https:\/\/internationalbluecross.org\/de\/programme\/#breadcrumb"},"inLanguage":"de","potentialAction":[{"@type":"ReadAction","target":["https:\/\/internationalbluecross.org\/de\/programme\/"]}]},{"@type":"BreadcrumbList","@id":"https:\/\/internationalbluecross.org\/de\/programme\/#breadcrumb","itemListElement":[{"@type":"ListItem","position":1,"name":"Home","item":"https:\/\/internationalbluecross.org\/de\/"},{"@type":"ListItem","position":2,"name":"Programme"}]},{"@type":"WebSite","@id":"https:\/\/internationalbluecross.org\/de\/#website","url":"https:\/\/internationalbluecross.org\/de\/","name":"International Blue Cross","description":"Protecting People from being harmed by Alcohol and Drugs","publisher":{"@id":"https:\/\/internationalbluecross.org\/de\/#organization"},"potentialAction":[{"@type":"SearchAction","target":{"@type":"EntryPoint","urlTemplate":"https:\/\/internationalbluecross.org\/de\/?s={search_term_string}"},"query-input":{"@type":"PropertyValueSpecification","valueRequired":true,"valueName":"search_term_string"}}],"inLanguage":"de"},{"@type":"Organization","@id":"https:\/\/internationalbluecross.org\/de\/#organization","name":"International Blue Cross","url":"https:\/\/internationalbluecross.org\/de\/","logo":{"@type":"ImageObject","inLanguage":"de","@id":"https:\/\/internationalbluecross.org\/de\/#\/schema\/logo\/image\/","url":"https:\/\/mll3h1jyy9a5.i.optimole.com\/w:auto\/h:auto\/q:mauto\/ig:avif\/https:\/\/internationalbluecross.org\/wp-content\/uploads\/2022\/08\/logo-donations-thanks-sm.jpg","contentUrl":"https:\/\/mll3h1jyy9a5.i.optimole.com\/w:auto\/h:auto\/q:mauto\/ig:avif\/https:\/\/internationalbluecross.org\/wp-content\/uploads\/2022\/08\/logo-donations-thanks-sm.jpg","width":680,"height":400,"caption":"International Blue Cross"},"image":{"@id":"https:\/\/internationalbluecross.org\/de\/#\/schema\/logo\/image\/"},"sameAs":["https:\/\/www.facebook.com\/InternationalBlueCross","https:\/\/x.com\/BlueCrossTweets"]}]}},"campaignId":"","_links":{"self":[{"href":"https:\/\/internationalbluecross.org\/de\/wp-json\/wp\/v2\/pages\/1367","targetHints":{"allow":["GET"]}}],"collection":[{"href":"https:\/\/internationalbluecross.org\/de\/wp-json\/wp\/v2\/pages"}],"about":[{"href":"https:\/\/internationalbluecross.org\/de\/wp-json\/wp\/v2\/types\/page"}],"author":[{"embeddable":true,"href":"https:\/\/internationalbluecross.org\/de\/wp-json\/wp\/v2\/users\/2"}],"replies":[{"embeddable":true,"href":"https:\/\/internationalbluecross.org\/de\/wp-json\/wp\/v2\/comments?post=1367"}],"version-history":[{"count":5,"href":"https:\/\/internationalbluecross.org\/de\/wp-json\/wp\/v2\/pages\/1367\/revisions"}],"predecessor-version":[{"id":6240,"href":"https:\/\/internationalbluecross.org\/de\/wp-json\/wp\/v2\/pages\/1367\/revisions\/6240"}],"wp:attachment":[{"href":"https:\/\/internationalbluecross.org\/de\/wp-json\/wp\/v2\/media?parent=1367"}],"curies":[{"name":"wp","href":"https:\/\/api.w.org\/{rel}","templated":true}]}}