{"id":1318,"date":"2022-02-03T14:18:25","date_gmt":"2022-02-03T14:18:25","guid":{"rendered":"https:\/\/internationalbluecross.org\/unterstutzung\/freiwilligenarbeit\/"},"modified":"2026-02-19T10:48:48","modified_gmt":"2026-02-19T10:48:48","slug":"freiwilligenarbeit","status":"publish","type":"page","link":"https:\/\/internationalbluecross.org\/de\/unterstutzung\/freiwilligenarbeit\/","title":{"rendered":"Ehrenamt"},"content":{"rendered":"<p>[et_pb_section fb_built=&#8220;1&#8243; _builder_version=&#8220;4.16&#8243; _module_preset=&#8220;default&#8220; global_colors_info=&#8220;{}&#8220;][et_pb_row column_structure=&#8220;3_5,2_5&#8243; _builder_version=&#8220;4.16&#8243; _module_preset=&#8220;default&#8220; global_colors_info=&#8220;{}&#8220;][et_pb_column type=&#8220;3_5&#8243; _builder_version=&#8220;4.16&#8243; _module_preset=&#8220;default&#8220; global_colors_info=&#8220;{}&#8220;][et_pb_post_title meta=&#8220;off&#8220; featured_image=&#8220;off&#8220; _builder_version=&#8220;4.16&#8243; _module_preset=&#8220;default&#8220; title_font=&#8220;|700|on||||||&#8220; title_font_size=&#8220;38px&#8220; custom_margin=&#8220;||10px||false|false&#8220; global_colors_info=&#8220;{}&#8220;][\/et_pb_post_title][et_pb_text _builder_version=&#8220;4.21.0&#8243; _module_preset=&#8220;default&#8220; global_colors_info=&#8220;{}&#8220;]<\/p>\n<p id=\"e3749\">Do you want to work for a good cause in your free time, learn new things and work on exciting projects?<\/p>\n<p><strong>Support us as a volunteer!<\/strong><\/p>\n<p>As a volunteer at the IBC, you can take on exciting tasks and broaden your horizon. You can make a valuable contribution to achieving our vision: a world in which all people can lead a life without addiction.<\/p>\n<p id=\"e3750\">Together we define your tasks &#8211; you decide how much time you want to &#8222;donate&#8220; to us. Moreover, if you do not live near our headquarters in Bern, you can also support us from home. We are looking forward to international support from different countries and continents! Of course, we will provide you with a certificate for your commitment!<\/p>\n<p><strong>We are always looking for volunteers in the following areas:<\/strong><\/p>\n<p><strong>Fundraising:<\/strong><br \/>You would help us to generate donations, by picking up the phone and calling potential donors, for example. Together with the fundraising team, you would also discuss ways to generate new donations.<\/p>\n<p><strong>PR\/Communication:<\/strong><br \/>You would support us in the management of our social media channels, design project brochures, or maintain our online marketing activities such as Google AdWords.<\/p>\n<p><strong>Translation:<\/strong><br \/>You would help us to publish our communication media in several languages. For this, you have to be fluent in at least two of the following languages: German, English, French or Portuguese.<\/p>\n<p><strong>Administration:<\/strong><br \/>You would support us in activities related to administration, bookkeeping, finances and everything else that currently occurs in our office in Bern.<\/p>\n<p>[\/et_pb_text][\/et_pb_column][et_pb_column type=&#8220;2_5&#8243; _builder_version=&#8220;4.16&#8243; _module_preset=&#8220;default&#8220; background_color=&#8220;#efefef&#8220; global_colors_info=&#8220;{}&#8220;][et_pb_blurb title=&#8220;Interessiert? Kontaktieren Sie uns!&#8220; image=&#8220;https:\/\/mll3h1jyy9a5.i.optimole.com\/w:auto\/h:auto\/q:mauto\/ig:avif\/https:\/\/internationalbluecross.org\/wp-content\/uploads\/2026\/02\/Anne-picture-2-scaled.jpeg&#8220; _builder_version=&#8220;4.27.5&#8243; _module_preset=&#8220;default&#8220; header_line_height=&#8220;1.4em&#8220; custom_padding=&#8220;10px|10px|10px|10px|false|false&#8220; locked=&#8220;off&#8220; global_colors_info=&#8220;{}&#8220;]<\/p>\n<p>Wir freuen uns auf Ihren Lebenslauf, erz\u00e4hlen Sie uns von Ihren Qualifikationen oder F\u00e4higkeiten, die Sie mitbringen, Ihrer Verf\u00fcgbarkeit und in welcher Funktion Sie uns unterst\u00fctzen m\u00f6chten.<\/p>\n<p><span class=\"contact-info\"><span class=\"contact-name\"><b>Anne Babb<\/b><\/span><\/span><\/p>\n<p><strong>Generalsekret\u00e4rin<\/strong><\/p>\n<p>[\/et_pb_blurb][et_pb_button button_url=&#8220;mailto:%20 a.babb@internationalbluecross.org&#8220; button_text=&#8220;Email&#8220; button_alignment=&#8220;center&#8220; _builder_version=&#8220;4.27.5&#8243; _module_preset=&#8220;default&#8220; custom_button=&#8220;on&#8220; button_text_color=&#8220;#6A5C46&#8243; button_bg_color=&#8220;#d3d3d3&#8243; button_border_width=&#8220;0px&#8220; button_border_radius=&#8220;0px&#8220; button_icon=&#8220;&#xe010;||divi||400&#8243; button_icon_color=&#8220;#6a5c46&#8243; button_icon_placement=&#8220;left&#8220; button_on_hover=&#8220;off&#8220; custom_margin=&#8220;||||false|false&#8220; hover_enabled=&#8220;0&#8243; custom_css_main_element=&#8220;width: 100%;&#8220; locked=&#8220;off&#8220; global_colors_info=&#8220;{}&#8220; sticky_enabled=&#8220;0&#8243;][\/et_pb_button][\/et_pb_column][\/et_pb_row][et_pb_row _builder_version=&#8220;4.20.4&#8243; _module_preset=&#8220;default&#8220; global_colors_info=&#8220;{}&#8220;][et_pb_column type=&#8220;4_4&#8243; _builder_version=&#8220;4.20.4&#8243; _module_preset=&#8220;default&#8220; global_colors_info=&#8220;{}&#8220;][et_pb_text _builder_version=&#8220;4.20.4&#8243; _module_preset=&#8220;default&#8220; global_colors_info=&#8220;{}&#8220;]<\/p>\n<h1>Erfahrungsberichte<\/h1>\n<p>[\/et_pb_text][et_pb_post_slider posts_number=&#8220;50&#8243; include_categories=&#8220;41&#8243; show_pagination=&#8220;off&#8220; show_meta=&#8220;off&#8220; image_placement=&#8220;left&#8220; use_bg_overlay=&#8220;off&#8220; arrows_custom_color=&#8220;#145ca6&#8243; _builder_version=&#8220;4.21.0&#8243; _module_preset=&#8220;default&#8220; header_font=&#8220;|700|||||||&#8220; header_text_align=&#8220;left&#8220; header_font_size=&#8220;22px&#8220; body_font=&#8220;|600|||||||&#8220; background_color=&#8220;#c2d6e9&#8243; custom_button=&#8220;on&#8220; button_text_color=&#8220;#145ca6&#8243; text_orientation=&#8220;left&#8220; background_layout=&#8220;light&#8220; width=&#8220;80%&#8220; custom_padding=&#8220;40px|40px|40px|40px|true|true&#8220; border_radii_image=&#8220;on|50%|50%|50%|50%&#8220; border_width_all_image=&#8220;4px&#8220; border_color_all_image=&#8220;#145ca6&#8243; global_colors_info=&#8220;{}&#8220;][\/et_pb_post_slider][\/et_pb_column][\/et_pb_row][\/et_pb_section]<\/p>\n","protected":false},"excerpt":{"rendered":"<p>Do you want to work for a good cause in your free time, learn new things and work on exciting projects? Support us as a volunteer! As a volunteer at the IBC, you can take on exciting tasks and broaden your horizon. You can make a valuable contribution to achieving our vision: a world in [&hellip;]<\/p>\n","protected":false},"author":2,"featured_media":0,"parent":1276,"menu_order":0,"comment_status":"closed","ping_status":"closed","template":"","meta":{"give_campaign_id":0,"_et_pb_use_builder":"on","_et_pb_old_content":"","_et_gb_content_width":"","footnotes":""},"class_list":["post-1318","page","type-page","status-publish","hentry"],"yoast_head":"<!-- This site is optimized with the Yoast SEO plugin v27.6 - https:\/\/yoast.com\/product\/yoast-seo-wordpress\/ -->\n<title>Ehrenamt - International Blue Cross<\/title>\n<meta name=\"robots\" content=\"index, follow, max-snippet:-1, max-image-preview:large, max-video-preview:-1\" \/>\n<link rel=\"canonical\" href=\"https:\/\/internationalbluecross.org\/de\/unterstutzung\/freiwilligenarbeit\/\" \/>\n<meta property=\"og:locale\" content=\"de_DE\" \/>\n<meta property=\"og:type\" content=\"article\" \/>\n<meta property=\"og:title\" content=\"Ehrenamt - International Blue Cross\" \/>\n<meta property=\"og:description\" content=\"Do you want to work for a good cause in your free time, learn new things and work on exciting projects? Support us as a volunteer! As a volunteer at the IBC, you can take on exciting tasks and broaden your horizon. You can make a valuable contribution to achieving our vision: a world in [&hellip;]\" \/>\n<meta property=\"og:url\" content=\"https:\/\/internationalbluecross.org\/de\/unterstutzung\/freiwilligenarbeit\/\" \/>\n<meta property=\"og:site_name\" content=\"International Blue Cross\" \/>\n<meta property=\"article:publisher\" content=\"https:\/\/www.facebook.com\/InternationalBlueCross\" \/>\n<meta property=\"article:modified_time\" content=\"2026-02-19T10:48:48+00:00\" \/>\n<meta name=\"twitter:card\" content=\"summary_large_image\" \/>\n<meta name=\"twitter:site\" content=\"@BlueCrossTweets\" \/>\n<meta name=\"twitter:label1\" content=\"Gesch\u00e4tzte Lesezeit\" \/>\n\t<meta name=\"twitter:data1\" content=\"3\u00a0Minuten\" \/>\n<script type=\"application\/ld+json\" class=\"yoast-schema-graph\">{\"@context\":\"https:\\\/\\\/schema.org\",\"@graph\":[{\"@type\":\"WebPage\",\"@id\":\"https:\\\/\\\/internationalbluecross.org\\\/de\\\/unterstutzung\\\/freiwilligenarbeit\\\/\",\"url\":\"https:\\\/\\\/internationalbluecross.org\\\/de\\\/unterstutzung\\\/freiwilligenarbeit\\\/\",\"name\":\"Ehrenamt - International Blue Cross\",\"isPartOf\":{\"@id\":\"https:\\\/\\\/internationalbluecross.org\\\/de\\\/#website\"},\"datePublished\":\"2022-02-03T14:18:25+00:00\",\"dateModified\":\"2026-02-19T10:48:48+00:00\",\"breadcrumb\":{\"@id\":\"https:\\\/\\\/internationalbluecross.org\\\/de\\\/unterstutzung\\\/freiwilligenarbeit\\\/#breadcrumb\"},\"inLanguage\":\"de\",\"potentialAction\":[{\"@type\":\"ReadAction\",\"target\":[\"https:\\\/\\\/internationalbluecross.org\\\/de\\\/unterstutzung\\\/freiwilligenarbeit\\\/\"]}]},{\"@type\":\"BreadcrumbList\",\"@id\":\"https:\\\/\\\/internationalbluecross.org\\\/de\\\/unterstutzung\\\/freiwilligenarbeit\\\/#breadcrumb\",\"itemListElement\":[{\"@type\":\"ListItem\",\"position\":1,\"name\":\"Home\",\"item\":\"https:\\\/\\\/internationalbluecross.org\\\/de\\\/\"},{\"@type\":\"ListItem\",\"position\":2,\"name\":\"Unterst\u00fctzung\",\"item\":\"https:\\\/\\\/internationalbluecross.org\\\/de\\\/support\\\/\"},{\"@type\":\"ListItem\",\"position\":3,\"name\":\"Ehrenamt\"}]},{\"@type\":\"WebSite\",\"@id\":\"https:\\\/\\\/internationalbluecross.org\\\/de\\\/#website\",\"url\":\"https:\\\/\\\/internationalbluecross.org\\\/de\\\/\",\"name\":\"International Blue Cross\",\"description\":\"Protecting People from being harmed by Alcohol and Drugs\",\"publisher\":{\"@id\":\"https:\\\/\\\/internationalbluecross.org\\\/de\\\/#organization\"},\"potentialAction\":[{\"@type\":\"SearchAction\",\"target\":{\"@type\":\"EntryPoint\",\"urlTemplate\":\"https:\\\/\\\/internationalbluecross.org\\\/de\\\/?s={search_term_string}\"},\"query-input\":{\"@type\":\"PropertyValueSpecification\",\"valueRequired\":true,\"valueName\":\"search_term_string\"}}],\"inLanguage\":\"de\"},{\"@type\":\"Organization\",\"@id\":\"https:\\\/\\\/internationalbluecross.org\\\/de\\\/#organization\",\"name\":\"International Blue Cross\",\"url\":\"https:\\\/\\\/internationalbluecross.org\\\/de\\\/\",\"logo\":{\"@type\":\"ImageObject\",\"inLanguage\":\"de\",\"@id\":\"https:\\\/\\\/internationalbluecross.org\\\/de\\\/#\\\/schema\\\/logo\\\/image\\\/\",\"url\":\"https:\\/\\/internationalbluecross.org\\/wp-content\\/uploads\\/2022\\/08\\/logo-donations-thanks-sm.jpg\",\"contentUrl\":\"https:\\/\\/internationalbluecross.org\\/wp-content\\/uploads\\/2022\\/08\\/logo-donations-thanks-sm.jpg\",\"width\":680,\"height\":400,\"caption\":\"International Blue Cross\"},\"image\":{\"@id\":\"https:\\\/\\\/internationalbluecross.org\\\/de\\\/#\\\/schema\\\/logo\\\/image\\\/\"},\"sameAs\":[\"https:\\\/\\\/www.facebook.com\\\/InternationalBlueCross\",\"https:\\\/\\\/x.com\\\/BlueCrossTweets\"]}]}<\/script>\n<!-- \/ Yoast SEO plugin. -->","yoast_head_json":{"title":"Ehrenamt - International Blue Cross","robots":{"index":"index","follow":"follow","max-snippet":"max-snippet:-1","max-image-preview":"max-image-preview:large","max-video-preview":"max-video-preview:-1"},"canonical":"https:\/\/internationalbluecross.org\/de\/unterstutzung\/freiwilligenarbeit\/","og_locale":"de_DE","og_type":"article","og_title":"Ehrenamt - International Blue Cross","og_description":"Do you want to work for a good cause in your free time, learn new things and work on exciting projects? Support us as a volunteer! As a volunteer at the IBC, you can take on exciting tasks and broaden your horizon. You can make a valuable contribution to achieving our vision: a world in [&hellip;]","og_url":"https:\/\/internationalbluecross.org\/de\/unterstutzung\/freiwilligenarbeit\/","og_site_name":"International Blue Cross","article_publisher":"https:\/\/www.facebook.com\/InternationalBlueCross","article_modified_time":"2026-02-19T10:48:48+00:00","twitter_card":"summary_large_image","twitter_site":"@BlueCrossTweets","twitter_misc":{"Gesch\u00e4tzte Lesezeit":"3\u00a0Minuten"},"schema":{"@context":"https:\/\/schema.org","@graph":[{"@type":"WebPage","@id":"https:\/\/internationalbluecross.org\/de\/unterstutzung\/freiwilligenarbeit\/","url":"https:\/\/internationalbluecross.org\/de\/unterstutzung\/freiwilligenarbeit\/","name":"Ehrenamt - International Blue Cross","isPartOf":{"@id":"https:\/\/internationalbluecross.org\/de\/#website"},"datePublished":"2022-02-03T14:18:25+00:00","dateModified":"2026-02-19T10:48:48+00:00","breadcrumb":{"@id":"https:\/\/internationalbluecross.org\/de\/unterstutzung\/freiwilligenarbeit\/#breadcrumb"},"inLanguage":"de","potentialAction":[{"@type":"ReadAction","target":["https:\/\/internationalbluecross.org\/de\/unterstutzung\/freiwilligenarbeit\/"]}]},{"@type":"BreadcrumbList","@id":"https:\/\/internationalbluecross.org\/de\/unterstutzung\/freiwilligenarbeit\/#breadcrumb","itemListElement":[{"@type":"ListItem","position":1,"name":"Home","item":"https:\/\/internationalbluecross.org\/de\/"},{"@type":"ListItem","position":2,"name":"Unterst\u00fctzung","item":"https:\/\/internationalbluecross.org\/de\/support\/"},{"@type":"ListItem","position":3,"name":"Ehrenamt"}]},{"@type":"WebSite","@id":"https:\/\/internationalbluecross.org\/de\/#website","url":"https:\/\/internationalbluecross.org\/de\/","name":"International Blue Cross","description":"Protecting People from being harmed by Alcohol and Drugs","publisher":{"@id":"https:\/\/internationalbluecross.org\/de\/#organization"},"potentialAction":[{"@type":"SearchAction","target":{"@type":"EntryPoint","urlTemplate":"https:\/\/internationalbluecross.org\/de\/?s={search_term_string}"},"query-input":{"@type":"PropertyValueSpecification","valueRequired":true,"valueName":"search_term_string"}}],"inLanguage":"de"},{"@type":"Organization","@id":"https:\/\/internationalbluecross.org\/de\/#organization","name":"International Blue Cross","url":"https:\/\/internationalbluecross.org\/de\/","logo":{"@type":"ImageObject","inLanguage":"de","@id":"https:\/\/internationalbluecross.org\/de\/#\/schema\/logo\/image\/","url":"https:\/\/mll3h1jyy9a5.i.optimole.com\/w:auto\/h:auto\/q:mauto\/ig:avif\/https:\/\/internationalbluecross.org\/wp-content\/uploads\/2022\/08\/logo-donations-thanks-sm.jpg","contentUrl":"https:\/\/mll3h1jyy9a5.i.optimole.com\/w:auto\/h:auto\/q:mauto\/ig:avif\/https:\/\/internationalbluecross.org\/wp-content\/uploads\/2022\/08\/logo-donations-thanks-sm.jpg","width":680,"height":400,"caption":"International Blue Cross"},"image":{"@id":"https:\/\/internationalbluecross.org\/de\/#\/schema\/logo\/image\/"},"sameAs":["https:\/\/www.facebook.com\/InternationalBlueCross","https:\/\/x.com\/BlueCrossTweets"]}]}},"campaignId":"","_links":{"self":[{"href":"https:\/\/internationalbluecross.org\/de\/wp-json\/wp\/v2\/pages\/1318","targetHints":{"allow":["GET"]}}],"collection":[{"href":"https:\/\/internationalbluecross.org\/de\/wp-json\/wp\/v2\/pages"}],"about":[{"href":"https:\/\/internationalbluecross.org\/de\/wp-json\/wp\/v2\/types\/page"}],"author":[{"embeddable":true,"href":"https:\/\/internationalbluecross.org\/de\/wp-json\/wp\/v2\/users\/2"}],"replies":[{"embeddable":true,"href":"https:\/\/internationalbluecross.org\/de\/wp-json\/wp\/v2\/comments?post=1318"}],"version-history":[{"count":2,"href":"https:\/\/internationalbluecross.org\/de\/wp-json\/wp\/v2\/pages\/1318\/revisions"}],"predecessor-version":[{"id":7260,"href":"https:\/\/internationalbluecross.org\/de\/wp-json\/wp\/v2\/pages\/1318\/revisions\/7260"}],"up":[{"embeddable":true,"href":"https:\/\/internationalbluecross.org\/de\/wp-json\/wp\/v2\/pages\/1276"}],"wp:attachment":[{"href":"https:\/\/internationalbluecross.org\/de\/wp-json\/wp\/v2\/media?parent=1318"}],"curies":[{"name":"wp","href":"https:\/\/api.w.org\/{rel}","templated":true}]}}